{"id":549,"date":"2020-06-18T11:47:07","date_gmt":"2020-06-18T09:47:07","guid":{"rendered":"http:\/\/sofimediat.fr\/montcalm\/chambres\/"},"modified":"2025-11-03T10:58:07","modified_gmt":"2025-11-03T09:58:07","slug":"habitaciones","status":"publish","type":"page","link":"https:\/\/www.montcalmhotel.com\/es\/habitaciones\/","title":{"rendered":"Chambres"},"content":{"rendered":"\n\t<section class=\"section bg-section\" id=\"section_1897714754\">\n\t\t<div class=\"bg section-bg fill bg-fill  bg-loaded\" >\n\n\t\t\t\n\t\t\t\n\t\t\t\n\n\t\t<\/div>\n\n\t\t<div class=\"section-content relative\">\n\t\t\t\n\n<div class=\"row row-collapse\"  id=\"row-1101195461\">\n\n\n\t<div class=\"col small-12 large-12\"  >\n\t\t<div class=\"col-inner dark\" style=\"padding:30px 0px 0px 0px;margin:0px 0px 0 0px;\" >\n\t\t\t\n\t\t\t\n\n<h1 class=\"titre-home\" style=\"text-align: center;\"><strong>Nuestras habitaciones<\/strong><\/h1>\n<h2 style=\"text-align: center; font-style: italic;\">\u00ab Encantadoras y confortables \u00bb<\/h2>\n\n\t\t<\/div>\n\t<\/div>\n\n\t\n\n\n<style scope=\"scope\">\n\n<\/style>\n<\/div>\n\n\t\t<\/div>\n\n\t\t\n<style scope=\"scope\">\n\n#section_1897714754 {\n  padding-top: 0px;\n  padding-bottom: 0px;\n}\n<\/style>\n\t<\/section>\n\t\n\t<section class=\"section\" id=\"section_1420872815\">\n\t\t<div class=\"bg section-bg fill bg-fill  bg-loaded\" >\n\n\t\t\t\n\t\t\t\n\t\t\t\n\n\t\t<\/div>\n\n\t\t<div class=\"section-content relative\">\n\t\t\t\n\n<div class=\"row row-full-width align-center\"  id=\"row-1860855274\">\n\n\n\t<div class=\"col medium-6 small-12 large-4\"  >\n\t\t<div class=\"col-inner\"  >\n\t\t\t\n\t\t\t\n\n\t<div class=\"img has-hover x md-x lg-x y md-y lg-y\" id=\"image_185235112\">\n\t\t<a class=\"\" href=\"http:\/\/www.montcalmhotel.com\/es\/habitacion-individual\/\"  >\t\t\t\t\t\t<div class=\"img-inner image-grayscale image-cover box-shadow-3 dark\" style=\"padding-top:75%;\">\n\t\t\t<img decoding=\"async\" width=\"1020\" height=\"680\" src=\"https:\/\/www.montcalmhotel.com\/wp-content\/uploads\/2025\/10\/M19A7587-Modifier-1024x683.jpg\" class=\"attachment-large size-large\" alt=\"\" srcset=\"https:\/\/www.montcalmhotel.com\/wp-content\/uploads\/2025\/10\/M19A7587-Modifier-1024x683.jpg 1024w, https:\/\/www.montcalmhotel.com\/wp-content\/uploads\/2025\/10\/M19A7587-Modifier-300x200.jpg 300w, https:\/\/www.montcalmhotel.com\/wp-content\/uploads\/2025\/10\/M19A7587-Modifier-768x512.jpg 768w, https:\/\/www.montcalmhotel.com\/wp-content\/uploads\/2025\/10\/M19A7587-Modifier-1536x1024.jpg 1536w, https:\/\/www.montcalmhotel.com\/wp-content\/uploads\/2025\/10\/M19A7587-Modifier.jpg 2016w\" sizes=\"(max-width: 1020px) 100vw, 1020px\" \/>\t\t\t\t\t\t\n\t\t\t\t\t<\/div>\n\t\t\t\t\t\t<\/a>\t\t\n<style scope=\"scope\">\n\n#image_185235112 {\n  width: 100%;\n}\n<\/style>\n\t<\/div>\n\t\n\n<div class=\"row row-collapse row-full-width\"  id=\"row-439495478\">\n\n\n\t<div class=\"col medium-12 large-8\"  >\n\t\t<div class=\"col-inner\"  >\n\t\t\t\n\t\t\t\n\n<h1 class=\"titre-home\"><strong>Habitaci\u00f3n cl\u00e1sica doble<\/strong><\/h1>\n<p>2 personas<br \/>1 cama doble<\/p>\n\n\t\t<\/div>\n\t<\/div>\n\n\t\n\n\t<div class=\"col medium-12 large-4\"  >\n\t\t<div class=\"col-inner\"  >\n\t\t\t\n\t\t\t\n\n<a href=\"https:\/\/www.montcalmhotel.com\/es\/habitacion-clasica-doble\/\" target=\"_self\" class=\"button secondary is-outline is-smaller expand\"  style=\"border-radius:99px;\">\n    <span>M\u00e1s informaci\u00f3n<\/span>\n  <\/a>\n\n\n<a rel=\"noopener noreferrer\" href=\"https:\/\/www.secure-hotel-booking.com\/Hotel-Montcalm\/JHUJ\/es-ES?hotelId=30612\" target=\"_blank\" class=\"button primary is-smaller expand\"  style=\"border-radius:99px;\">\n    <span>Reservar<\/span>\n  <\/a>\n\n\n\n\t\t<\/div>\n\t<\/div>\n\n\t\n\n\n<style scope=\"scope\">\n\n<\/style>\n<\/div>\n\n\t\t<\/div>\n\t<\/div>\n\n\t\n\n\t<div class=\"col medium-6 small-12 large-4\"  >\n\t\t<div class=\"col-inner\"  >\n\t\t\t\n\t\t\t\n\n\t<div class=\"img has-hover x md-x lg-x y md-y lg-y\" id=\"image_1223288138\">\n\t\t<a class=\"\" href=\"http:\/\/www.montcalmhotel.com\/es\/habitacion-clasica\/\"  >\t\t\t\t\t\t<div class=\"img-inner image-grayscale image-cover box-shadow-3 dark\" style=\"padding-top:75%;\">\n\t\t\t<img decoding=\"async\" width=\"1020\" height=\"680\" src=\"https:\/\/www.montcalmhotel.com\/wp-content\/uploads\/2025\/10\/M19A7631-Modifier-1024x683.jpg\" class=\"attachment-large size-large\" alt=\"\" srcset=\"https:\/\/www.montcalmhotel.com\/wp-content\/uploads\/2025\/10\/M19A7631-Modifier-1024x683.jpg 1024w, https:\/\/www.montcalmhotel.com\/wp-content\/uploads\/2025\/10\/M19A7631-Modifier-300x200.jpg 300w, https:\/\/www.montcalmhotel.com\/wp-content\/uploads\/2025\/10\/M19A7631-Modifier-768x512.jpg 768w, https:\/\/www.montcalmhotel.com\/wp-content\/uploads\/2025\/10\/M19A7631-Modifier-1536x1024.jpg 1536w, https:\/\/www.montcalmhotel.com\/wp-content\/uploads\/2025\/10\/M19A7631-Modifier.jpg 2016w\" sizes=\"(max-width: 1020px) 100vw, 1020px\" \/>\t\t\t\t\t\t\n\t\t\t\t\t<\/div>\n\t\t\t\t\t\t<\/a>\t\t\n<style scope=\"scope\">\n\n#image_1223288138 {\n  width: 100%;\n}\n<\/style>\n\t<\/div>\n\t\n\n<div class=\"row row-collapse row-full-width\"  id=\"row-294825417\">\n\n\n\t<div class=\"col medium-12 large-8\"  >\n\t\t<div class=\"col-inner\"  >\n\t\t\t\n\t\t\t\n\n<h3>Habitaci\u00f3n cl\u00e1sica Twin<\/h3>\n<p>2 personas<br \/>1 cama doble\u00a0<\/p>\n\n\t\t<\/div>\n\t<\/div>\n\n\t\n\n\t<div class=\"col medium-12 large-4\"  >\n\t\t<div class=\"col-inner\"  >\n\t\t\t\n\t\t\t\n\n<a href=\"https:\/\/www.montcalmhotel.com\/es\/habitacion-clasica-twin\/\" target=\"_self\" class=\"button secondary is-outline is-smaller expand\"  style=\"border-radius:99px;\">\n    <span>M\u00e1s informaci\u00f3n<\/span>\n  <\/a>\n\n\n<a rel=\"noopener noreferrer\" href=\"https:\/\/www.secure-hotel-booking.com\/Hotel-Montcalm\/JHUJ\/es-ES?hotelId=30612\" target=\"_blank\" class=\"button primary is-smaller expand\"  style=\"border-radius:99px;\">\n    <span>Reservar<\/span>\n  <\/a>\n\n\n\n\t\t<\/div>\n\t<\/div>\n\n\t\n\n\n<style scope=\"scope\">\n\n<\/style>\n<\/div>\n\n\t\t<\/div>\n\t<\/div>\n\n\t\n\n\t<div class=\"col medium-6 small-12 large-4\"  >\n\t\t<div class=\"col-inner\"  >\n\t\t\t\n\t\t\t\n\n\t<div class=\"img has-hover x md-x lg-x y md-y lg-y\" id=\"image_1305713454\">\n\t\t<a class=\"\" href=\"http:\/\/www.montcalmhotel.com\/es\/habitacion-clasica-con-vistas-al-jardin\/\"  >\t\t\t\t\t\t<div class=\"img-inner image-grayscale image-cover box-shadow-3 dark\" style=\"padding-top:75%;\">\n\t\t\t<img decoding=\"async\" width=\"1020\" height=\"680\" src=\"https:\/\/www.montcalmhotel.com\/wp-content\/uploads\/2025\/10\/M19A7575-1-1024x683.jpg\" class=\"attachment-large size-large\" alt=\"\" srcset=\"https:\/\/www.montcalmhotel.com\/wp-content\/uploads\/2025\/10\/M19A7575-1-1024x683.jpg 1024w, https:\/\/www.montcalmhotel.com\/wp-content\/uploads\/2025\/10\/M19A7575-1-300x200.jpg 300w, https:\/\/www.montcalmhotel.com\/wp-content\/uploads\/2025\/10\/M19A7575-1-768x512.jpg 768w, https:\/\/www.montcalmhotel.com\/wp-content\/uploads\/2025\/10\/M19A7575-1-1536x1024.jpg 1536w, https:\/\/www.montcalmhotel.com\/wp-content\/uploads\/2025\/10\/M19A7575-1.jpg 2016w\" sizes=\"(max-width: 1020px) 100vw, 1020px\" \/>\t\t\t\t\t\t\n\t\t\t\t\t<\/div>\n\t\t\t\t\t\t<\/a>\t\t\n<style scope=\"scope\">\n\n#image_1305713454 {\n  width: 100%;\n}\n<\/style>\n\t<\/div>\n\t\n\n<div class=\"row row-collapse row-full-width\"  id=\"row-1628622848\">\n\n\n\t<div class=\"col medium-12 large-8\"  >\n\t\t<div class=\"col-inner\"  >\n\t\t\t\n\t\t\t\n\n<h3>Habitaci\u00f3n cl\u00e1sica vista al jardin<\/h3>\n<p>2 pers.onas<br \/>1 cama doble<\/p>\n\n\t\t<\/div>\n\t<\/div>\n\n\t\n\n\t<div class=\"col medium-12 large-4\"  >\n\t\t<div class=\"col-inner\"  >\n\t\t\t\n\t\t\t\n\n<a href=\"http:\/\/www.montcalmhotel.com\/es\/habitacion-clasica-con-vistas-al-jardin\/\" target=\"_self\" class=\"button secondary is-outline is-smaller expand\"  style=\"border-radius:99px;\">\n    <span>M\u00e1s informaci\u00f3n<\/span>\n  <\/a>\n\n\n<a rel=\"noopener noreferrer\" href=\"https:\/\/www.secure-hotel-booking.com\/Hotel-Montcalm\/JHUJ\/es-ES?hotelId=30612\" target=\"_blank\" class=\"button primary is-smaller expand\"  style=\"border-radius:99px;\">\n    <span>Reservar<\/span>\n  <\/a>\n\n\n\n\t\t<\/div>\n\t<\/div>\n\n\t\n\n\n<style scope=\"scope\">\n\n<\/style>\n<\/div>\n\n\t\t<\/div>\n\t<\/div>\n\n\t\n\n\t<div class=\"col medium-6 small-12 large-4\"  >\n\t\t<div class=\"col-inner\"  >\n\t\t\t\n\t\t\t\n\n\t<div class=\"img has-hover x md-x lg-x y md-y lg-y\" id=\"image_1742303246\">\n\t\t<a class=\"\" href=\"http:\/\/www.montcalmhotel.com\/es\/habitacion-doble-superior\/\"  >\t\t\t\t\t\t<div class=\"img-inner image-grayscale image-cover box-shadow-3 dark\" style=\"padding-top:75%;\">\n\t\t\t<img decoding=\"async\" width=\"1020\" height=\"680\" src=\"https:\/\/www.montcalmhotel.com\/wp-content\/uploads\/2025\/10\/M19A7734-Modifier-1-1024x683.jpg\" class=\"attachment-large size-large\" alt=\"\" srcset=\"https:\/\/www.montcalmhotel.com\/wp-content\/uploads\/2025\/10\/M19A7734-Modifier-1-1024x683.jpg 1024w, https:\/\/www.montcalmhotel.com\/wp-content\/uploads\/2025\/10\/M19A7734-Modifier-1-300x200.jpg 300w, https:\/\/www.montcalmhotel.com\/wp-content\/uploads\/2025\/10\/M19A7734-Modifier-1-768x512.jpg 768w, https:\/\/www.montcalmhotel.com\/wp-content\/uploads\/2025\/10\/M19A7734-Modifier-1-1536x1024.jpg 1536w, https:\/\/www.montcalmhotel.com\/wp-content\/uploads\/2025\/10\/M19A7734-Modifier-1.jpg 2016w\" sizes=\"(max-width: 1020px) 100vw, 1020px\" \/>\t\t\t\t\t\t\n\t\t\t\t\t<\/div>\n\t\t\t\t\t\t<\/a>\t\t\n<style scope=\"scope\">\n\n#image_1742303246 {\n  width: 100%;\n}\n<\/style>\n\t<\/div>\n\t\n\n<div class=\"row row-collapse row-full-width\"  id=\"row-1238049010\">\n\n\n\t<div class=\"col medium-12 large-8\"  >\n\t\t<div class=\"col-inner\"  >\n\t\t\t\n\t\t\t\n\n<h3>Habitaci\u00f3n doble superior<\/h3>\n<p>2 personas <br \/>1 cama doble o 2 camas individuales<\/p>\n\n\t\t<\/div>\n\t<\/div>\n\n\t\n\n\t<div class=\"col medium-12 large-4\"  >\n\t\t<div class=\"col-inner\"  >\n\t\t\t\n\t\t\t\n\n<a href=\"http:\/\/www.montcalmhotel.com\/es\/habitacion-doble-superior\/\" target=\"_self\" class=\"button secondary is-outline is-smaller expand\"  style=\"border-radius:99px;\">\n    <span>M\u00e1s informaci\u00f3n<\/span>\n  <\/a>\n\n\n<a rel=\"noopener noreferrer\" href=\"https:\/\/www.secure-hotel-booking.com\/Hotel-Montcalm\/JHUJ\/es-ES?hotelId=30612\" target=\"_blank\" class=\"button primary is-smaller expand\"  style=\"border-radius:99px;\">\n    <span>Reservar<\/span>\n  <\/a>\n\n\n\n\t\t<\/div>\n\t<\/div>\n\n\t\n\n\n<style scope=\"scope\">\n\n<\/style>\n<\/div>\n\n\t\t<\/div>\n\t<\/div>\n\n\t\n\n\t<div class=\"col medium-6 small-12 large-4\"  >\n\t\t<div class=\"col-inner\"  >\n\t\t\t\n\t\t\t\n\n\t<div class=\"img has-hover x md-x lg-x y md-y lg-y\" id=\"image_1301202907\">\n\t\t<a class=\"\" href=\"http:\/\/www.montcalmhotel.com\/es\/habitacion-familiar\/\"  >\t\t\t\t\t\t<div class=\"img-inner image-grayscale image-cover box-shadow-3 dark\" style=\"padding-top:75%;\">\n\t\t\t<img decoding=\"async\" width=\"1020\" height=\"680\" src=\"https:\/\/www.montcalmhotel.com\/wp-content\/uploads\/2025\/10\/M19A9213-1-1024x683.jpg\" class=\"attachment-large size-large\" alt=\"\" srcset=\"https:\/\/www.montcalmhotel.com\/wp-content\/uploads\/2025\/10\/M19A9213-1-1024x683.jpg 1024w, https:\/\/www.montcalmhotel.com\/wp-content\/uploads\/2025\/10\/M19A9213-1-300x200.jpg 300w, https:\/\/www.montcalmhotel.com\/wp-content\/uploads\/2025\/10\/M19A9213-1-768x512.jpg 768w, https:\/\/www.montcalmhotel.com\/wp-content\/uploads\/2025\/10\/M19A9213-1-1536x1024.jpg 1536w, https:\/\/www.montcalmhotel.com\/wp-content\/uploads\/2025\/10\/M19A9213-1.jpg 2016w\" sizes=\"(max-width: 1020px) 100vw, 1020px\" \/>\t\t\t\t\t\t\n\t\t\t\t\t<\/div>\n\t\t\t\t\t\t<\/a>\t\t\n<style scope=\"scope\">\n\n#image_1301202907 {\n  width: 100%;\n}\n<\/style>\n\t<\/div>\n\t\n\n<div class=\"row row-collapse row-full-width\"  id=\"row-176741406\">\n\n\n\t<div class=\"col medium-12 large-8\"  >\n\t\t<div class=\"col-inner\"  >\n\t\t\t\n\t\t\t\n\n<h3>Habitaci\u00f3n familiar<\/h3>\n<p>4 personas<br \/>1 cama doble y\/o 2 camas individuales<\/p>\n\n\t\t<\/div>\n\t<\/div>\n\n\t\n\n\t<div class=\"col medium-12 large-4\"  >\n\t\t<div class=\"col-inner\"  >\n\t\t\t\n\t\t\t\n\n<a href=\"http:\/\/www.montcalmhotel.com\/es\/habitacion-familiar\/\" target=\"_self\" class=\"button secondary is-outline is-smaller expand\"  style=\"border-radius:99px;\">\n    <span>M\u00e1s informaci\u00f3n<\/span>\n  <\/a>\n\n\n<a rel=\"noopener noreferrer\" href=\"https:\/\/www.secure-hotel-booking.com\/Hotel-Montcalm\/JHUJ\/es-ES?hotelId=30612\" target=\"_blank\" class=\"button primary is-smaller expand\"  style=\"border-radius:99px;\">\n    <span>Reservar<\/span>\n  <\/a>\n\n\n\n\t\t<\/div>\n\t<\/div>\n\n\t\n\n\n<style scope=\"scope\">\n\n<\/style>\n<\/div>\n\n\t\t<\/div>\n\t<\/div>\n\n\t\n\n\n<style scope=\"scope\">\n\n<\/style>\n<\/div>\n\n\t\t<\/div>\n\n\t\t\n<style scope=\"scope\">\n\n#section_1420872815 {\n  padding-top: 30px;\n  padding-bottom: 30px;\n}\n<\/style>\n\t<\/section>\n\t\n\n","protected":false},"excerpt":{"rendered":"","protected":false},"author":1,"featured_media":0,"parent":0,"menu_order":0,"comment_status":"closed","ping_status":"closed","template":"page-blank.php","meta":{"footnotes":""},"class_list":["post-549","page","type-page","status-publish","hentry"],"yoast_head":"<!-- This site is optimized with the Yoast SEO plugin v24.9 - https:\/\/yoast.com\/wordpress\/plugins\/seo\/ -->\n<title>Hotel Montcalm Par\u00eds *** | Hotel Par\u00eds 75015 | Habitaciones<\/title>\n<meta name=\"description\" content=\"Disponemos de habitaciones de 1 a 4 personas, tranquilas, c\u00f3modas y completamente equipadas con todos los servicios (wifi, aire acondicionado, televisi\u00f3n LCD, tel\u00e9fono).\" \/>\n<meta name=\"robots\" content=\"index, follow, max-snippet:-1, max-image-preview:large, max-video-preview:-1\" \/>\n<link rel=\"canonical\" href=\"https:\/\/www.montcalmhotel.com\/es\/habitaciones\/\" \/>\n<meta property=\"og:locale\" content=\"es_ES\" \/>\n<meta property=\"og:type\" content=\"article\" \/>\n<meta property=\"og:title\" content=\"Hotel Montcalm Par\u00eds *** | Hotel Par\u00eds 75015 | Habitaciones\" \/>\n<meta property=\"og:description\" content=\"Disponemos de habitaciones de 1 a 4 personas, tranquilas, c\u00f3modas y completamente equipadas con todos los servicios (wifi, aire acondicionado, televisi\u00f3n LCD, tel\u00e9fono).\" \/>\n<meta property=\"og:url\" content=\"https:\/\/www.montcalmhotel.com\/es\/habitaciones\/\" \/>\n<meta property=\"og:site_name\" content=\"H\u00f4tel Montcalm\" \/>\n<meta property=\"article:modified_time\" content=\"2025-11-03T09:58:07+00:00\" \/>\n<meta name=\"twitter:card\" content=\"summary_large_image\" \/>\n<meta name=\"twitter:label1\" content=\"Tiempo de lectura\" \/>\n\t<meta name=\"twitter:data1\" content=\"2 minutos\" \/>\n<script type=\"application\/ld+json\" class=\"yoast-schema-graph\">{\"@context\":\"https:\/\/schema.org\",\"@graph\":[{\"@type\":\"WebPage\",\"@id\":\"https:\/\/www.montcalmhotel.com\/es\/habitaciones\/\",\"url\":\"https:\/\/www.montcalmhotel.com\/es\/habitaciones\/\",\"name\":\"Hotel Montcalm Par\u00eds *** | Hotel Par\u00eds 75015 | Habitaciones\",\"isPartOf\":{\"@id\":\"https:\/\/www.montcalmhotel.com\/#website\"},\"datePublished\":\"2020-06-18T09:47:07+00:00\",\"dateModified\":\"2025-11-03T09:58:07+00:00\",\"description\":\"Disponemos de habitaciones de 1 a 4 personas, tranquilas, c\u00f3modas y completamente equipadas con todos los servicios (wifi, aire acondicionado, televisi\u00f3n LCD, tel\u00e9fono).\",\"breadcrumb\":{\"@id\":\"https:\/\/www.montcalmhotel.com\/es\/habitaciones\/#breadcrumb\"},\"inLanguage\":\"es\",\"potentialAction\":[{\"@type\":\"ReadAction\",\"target\":[\"https:\/\/www.montcalmhotel.com\/es\/habitaciones\/\"]}]},{\"@type\":\"BreadcrumbList\",\"@id\":\"https:\/\/www.montcalmhotel.com\/es\/habitaciones\/#breadcrumb\",\"itemListElement\":[{\"@type\":\"ListItem\",\"position\":1,\"name\":\"Accueil\",\"item\":\"https:\/\/www.montcalmhotel.com\/es\/\"},{\"@type\":\"ListItem\",\"position\":2,\"name\":\"Chambres\"}]},{\"@type\":\"WebSite\",\"@id\":\"https:\/\/www.montcalmhotel.com\/#website\",\"url\":\"https:\/\/www.montcalmhotel.com\/\",\"name\":\"H\u00f4tel Montcalm\",\"description\":\"Convivialit\u00e9, calme et \u00e9l\u00e9gance dans le centre de Paris\",\"potentialAction\":[{\"@type\":\"SearchAction\",\"target\":{\"@type\":\"EntryPoint\",\"urlTemplate\":\"https:\/\/www.montcalmhotel.com\/?s={search_term_string}\"},\"query-input\":{\"@type\":\"PropertyValueSpecification\",\"valueRequired\":true,\"valueName\":\"search_term_string\"}}],\"inLanguage\":\"es\"}]}<\/script>\n<!-- \/ Yoast SEO plugin. -->","yoast_head_json":{"title":"Hotel Montcalm Par\u00eds *** | Hotel Par\u00eds 75015 | Habitaciones","description":"Disponemos de habitaciones de 1 a 4 personas, tranquilas, c\u00f3modas y completamente equipadas con todos los servicios (wifi, aire acondicionado, televisi\u00f3n LCD, tel\u00e9fono).","robots":{"index":"index","follow":"follow","max-snippet":"max-snippet:-1","max-image-preview":"max-image-preview:large","max-video-preview":"max-video-preview:-1"},"canonical":"https:\/\/www.montcalmhotel.com\/es\/habitaciones\/","og_locale":"es_ES","og_type":"article","og_title":"Hotel Montcalm Par\u00eds *** | Hotel Par\u00eds 75015 | Habitaciones","og_description":"Disponemos de habitaciones de 1 a 4 personas, tranquilas, c\u00f3modas y completamente equipadas con todos los servicios (wifi, aire acondicionado, televisi\u00f3n LCD, tel\u00e9fono).","og_url":"https:\/\/www.montcalmhotel.com\/es\/habitaciones\/","og_site_name":"H\u00f4tel Montcalm","article_modified_time":"2025-11-03T09:58:07+00:00","twitter_card":"summary_large_image","twitter_misc":{"Tiempo de lectura":"2 minutos"},"schema":{"@context":"https:\/\/schema.org","@graph":[{"@type":"WebPage","@id":"https:\/\/www.montcalmhotel.com\/es\/habitaciones\/","url":"https:\/\/www.montcalmhotel.com\/es\/habitaciones\/","name":"Hotel Montcalm Par\u00eds *** | Hotel Par\u00eds 75015 | Habitaciones","isPartOf":{"@id":"https:\/\/www.montcalmhotel.com\/#website"},"datePublished":"2020-06-18T09:47:07+00:00","dateModified":"2025-11-03T09:58:07+00:00","description":"Disponemos de habitaciones de 1 a 4 personas, tranquilas, c\u00f3modas y completamente equipadas con todos los servicios (wifi, aire acondicionado, televisi\u00f3n LCD, tel\u00e9fono).","breadcrumb":{"@id":"https:\/\/www.montcalmhotel.com\/es\/habitaciones\/#breadcrumb"},"inLanguage":"es","potentialAction":[{"@type":"ReadAction","target":["https:\/\/www.montcalmhotel.com\/es\/habitaciones\/"]}]},{"@type":"BreadcrumbList","@id":"https:\/\/www.montcalmhotel.com\/es\/habitaciones\/#breadcrumb","itemListElement":[{"@type":"ListItem","position":1,"name":"Accueil","item":"https:\/\/www.montcalmhotel.com\/es\/"},{"@type":"ListItem","position":2,"name":"Chambres"}]},{"@type":"WebSite","@id":"https:\/\/www.montcalmhotel.com\/#website","url":"https:\/\/www.montcalmhotel.com\/","name":"H\u00f4tel Montcalm","description":"Convivialit\u00e9, calme et \u00e9l\u00e9gance dans le centre de Paris","potentialAction":[{"@type":"SearchAction","target":{"@type":"EntryPoint","urlTemplate":"https:\/\/www.montcalmhotel.com\/?s={search_term_string}"},"query-input":{"@type":"PropertyValueSpecification","valueRequired":true,"valueName":"search_term_string"}}],"inLanguage":"es"}]}},"_links":{"self":[{"href":"https:\/\/www.montcalmhotel.com\/es\/wp-json\/wp\/v2\/pages\/549","targetHints":{"allow":["GET"]}}],"collection":[{"href":"https:\/\/www.montcalmhotel.com\/es\/wp-json\/wp\/v2\/pages"}],"about":[{"href":"https:\/\/www.montcalmhotel.com\/es\/wp-json\/wp\/v2\/types\/page"}],"author":[{"embeddable":true,"href":"https:\/\/www.montcalmhotel.com\/es\/wp-json\/wp\/v2\/users\/1"}],"replies":[{"embeddable":true,"href":"https:\/\/www.montcalmhotel.com\/es\/wp-json\/wp\/v2\/comments?post=549"}],"version-history":[{"count":13,"href":"https:\/\/www.montcalmhotel.com\/es\/wp-json\/wp\/v2\/pages\/549\/revisions"}],"predecessor-version":[{"id":1347,"href":"https:\/\/www.montcalmhotel.com\/es\/wp-json\/wp\/v2\/pages\/549\/revisions\/1347"}],"wp:attachment":[{"href":"https:\/\/www.montcalmhotel.com\/es\/wp-json\/wp\/v2\/media?parent=549"}],"curies":[{"name":"wp","href":"https:\/\/api.w.org\/{rel}","templated":true}]}}