{"id":543,"date":"2020-06-29T15:56:42","date_gmt":"2020-06-29T13:56:42","guid":{"rendered":"http:\/\/sofimediat.fr\/montcalm\/chambre-classique\/"},"modified":"2025-11-03T11:03:19","modified_gmt":"2025-11-03T10:03:19","slug":"habitacion-clasica-doble","status":"publish","type":"page","link":"https:\/\/www.montcalmhotel.com\/es\/habitacion-clasica-doble\/","title":{"rendered":"Habitacion clasica Doble"},"content":{"rendered":"\n\t<section class=\"section\" id=\"section_619841576\">\n\t\t<div class=\"bg section-bg fill bg-fill  bg-loaded\" >\n\n\t\t\t\n\t\t\t<button class=\"scroll-for-more z-5 icon absolute bottom h-center\"><i class=\"icon-angle-down\" style=\"font-size:42px;\"><\/i><\/button>\n\t\t\t\n\n\t\t<\/div>\n\n\t\t<div class=\"section-content relative\">\n\t\t\t\n\n<div class=\"slider-wrapper relative hide-for-medium\" id=\"slider-778461383\" >\n    <div class=\"slider slider-type-fade slider-nav-circle slider-nav-large slider-nav-light slider-style-normal\"\n        data-flickity-options='{\n            \"cellAlign\": \"center\",\n            \"imagesLoaded\": true,\n            \"lazyLoad\": 1,\n            \"freeScroll\": false,\n            \"wrapAround\": true,\n            \"autoPlay\": 6000,\n            \"pauseAutoPlayOnHover\" : true,\n            \"prevNextButtons\": true,\n            \"contain\" : true,\n            \"adaptiveHeight\" : true,\n            \"dragThreshold\" : 10,\n            \"percentPosition\": true,\n            \"pageDots\": false,\n            \"rightToLeft\": false,\n            \"draggable\": true,\n            \"selectedAttraction\": 0.1,\n            \"parallax\" : 0,\n            \"friction\": 0.6        }'\n        >\n        \n\n\n  <div class=\"banner has-hover is-full-height\" id=\"banner-1689543545\">\n          <div class=\"banner-inner fill\">\n        <div class=\"banner-bg fill\" >\n            <div class=\"bg fill bg-fill \"><\/div>\n                                    \n                    <\/div>\n        <div class=\"banner-layers container\">\n            <div class=\"fill banner-link\"><\/div>            \n\n\n        <\/div>\n      <\/div>\n\n            \n<style scope=\"scope\">\n\n#banner-1689543545 {\n  padding-top: 100%;\n}\n#banner-1689543545 .bg.bg-loaded {\n  background-image: url(https:\/\/www.montcalmhotel.com\/wp-content\/uploads\/2025\/10\/M19A7587-Modifier.jpg);\n}\n<\/style>\n  <\/div>\n\n\n\n  <div class=\"banner has-hover is-full-height\" id=\"banner-1255075826\">\n          <div class=\"banner-inner fill\">\n        <div class=\"banner-bg fill\" >\n            <div class=\"bg fill bg-fill \"><\/div>\n                                    \n                    <\/div>\n        <div class=\"banner-layers container\">\n            <div class=\"fill banner-link\"><\/div>            \n\n\n        <\/div>\n      <\/div>\n\n            \n<style scope=\"scope\">\n\n#banner-1255075826 {\n  padding-top: 100%;\n}\n#banner-1255075826 .bg.bg-loaded {\n  background-image: url(https:\/\/www.montcalmhotel.com\/wp-content\/uploads\/2025\/10\/M19A7611-Modifier.jpg);\n}\n<\/style>\n  <\/div>\n\n\n\n  <div class=\"banner has-hover is-full-height\" id=\"banner-1771132036\">\n          <div class=\"banner-inner fill\">\n        <div class=\"banner-bg fill\" >\n            <div class=\"bg fill bg-fill \"><\/div>\n                                    \n                    <\/div>\n        <div class=\"banner-layers container\">\n            <div class=\"fill banner-link\"><\/div>            \n\n\n        <\/div>\n      <\/div>\n\n            \n<style scope=\"scope\">\n\n#banner-1771132036 {\n  padding-top: 100%;\n}\n#banner-1771132036 .bg.bg-loaded {\n  background-image: url(https:\/\/www.montcalmhotel.com\/wp-content\/uploads\/2025\/10\/M19A7808-Modifier.jpg);\n}\n<\/style>\n  <\/div>\n\n\n\n  <div class=\"banner has-hover is-full-height\" id=\"banner-1216660605\">\n          <div class=\"banner-inner fill\">\n        <div class=\"banner-bg fill\" >\n            <div class=\"bg fill bg-fill \"><\/div>\n                                    \n                    <\/div>\n        <div class=\"banner-layers container\">\n            <div class=\"fill banner-link\"><\/div>            \n\n\n        <\/div>\n      <\/div>\n\n            \n<style scope=\"scope\">\n\n#banner-1216660605 {\n  padding-top: 100%;\n}\n#banner-1216660605 .bg.bg-loaded {\n  background-image: url(https:\/\/www.montcalmhotel.com\/wp-content\/uploads\/2025\/10\/M19A7804-Modifier.jpg);\n}\n<\/style>\n  <\/div>\n\n\n\n     <\/div>\n\n     <div class=\"loading-spin dark large centered\"><\/div>\n\n     <style scope=\"scope\">\n             <\/style>\n<\/div>\n\n\n<div class=\"slider-wrapper relative show-for-medium\" id=\"slider-1283917356\" >\n    <div class=\"slider slider-type-fade slider-nav-circle slider-nav-large slider-nav-light slider-style-normal\"\n        data-flickity-options='{\n            \"cellAlign\": \"center\",\n            \"imagesLoaded\": true,\n            \"lazyLoad\": 1,\n            \"freeScroll\": false,\n            \"wrapAround\": true,\n            \"autoPlay\": 6000,\n            \"pauseAutoPlayOnHover\" : true,\n            \"prevNextButtons\": false,\n            \"contain\" : true,\n            \"adaptiveHeight\" : true,\n            \"dragThreshold\" : 10,\n            \"percentPosition\": true,\n            \"pageDots\": false,\n            \"rightToLeft\": false,\n            \"draggable\": true,\n            \"selectedAttraction\": 0.1,\n            \"parallax\" : 0,\n            \"friction\": 0.6        }'\n        >\n        \n\n\n  <div class=\"banner has-hover is-full-height\" id=\"banner-601715454\">\n          <div class=\"banner-inner fill\">\n        <div class=\"banner-bg fill\" >\n            <div class=\"bg fill bg-fill \"><\/div>\n                                    \n                    <\/div>\n        <div class=\"banner-layers container\">\n            <div class=\"fill banner-link\"><\/div>            \n\n\n        <\/div>\n      <\/div>\n\n            \n<style scope=\"scope\">\n\n#banner-601715454 {\n  padding-top: 99.99%;\n}\n#banner-601715454 .bg.bg-loaded {\n  background-image: 228;\n}\n\n\n@media (min-width:550px) {\n\n  #banner-601715454 {\n    padding-top: 56.25%;\n  }\n\n}\n\n\n@media (min-width:850px) {\n\n  #banner-601715454 {\n    padding-top: 100%;\n  }\n\n}\n<\/style>\n  <\/div>\n\n\n\n     <\/div>\n\n     <div class=\"loading-spin dark large centered\"><\/div>\n\n     <style scope=\"scope\">\n             <\/style>\n<\/div>\n\n\n\n\t\t<\/div>\n\n\t\t\n<style scope=\"scope\">\n\n#section_619841576 {\n  padding-top: 0px;\n  padding-bottom: 0px;\n}\n<\/style>\n\t<\/section>\n\t\n\t<section class=\"section bg-section\" id=\"section_777101828\">\n\t\t<div class=\"bg section-bg fill bg-fill  bg-loaded\" >\n\n\t\t\t\n\t\t\t\n\t\t\t\n\n\t\t<\/div>\n\n\t\t<div class=\"section-content relative\">\n\t\t\t\n\n<div class=\"row row-collapse\"  id=\"row-1606173702\">\n\n\n\t<div class=\"col small-12 large-12\"  >\n\t\t<div class=\"col-inner dark\" style=\"padding:0px 0px 0 0px;margin:0px 0px 0 0px;\" >\n\t\t\t\n\t\t\t\n\n<h1 class=\"titre-home\" style=\"text-align: center;\"><strong>Habitaci\u00f3n cl\u00e1sica doble<\/strong><\/h1>\n<h2 style=\"text-align: center; font-style: italic;\">2 personas &#8211; 1 camas doble o 2 camas individuales<\/h2>\n\n\t\t<\/div>\n\t<\/div>\n\n\t\n\n\n<style scope=\"scope\">\n\n<\/style>\n<\/div>\n\n\t\t<\/div>\n\n\t\t\n<style scope=\"scope\">\n\n#section_777101828 {\n  padding-top: 30px;\n  padding-bottom: 30px;\n}\n<\/style>\n\t<\/section>\n\t\n\t<section class=\"section\" id=\"section_752302452\">\n\t\t<div class=\"bg section-bg fill bg-fill  bg-loaded\" >\n\n\t\t\t\n\t\t\t\n\t\t\t\n\n\t\t<\/div>\n\n\t\t<div class=\"section-content relative\">\n\t\t\t\n\n<div class=\"row\"  id=\"row-276002005\">\n\n\n\t<div class=\"col medium-7 small-12 large-7\"  data-animate=\"fadeInLeft\">\n\t\t<div class=\"col-inner\" style=\"padding:10px 0px 0px 0px;\" >\n\t\t\t\n\t\t\t\n\n<p>Estas c\u00f3modas habitaciones de vista a la ciudad con cama doble o dos camas individuales est\u00e1n bien equipadas con aire acondicionado de control individual, wifi gratuito y un tel\u00e9fono de marcaci\u00f3n directa. <\/p>\n<p>La decoraci\u00f3n es contempor\u00e1nea con colores neutrales y suaves para poder dormir por la noche tranquilamente.<\/p>\n<a rel=\"noopener noreferrer\" href=\"https:\/\/www.secure-hotel-booking.com\/Hotel-Montcalm\/JHUJ\/es-ES?hotelId=30612\" target=\"_blank\" class=\"button primary is-underline expand\"  >\n    <span>Reserva tu habitaci\u00f3n<\/span>\n  <\/a>\n\n\n<div class=\"text-center\"><div class=\"is-divider divider clearfix\" style=\"max-width:0px;\"><\/div><\/div>\n\n\n  \n    <div class=\"row large-columns-2 medium-columns- small-columns-\">\n          <div class=\"gallery-col col\" >\n          <div class=\"col-inner\">\n            <a class=\"image-lightbox lightbox-gallery\" href=\"https:\/\/www.montcalmhotel.com\/wp-content\/uploads\/2025\/10\/M19A7741-Modifier.jpg\" title=\"\">            <div class=\"box has-hover gallery-box box-none\">\n              <div class=\"box-image image-grayscale box-shadow-3\" >\n                <img decoding=\"async\" width=\"300\" height=\"200\" src=\"https:\/\/www.montcalmhotel.com\/wp-content\/uploads\/2025\/10\/M19A7741-Modifier-300x200.jpg\" class=\"attachment-medium size-medium\" alt=\"\" ids=\"1123,1120,1129,1110\" style=\"none\" lightbox_image_size=\"original\" columns=\"2\" depth=\"3\" image_size=\"medium\" image_hover=\"grayscale\" srcset=\"https:\/\/www.montcalmhotel.com\/wp-content\/uploads\/2025\/10\/M19A7741-Modifier-300x200.jpg 300w, https:\/\/www.montcalmhotel.com\/wp-content\/uploads\/2025\/10\/M19A7741-Modifier-1024x683.jpg 1024w, https:\/\/www.montcalmhotel.com\/wp-content\/uploads\/2025\/10\/M19A7741-Modifier-768x512.jpg 768w, https:\/\/www.montcalmhotel.com\/wp-content\/uploads\/2025\/10\/M19A7741-Modifier-1536x1024.jpg 1536w, https:\/\/www.montcalmhotel.com\/wp-content\/uploads\/2025\/10\/M19A7741-Modifier.jpg 2016w\" sizes=\"(max-width: 300px) 100vw, 300px\" \/>                                                              <\/div>\n              <div class=\"box-text text-left\" >\n                 <p><\/p>\n              <\/div>\n            <\/div>\n            <\/a>          <\/div>\n         <\/div>\n                 <div class=\"gallery-col col\" >\n          <div class=\"col-inner\">\n            <a class=\"image-lightbox lightbox-gallery\" href=\"https:\/\/www.montcalmhotel.com\/wp-content\/uploads\/2025\/10\/M19A7611-Modifier.jpg\" title=\"\">            <div class=\"box has-hover gallery-box box-none\">\n              <div class=\"box-image image-grayscale box-shadow-3\" >\n                <img decoding=\"async\" width=\"300\" height=\"200\" src=\"https:\/\/www.montcalmhotel.com\/wp-content\/uploads\/2025\/10\/M19A7611-Modifier-300x200.jpg\" class=\"attachment-medium size-medium\" alt=\"\" ids=\"1123,1120,1129,1110\" style=\"none\" lightbox_image_size=\"original\" columns=\"2\" depth=\"3\" image_size=\"medium\" image_hover=\"grayscale\" srcset=\"https:\/\/www.montcalmhotel.com\/wp-content\/uploads\/2025\/10\/M19A7611-Modifier-300x200.jpg 300w, https:\/\/www.montcalmhotel.com\/wp-content\/uploads\/2025\/10\/M19A7611-Modifier-1024x683.jpg 1024w, https:\/\/www.montcalmhotel.com\/wp-content\/uploads\/2025\/10\/M19A7611-Modifier-768x512.jpg 768w, https:\/\/www.montcalmhotel.com\/wp-content\/uploads\/2025\/10\/M19A7611-Modifier-1536x1024.jpg 1536w, https:\/\/www.montcalmhotel.com\/wp-content\/uploads\/2025\/10\/M19A7611-Modifier.jpg 2016w\" sizes=\"(max-width: 300px) 100vw, 300px\" \/>                                                              <\/div>\n              <div class=\"box-text text-left\" >\n                 <p><\/p>\n              <\/div>\n            <\/div>\n            <\/a>          <\/div>\n         <\/div>\n                 <div class=\"gallery-col col\" >\n          <div class=\"col-inner\">\n            <a class=\"image-lightbox lightbox-gallery\" href=\"https:\/\/www.montcalmhotel.com\/wp-content\/uploads\/2025\/10\/M19A7804-Modifier.jpg\" title=\"\">            <div class=\"box has-hover gallery-box box-none\">\n              <div class=\"box-image image-grayscale box-shadow-3\" >\n                <img decoding=\"async\" width=\"300\" height=\"200\" src=\"https:\/\/www.montcalmhotel.com\/wp-content\/uploads\/2025\/10\/M19A7804-Modifier-300x200.jpg\" class=\"attachment-medium size-medium\" alt=\"\" ids=\"1123,1120,1129,1110\" style=\"none\" lightbox_image_size=\"original\" columns=\"2\" depth=\"3\" image_size=\"medium\" image_hover=\"grayscale\" srcset=\"https:\/\/www.montcalmhotel.com\/wp-content\/uploads\/2025\/10\/M19A7804-Modifier-300x200.jpg 300w, https:\/\/www.montcalmhotel.com\/wp-content\/uploads\/2025\/10\/M19A7804-Modifier-1024x683.jpg 1024w, https:\/\/www.montcalmhotel.com\/wp-content\/uploads\/2025\/10\/M19A7804-Modifier-768x512.jpg 768w, https:\/\/www.montcalmhotel.com\/wp-content\/uploads\/2025\/10\/M19A7804-Modifier-1536x1024.jpg 1536w, https:\/\/www.montcalmhotel.com\/wp-content\/uploads\/2025\/10\/M19A7804-Modifier.jpg 2016w\" sizes=\"(max-width: 300px) 100vw, 300px\" \/>                                                              <\/div>\n              <div class=\"box-text text-left\" >\n                 <p><\/p>\n              <\/div>\n            <\/div>\n            <\/a>          <\/div>\n         <\/div>\n                 <div class=\"gallery-col col\" >\n          <div class=\"col-inner\">\n            <a class=\"image-lightbox lightbox-gallery\" href=\"https:\/\/www.montcalmhotel.com\/wp-content\/uploads\/2025\/10\/M19A7808-Modifier.jpg\" title=\"\">            <div class=\"box has-hover gallery-box box-none\">\n              <div class=\"box-image image-grayscale box-shadow-3\" >\n                <img decoding=\"async\" width=\"300\" height=\"200\" src=\"https:\/\/www.montcalmhotel.com\/wp-content\/uploads\/2025\/10\/M19A7808-Modifier-300x200.jpg\" class=\"attachment-medium size-medium\" alt=\"\" ids=\"1123,1120,1129,1110\" style=\"none\" lightbox_image_size=\"original\" columns=\"2\" depth=\"3\" image_size=\"medium\" image_hover=\"grayscale\" srcset=\"https:\/\/www.montcalmhotel.com\/wp-content\/uploads\/2025\/10\/M19A7808-Modifier-300x200.jpg 300w, https:\/\/www.montcalmhotel.com\/wp-content\/uploads\/2025\/10\/M19A7808-Modifier-1024x683.jpg 1024w, https:\/\/www.montcalmhotel.com\/wp-content\/uploads\/2025\/10\/M19A7808-Modifier-768x512.jpg 768w, https:\/\/www.montcalmhotel.com\/wp-content\/uploads\/2025\/10\/M19A7808-Modifier-1536x1024.jpg 1536w, https:\/\/www.montcalmhotel.com\/wp-content\/uploads\/2025\/10\/M19A7808-Modifier.jpg 2016w\" sizes=\"(max-width: 300px) 100vw, 300px\" \/>                                                              <\/div>\n              <div class=\"box-text text-left\" >\n                 <p><\/p>\n              <\/div>\n            <\/div>\n            <\/a>          <\/div>\n         <\/div>\n         <\/div>\n\n\n\t\t<\/div>\n\t<\/div>\n\n\t\n\n\t<div class=\"col medium-5 small-12 large-5\"  data-animate=\"fadeInRight\">\n\t\t<div class=\"col-inner box-shadow-3 dark\" style=\"background-color:#1a5577;padding:10px 10px 10px 10px;border-radius:10px;\" >\n\t\t\t\n\t\t\t\n\n<h3 style=\"color: #ffffff!important;\">Servicios<\/h3>\n<ul>\n<li>13 &#8211; 14 m2<\/li>\n<li>Aire acondicionado<\/li>\n<li>Bandeja de bienvenida<\/li>\n<li>Room service<\/li>\n<li>Televisi\u00f3n de pantalla plana<\/li>\n<li>Canales de televisi\u00f3n por sat\u00e9lite<\/li>\n<li>CANAL+<\/li>\n<li>Escritorio<\/li>\n<li>Tel\u00e9fono de marcaci\u00f3n directa<\/li>\n<li>Ducha o ba\u00f1era<\/li>\n<li>Secador decabello<\/li>\n<li>Caja fuerte para computador port\u00e1til<\/li>\n<li>Servicio de despertador<\/li>\n<li>Wifi gratuito<\/li>\n<li>No fumadores<\/li>\n<li>Botella de agua gratis en la habitaci\u00f3n.<\/li>\n<li>Servicio de lavander\u00eda<\/li>\n<\/ul>\n\n\t\t<\/div>\n\t<\/div>\n\n\t\n\n<\/div>\n\n\t\t<\/div>\n\n\t\t\n<style scope=\"scope\">\n\n#section_752302452 {\n  padding-top: 0px;\n  padding-bottom: 0px;\n}\n<\/style>\n\t<\/section>\n\t\n\n","protected":false},"excerpt":{"rendered":"","protected":false},"author":1,"featured_media":0,"parent":0,"menu_order":0,"comment_status":"closed","ping_status":"closed","template":"page-transparent-header.php","meta":{"footnotes":""},"class_list":["post-543","page","type-page","status-publish","hentry"],"yoast_head":"<!-- This site is optimized with the Yoast SEO plugin v24.9 - https:\/\/yoast.com\/wordpress\/plugins\/seo\/ -->\n<title>Habitaci\u00f3n cl\u00e1sica - Hotel Montcalm Paris 75015<\/title>\n<meta name=\"description\" content=\"Disponemos de habitaciones de 1 a 4 personas, tranquilas, c\u00f3modas y completamente equipadas con todos los servicios (wifi, aire acondicionado, televisi\u00f3n LCD, tel\u00e9fono).\" \/>\n<meta name=\"robots\" content=\"index, follow, max-snippet:-1, max-image-preview:large, max-video-preview:-1\" \/>\n<link rel=\"canonical\" href=\"https:\/\/www.montcalmhotel.com\/es\/habitacion-clasica-doble\/\" \/>\n<meta property=\"og:locale\" content=\"es_ES\" \/>\n<meta property=\"og:type\" content=\"article\" \/>\n<meta property=\"og:title\" content=\"Habitaci\u00f3n cl\u00e1sica - Hotel Montcalm Paris 75015\" \/>\n<meta property=\"og:description\" content=\"Disponemos de habitaciones de 1 a 4 personas, tranquilas, c\u00f3modas y completamente equipadas con todos los servicios (wifi, aire acondicionado, televisi\u00f3n LCD, tel\u00e9fono).\" \/>\n<meta property=\"og:url\" content=\"https:\/\/www.montcalmhotel.com\/es\/habitacion-clasica-doble\/\" \/>\n<meta property=\"og:site_name\" content=\"H\u00f4tel Montcalm\" \/>\n<meta property=\"article:modified_time\" content=\"2025-11-03T10:03:19+00:00\" \/>\n<meta name=\"twitter:card\" content=\"summary_large_image\" \/>\n<meta name=\"twitter:label1\" content=\"Tiempo de lectura\" \/>\n\t<meta name=\"twitter:data1\" content=\"2 minutos\" \/>\n<script type=\"application\/ld+json\" class=\"yoast-schema-graph\">{\"@context\":\"https:\/\/schema.org\",\"@graph\":[{\"@type\":\"WebPage\",\"@id\":\"https:\/\/www.montcalmhotel.com\/es\/habitacion-clasica-doble\/\",\"url\":\"https:\/\/www.montcalmhotel.com\/es\/habitacion-clasica-doble\/\",\"name\":\"Habitaci\u00f3n cl\u00e1sica - Hotel Montcalm Paris 75015\",\"isPartOf\":{\"@id\":\"https:\/\/www.montcalmhotel.com\/#website\"},\"datePublished\":\"2020-06-29T13:56:42+00:00\",\"dateModified\":\"2025-11-03T10:03:19+00:00\",\"description\":\"Disponemos de habitaciones de 1 a 4 personas, tranquilas, c\u00f3modas y completamente equipadas con todos los servicios (wifi, aire acondicionado, televisi\u00f3n LCD, tel\u00e9fono).\",\"breadcrumb\":{\"@id\":\"https:\/\/www.montcalmhotel.com\/es\/habitacion-clasica-doble\/#breadcrumb\"},\"inLanguage\":\"es\",\"potentialAction\":[{\"@type\":\"ReadAction\",\"target\":[\"https:\/\/www.montcalmhotel.com\/es\/habitacion-clasica-doble\/\"]}]},{\"@type\":\"BreadcrumbList\",\"@id\":\"https:\/\/www.montcalmhotel.com\/es\/habitacion-clasica-doble\/#breadcrumb\",\"itemListElement\":[{\"@type\":\"ListItem\",\"position\":1,\"name\":\"Accueil\",\"item\":\"https:\/\/www.montcalmhotel.com\/es\/\"},{\"@type\":\"ListItem\",\"position\":2,\"name\":\"Habitacion clasica Doble\"}]},{\"@type\":\"WebSite\",\"@id\":\"https:\/\/www.montcalmhotel.com\/#website\",\"url\":\"https:\/\/www.montcalmhotel.com\/\",\"name\":\"H\u00f4tel Montcalm\",\"description\":\"Convivialit\u00e9, calme et \u00e9l\u00e9gance dans le centre de Paris\",\"potentialAction\":[{\"@type\":\"SearchAction\",\"target\":{\"@type\":\"EntryPoint\",\"urlTemplate\":\"https:\/\/www.montcalmhotel.com\/?s={search_term_string}\"},\"query-input\":{\"@type\":\"PropertyValueSpecification\",\"valueRequired\":true,\"valueName\":\"search_term_string\"}}],\"inLanguage\":\"es\"}]}<\/script>\n<!-- \/ Yoast SEO plugin. -->","yoast_head_json":{"title":"Habitaci\u00f3n cl\u00e1sica - Hotel Montcalm Paris 75015","description":"Disponemos de habitaciones de 1 a 4 personas, tranquilas, c\u00f3modas y completamente equipadas con todos los servicios (wifi, aire acondicionado, televisi\u00f3n LCD, tel\u00e9fono).","robots":{"index":"index","follow":"follow","max-snippet":"max-snippet:-1","max-image-preview":"max-image-preview:large","max-video-preview":"max-video-preview:-1"},"canonical":"https:\/\/www.montcalmhotel.com\/es\/habitacion-clasica-doble\/","og_locale":"es_ES","og_type":"article","og_title":"Habitaci\u00f3n cl\u00e1sica - Hotel Montcalm Paris 75015","og_description":"Disponemos de habitaciones de 1 a 4 personas, tranquilas, c\u00f3modas y completamente equipadas con todos los servicios (wifi, aire acondicionado, televisi\u00f3n LCD, tel\u00e9fono).","og_url":"https:\/\/www.montcalmhotel.com\/es\/habitacion-clasica-doble\/","og_site_name":"H\u00f4tel Montcalm","article_modified_time":"2025-11-03T10:03:19+00:00","twitter_card":"summary_large_image","twitter_misc":{"Tiempo de lectura":"2 minutos"},"schema":{"@context":"https:\/\/schema.org","@graph":[{"@type":"WebPage","@id":"https:\/\/www.montcalmhotel.com\/es\/habitacion-clasica-doble\/","url":"https:\/\/www.montcalmhotel.com\/es\/habitacion-clasica-doble\/","name":"Habitaci\u00f3n cl\u00e1sica - Hotel Montcalm Paris 75015","isPartOf":{"@id":"https:\/\/www.montcalmhotel.com\/#website"},"datePublished":"2020-06-29T13:56:42+00:00","dateModified":"2025-11-03T10:03:19+00:00","description":"Disponemos de habitaciones de 1 a 4 personas, tranquilas, c\u00f3modas y completamente equipadas con todos los servicios (wifi, aire acondicionado, televisi\u00f3n LCD, tel\u00e9fono).","breadcrumb":{"@id":"https:\/\/www.montcalmhotel.com\/es\/habitacion-clasica-doble\/#breadcrumb"},"inLanguage":"es","potentialAction":[{"@type":"ReadAction","target":["https:\/\/www.montcalmhotel.com\/es\/habitacion-clasica-doble\/"]}]},{"@type":"BreadcrumbList","@id":"https:\/\/www.montcalmhotel.com\/es\/habitacion-clasica-doble\/#breadcrumb","itemListElement":[{"@type":"ListItem","position":1,"name":"Accueil","item":"https:\/\/www.montcalmhotel.com\/es\/"},{"@type":"ListItem","position":2,"name":"Habitacion clasica Doble"}]},{"@type":"WebSite","@id":"https:\/\/www.montcalmhotel.com\/#website","url":"https:\/\/www.montcalmhotel.com\/","name":"H\u00f4tel Montcalm","description":"Convivialit\u00e9, calme et \u00e9l\u00e9gance dans le centre de Paris","potentialAction":[{"@type":"SearchAction","target":{"@type":"EntryPoint","urlTemplate":"https:\/\/www.montcalmhotel.com\/?s={search_term_string}"},"query-input":{"@type":"PropertyValueSpecification","valueRequired":true,"valueName":"search_term_string"}}],"inLanguage":"es"}]}},"_links":{"self":[{"href":"https:\/\/www.montcalmhotel.com\/es\/wp-json\/wp\/v2\/pages\/543","targetHints":{"allow":["GET"]}}],"collection":[{"href":"https:\/\/www.montcalmhotel.com\/es\/wp-json\/wp\/v2\/pages"}],"about":[{"href":"https:\/\/www.montcalmhotel.com\/es\/wp-json\/wp\/v2\/types\/page"}],"author":[{"embeddable":true,"href":"https:\/\/www.montcalmhotel.com\/es\/wp-json\/wp\/v2\/users\/1"}],"replies":[{"embeddable":true,"href":"https:\/\/www.montcalmhotel.com\/es\/wp-json\/wp\/v2\/comments?post=543"}],"version-history":[{"count":10,"href":"https:\/\/www.montcalmhotel.com\/es\/wp-json\/wp\/v2\/pages\/543\/revisions"}],"predecessor-version":[{"id":1348,"href":"https:\/\/www.montcalmhotel.com\/es\/wp-json\/wp\/v2\/pages\/543\/revisions\/1348"}],"wp:attachment":[{"href":"https:\/\/www.montcalmhotel.com\/es\/wp-json\/wp\/v2\/media?parent=543"}],"curies":[{"name":"wp","href":"https:\/\/api.w.org\/{rel}","templated":true}]}}