{"id":542,"date":"2020-06-30T09:54:25","date_gmt":"2020-06-30T07:54:25","guid":{"rendered":"http:\/\/sofimediat.fr\/montcalm\/business\/"},"modified":"2025-11-03T15:24:41","modified_gmt":"2025-11-03T14:24:41","slug":"negocio","status":"publish","type":"page","link":"https:\/\/www.montcalmhotel.com\/es\/negocio\/","title":{"rendered":"Business"},"content":{"rendered":"\n\t<section class=\"section bg-section\" id=\"section_1827162105\">\n\t\t<div class=\"bg section-bg fill bg-fill  bg-loaded\" >\n\n\t\t\t\n\t\t\t\n\t\t\t\n\n\t\t<\/div>\n\n\t\t<div class=\"section-content relative\">\n\t\t\t\n\n<div class=\"row row-collapse\"  id=\"row-750998614\">\n\n\n\t<div class=\"col small-12 large-12\"  >\n\t\t<div class=\"col-inner dark\" style=\"padding:0px 0px 0 0px;margin:0px 0px 0 0px;\" >\n\t\t\t\n\t\t\t\n\n<h1 class=\"titre-home\" style=\"text-align: center;\"><strong>H\u00f4tel Montcalm <\/strong><\/h1>\n<h2 style=\"text-align: center; font-style: italic;\">Nous vous accompagnons pour bien g\u00e9rer<br \/>\nvos d\u00e9placements \u00ab professionnels \u00bb<br \/>\n<\/h2>\n\n\t\t<\/div>\n\t<\/div>\n\n\t\n\n\n<style scope=\"scope\">\n\n<\/style>\n<\/div>\n\n\t\t<\/div>\n\n\t\t\n<style scope=\"scope\">\n\n#section_1827162105 {\n  padding-top: 30px;\n  padding-bottom: 30px;\n}\n<\/style>\n\t<\/section>\n\t\n\t<section class=\"section\" id=\"section_1461389688\">\n\t\t<div class=\"bg section-bg fill bg-fill  \" >\n\n\t\t\t\n\t\t\t\n\t\t\t\n\n\t\t<\/div>\n\n\t\t<div class=\"section-content relative\">\n\t\t\t\n\n\n\t\t<\/div>\n\n\t\t\n<style scope=\"scope\">\n\n#section_1461389688 {\n  padding-top: 0px;\n  padding-bottom: 0px;\n  margin-bottom: 0px;\n  min-height: 250px;\n}\n#section_1461389688 .section-bg.bg-loaded {\n  background-image: url(https:\/\/www.montcalmhotel.com\/wp-content\/uploads\/2025\/10\/M19A9261.jpg);\n}\n#section_1461389688 .section-bg {\n  background-position: 30% 56%;\n}\n<\/style>\n\t<\/section>\n\t\n\t<section class=\"section\" id=\"section_1409783756\">\n\t\t<div class=\"bg section-bg fill bg-fill  bg-loaded\" >\n\n\t\t\t\n\t\t\t\n\t\t\t\n\n\t\t<\/div>\n\n\t\t<div class=\"section-content relative\">\n\t\t\t\n\n<div class=\"row\"  id=\"row-1367572450\">\n\n\n\t<div class=\"col medium-7 small-12 large-7\"  data-animate=\"fadeInLeft\">\n\t\t<div class=\"col-inner\"  >\n\t\t\t\n\t\t\t\n\n<p>En effectuant vos r\u00e9servations directement aupr\u00e8s de l\u2019h\u00f4tel, vous allez b\u00e9n\u00e9ficier des <strong>meilleurs tarifs <\/strong>que <strong>seule notre \u00e9quipe peut vous garantir <\/strong><\/p>\n<p><strong>Pour cela appeler le +33 1 45 54 97 27&nbsp;|&nbsp; Ou contacter <\/strong><a href=\"mailto:info@montcalmhotel.com\"><strong>info@montcalmhotel.com<\/strong><\/a><\/p>\n<ul>\n<li>Une \u00e9quipe 24\/24 et 7\/7 qui r\u00e9pond \u00e0 vos demandes et qui conna\u00eet vos pr\u00e9f\u00e9rences.<\/li>\n<li>Wifi <strong>gratuit<\/strong> et illimit\u00e9 afin que vous restiez connect\u00e9s.<\/li>\n<li>Une facturation claire <strong>sans frais de dossier additionnels<\/strong><\/li>\n<li><em>D\u00e8s que nous avons la prise en charge soci\u00e9t\u00e9, une garantie CB sera demand\u00e9e uniquement pour les extras.<\/em><\/li>\n<li>Pr\u00e9sentation et libell\u00e9 de votre facture selon les proc\u00e9dures comptables de votre soci\u00e9t\u00e9 et envoi par email<\/li>\n<li><strong>Priorit\u00e9 sur liste d\u2019attente<\/strong> en p\u00e9riode charg\u00e9e, possibilit\u00e9 de prise d\u2019option, early check-in et late check-out\u2026 en fonction des disponibilit\u00e9s.<\/li>\n<li><strong>Partenariat \u00e0 l\u2019ann\u00e9e<\/strong> offrant des <strong>r\u00e9ductions exclusives<\/strong> si vous \u00eates plusieurs coll\u00e8gues \u00e0 vous d\u00e9placer r\u00e9guli\u00e8rement via un code ou contrat <strong>d\u00e9di\u00e9 uniquement \u00e0 votre entreprise<\/strong><\/li>\n<li><strong>Business corner avec PC connect\u00e9 et imprimante<\/strong><\/li>\n<\/ul>\n\n\t\t<\/div>\n\t<\/div>\n\n\t\n\n\t<div class=\"col medium-5 small-12 large-5\"  data-animate=\"fadeInRight\">\n\t\t<div class=\"col-inner\"  >\n\t\t\t\n\t\t\t\n\n\t<div class=\"img has-hover x md-x lg-x y md-y lg-y\" id=\"image_1508603493\">\n\t\t<a class=\"\" href=\"#\"  >\t\t\t\t\t\t<div class=\"img-inner image-grayscale box-shadow-3 dark\" style=\"margin:0px 0px 30px 0px;\">\n\t\t\t<img decoding=\"async\" width=\"1020\" height=\"680\" src=\"https:\/\/www.montcalmhotel.com\/wp-content\/uploads\/2025\/10\/M19A9225-1024x683.jpg\" class=\"attachment-large size-large\" alt=\"\" srcset=\"https:\/\/www.montcalmhotel.com\/wp-content\/uploads\/2025\/10\/M19A9225-1024x683.jpg 1024w, https:\/\/www.montcalmhotel.com\/wp-content\/uploads\/2025\/10\/M19A9225-300x200.jpg 300w, https:\/\/www.montcalmhotel.com\/wp-content\/uploads\/2025\/10\/M19A9225-768x512.jpg 768w, https:\/\/www.montcalmhotel.com\/wp-content\/uploads\/2025\/10\/M19A9225-1536x1024.jpg 1536w, https:\/\/www.montcalmhotel.com\/wp-content\/uploads\/2025\/10\/M19A9225.jpg 2016w\" sizes=\"(max-width: 1020px) 100vw, 1020px\" \/>\t\t\t\t\t\t\n\t\t\t\t\t<\/div>\n\t\t\t\t\t\t<\/a>\t\t\n<style scope=\"scope\">\n\n#image_1508603493 {\n  width: 100%;\n}\n<\/style>\n\t<\/div>\n\t\n\n\t<div class=\"img has-hover x md-x lg-x y md-y lg-y\" id=\"image_363538750\">\n\t\t<a class=\"\" href=\"#\"  >\t\t\t\t\t\t<div class=\"img-inner image-grayscale box-shadow-3 dark\" style=\"margin:0px 0px 30px 0px;\">\n\t\t\t<img decoding=\"async\" width=\"1020\" height=\"667\" src=\"https:\/\/www.montcalmhotel.com\/wp-content\/uploads\/2025\/10\/M19A9267-1024x670.jpg\" class=\"attachment-large size-large\" alt=\"\" srcset=\"https:\/\/www.montcalmhotel.com\/wp-content\/uploads\/2025\/10\/M19A9267-1024x670.jpg 1024w, https:\/\/www.montcalmhotel.com\/wp-content\/uploads\/2025\/10\/M19A9267-300x196.jpg 300w, https:\/\/www.montcalmhotel.com\/wp-content\/uploads\/2025\/10\/M19A9267-768x503.jpg 768w, https:\/\/www.montcalmhotel.com\/wp-content\/uploads\/2025\/10\/M19A9267-1536x1005.jpg 1536w, https:\/\/www.montcalmhotel.com\/wp-content\/uploads\/2025\/10\/M19A9267.jpg 1922w\" sizes=\"(max-width: 1020px) 100vw, 1020px\" \/>\t\t\t\t\t\t\n\t\t\t\t\t<\/div>\n\t\t\t\t\t\t<\/a>\t\t\n<style scope=\"scope\">\n\n#image_363538750 {\n  width: 100%;\n}\n<\/style>\n\t<\/div>\n\t\n\n\n\t\t<\/div>\n\t<\/div>\n\n\t\n\n\t<div class=\"col small-12 large-12\"  data-animate=\"fadeInUp\">\n\t\t<div class=\"col-inner\"  >\n\t\t\t\n\t\t\t\n\n<h3 style=\"text-align: center;\">Vous participez \u00e0 un salon au Parc des Expositions Paris Porte de Versailles&nbsp;?&nbsp;<\/h3>\n<p style=\"text-align: center;\">A moins de 15mn \u00e0 pied, vous rejoindrez le Parc des Expositions de la&nbsp;<em><strong>Porte de Versailles.<\/strong><\/em><\/p>\n<p style=\"text-align: center;\">Nous proposons aussi des solutions lorsque vous venez en groupe.&nbsp;<\/p>\n<p style=\"text-align: center;\"><strong>Contactez nous directement par t\u00e9l\u00e9phone au +33 1 45 54 97 27&nbsp;ou par email au : <\/strong><a href=\"mailto:info@montcalmhotel.com\"><strong>info@montcalmhotel.com<\/strong><\/a><\/p>\n\n\t\t<\/div>\n\t<\/div>\n\n\t\n\n<\/div>\n\n\t\t<\/div>\n\n\t\t\n<style scope=\"scope\">\n\n#section_1409783756 {\n  padding-top: 30px;\n  padding-bottom: 30px;\n}\n<\/style>\n\t<\/section>\n\t\n\t<section class=\"section\" id=\"section_524676927\">\n\t\t<div class=\"bg section-bg fill bg-fill  bg-loaded\" >\n\n\t\t\t\n\t\t\t\n\t\t\t\n\n\t\t<\/div>\n\n\t\t<div class=\"section-content relative\">\n\t\t\t\n\n<p><iframe src=\"https:\/\/www.google.com\/maps\/embed?pb=!1m18!1m12!1m3!1d8832.324027282933!2d2.284306524314705!3d48.841699344618334!2m3!1f0!2f0!3f0!3m2!1i1024!2i768!4f13.1!3m3!1m2!1s0x47e6700d8ab1cadd%3A0x7f105d48e66f6a0b!2s50%20Avenue%20F%C3%A9lix%20Faure%2C%2075015%20Paris!5e0!3m2!1sfr!2sfr!4v1592235628978!5m2!1sfr!2sfr\" width=\"100%\" height=\"350\" frameborder=\"0\" style=\"border:0;\" allowfullscreen=\"\" aria-hidden=\"false\" tabindex=\"0\"><\/iframe><\/p>\n\n\t\t<\/div>\n\n\t\t\n<style scope=\"scope\">\n\n#section_524676927 {\n  padding-top: 0px;\n  padding-bottom: 0px;\n}\n<\/style>\n\t<\/section>\n\t\n\n","protected":false},"excerpt":{"rendered":"","protected":false},"author":1,"featured_media":0,"parent":0,"menu_order":0,"comment_status":"closed","ping_status":"closed","template":"page-blank.php","meta":{"footnotes":""},"class_list":["post-542","page","type-page","status-publish","hentry"],"yoast_head":"<!-- This site is optimized with the Yoast SEO plugin v24.9 - https:\/\/yoast.com\/wordpress\/plugins\/seo\/ -->\n<title>Negocios, viajes de negocios al Hotel Montcalm Paris<\/title>\n<meta name=\"description\" content=\"Lo apoyamos para administrar bien sus viajes de negocios. Reserve directamente con el hotel, se beneficiar\u00e1 de las mejores tarifas.\" \/>\n<meta name=\"robots\" content=\"index, follow, max-snippet:-1, max-image-preview:large, max-video-preview:-1\" \/>\n<link rel=\"canonical\" href=\"https:\/\/www.montcalmhotel.com\/es\/negocio\/\" \/>\n<meta property=\"og:locale\" content=\"es_ES\" \/>\n<meta property=\"og:type\" content=\"article\" \/>\n<meta property=\"og:title\" content=\"Negocios, viajes de negocios al Hotel Montcalm Paris\" \/>\n<meta property=\"og:description\" content=\"Lo apoyamos para administrar bien sus viajes de negocios. Reserve directamente con el hotel, se beneficiar\u00e1 de las mejores tarifas.\" \/>\n<meta property=\"og:url\" content=\"https:\/\/www.montcalmhotel.com\/es\/negocio\/\" \/>\n<meta property=\"og:site_name\" content=\"H\u00f4tel Montcalm\" \/>\n<meta property=\"article:modified_time\" content=\"2025-11-03T14:24:41+00:00\" \/>\n<meta name=\"twitter:card\" content=\"summary_large_image\" \/>\n<meta name=\"twitter:label1\" content=\"Tiempo de lectura\" \/>\n\t<meta name=\"twitter:data1\" content=\"2 minutos\" \/>\n<script type=\"application\/ld+json\" class=\"yoast-schema-graph\">{\"@context\":\"https:\/\/schema.org\",\"@graph\":[{\"@type\":\"WebPage\",\"@id\":\"https:\/\/www.montcalmhotel.com\/es\/negocio\/\",\"url\":\"https:\/\/www.montcalmhotel.com\/es\/negocio\/\",\"name\":\"Negocios, viajes de negocios al Hotel Montcalm Paris\",\"isPartOf\":{\"@id\":\"https:\/\/www.montcalmhotel.com\/#website\"},\"datePublished\":\"2020-06-30T07:54:25+00:00\",\"dateModified\":\"2025-11-03T14:24:41+00:00\",\"description\":\"Lo apoyamos para administrar bien sus viajes de negocios. Reserve directamente con el hotel, se beneficiar\u00e1 de las mejores tarifas.\",\"breadcrumb\":{\"@id\":\"https:\/\/www.montcalmhotel.com\/es\/negocio\/#breadcrumb\"},\"inLanguage\":\"es\",\"potentialAction\":[{\"@type\":\"ReadAction\",\"target\":[\"https:\/\/www.montcalmhotel.com\/es\/negocio\/\"]}]},{\"@type\":\"BreadcrumbList\",\"@id\":\"https:\/\/www.montcalmhotel.com\/es\/negocio\/#breadcrumb\",\"itemListElement\":[{\"@type\":\"ListItem\",\"position\":1,\"name\":\"Accueil\",\"item\":\"https:\/\/www.montcalmhotel.com\/es\/\"},{\"@type\":\"ListItem\",\"position\":2,\"name\":\"Business\"}]},{\"@type\":\"WebSite\",\"@id\":\"https:\/\/www.montcalmhotel.com\/#website\",\"url\":\"https:\/\/www.montcalmhotel.com\/\",\"name\":\"H\u00f4tel Montcalm\",\"description\":\"Convivialit\u00e9, calme et \u00e9l\u00e9gance dans le centre de Paris\",\"potentialAction\":[{\"@type\":\"SearchAction\",\"target\":{\"@type\":\"EntryPoint\",\"urlTemplate\":\"https:\/\/www.montcalmhotel.com\/?s={search_term_string}\"},\"query-input\":{\"@type\":\"PropertyValueSpecification\",\"valueRequired\":true,\"valueName\":\"search_term_string\"}}],\"inLanguage\":\"es\"}]}<\/script>\n<!-- \/ Yoast SEO plugin. -->","yoast_head_json":{"title":"Negocios, viajes de negocios al Hotel Montcalm Paris","description":"Lo apoyamos para administrar bien sus viajes de negocios. Reserve directamente con el hotel, se beneficiar\u00e1 de las mejores tarifas.","robots":{"index":"index","follow":"follow","max-snippet":"max-snippet:-1","max-image-preview":"max-image-preview:large","max-video-preview":"max-video-preview:-1"},"canonical":"https:\/\/www.montcalmhotel.com\/es\/negocio\/","og_locale":"es_ES","og_type":"article","og_title":"Negocios, viajes de negocios al Hotel Montcalm Paris","og_description":"Lo apoyamos para administrar bien sus viajes de negocios. Reserve directamente con el hotel, se beneficiar\u00e1 de las mejores tarifas.","og_url":"https:\/\/www.montcalmhotel.com\/es\/negocio\/","og_site_name":"H\u00f4tel Montcalm","article_modified_time":"2025-11-03T14:24:41+00:00","twitter_card":"summary_large_image","twitter_misc":{"Tiempo de lectura":"2 minutos"},"schema":{"@context":"https:\/\/schema.org","@graph":[{"@type":"WebPage","@id":"https:\/\/www.montcalmhotel.com\/es\/negocio\/","url":"https:\/\/www.montcalmhotel.com\/es\/negocio\/","name":"Negocios, viajes de negocios al Hotel Montcalm Paris","isPartOf":{"@id":"https:\/\/www.montcalmhotel.com\/#website"},"datePublished":"2020-06-30T07:54:25+00:00","dateModified":"2025-11-03T14:24:41+00:00","description":"Lo apoyamos para administrar bien sus viajes de negocios. Reserve directamente con el hotel, se beneficiar\u00e1 de las mejores tarifas.","breadcrumb":{"@id":"https:\/\/www.montcalmhotel.com\/es\/negocio\/#breadcrumb"},"inLanguage":"es","potentialAction":[{"@type":"ReadAction","target":["https:\/\/www.montcalmhotel.com\/es\/negocio\/"]}]},{"@type":"BreadcrumbList","@id":"https:\/\/www.montcalmhotel.com\/es\/negocio\/#breadcrumb","itemListElement":[{"@type":"ListItem","position":1,"name":"Accueil","item":"https:\/\/www.montcalmhotel.com\/es\/"},{"@type":"ListItem","position":2,"name":"Business"}]},{"@type":"WebSite","@id":"https:\/\/www.montcalmhotel.com\/#website","url":"https:\/\/www.montcalmhotel.com\/","name":"H\u00f4tel Montcalm","description":"Convivialit\u00e9, calme et \u00e9l\u00e9gance dans le centre de Paris","potentialAction":[{"@type":"SearchAction","target":{"@type":"EntryPoint","urlTemplate":"https:\/\/www.montcalmhotel.com\/?s={search_term_string}"},"query-input":{"@type":"PropertyValueSpecification","valueRequired":true,"valueName":"search_term_string"}}],"inLanguage":"es"}]}},"_links":{"self":[{"href":"https:\/\/www.montcalmhotel.com\/es\/wp-json\/wp\/v2\/pages\/542","targetHints":{"allow":["GET"]}}],"collection":[{"href":"https:\/\/www.montcalmhotel.com\/es\/wp-json\/wp\/v2\/pages"}],"about":[{"href":"https:\/\/www.montcalmhotel.com\/es\/wp-json\/wp\/v2\/types\/page"}],"author":[{"embeddable":true,"href":"https:\/\/www.montcalmhotel.com\/es\/wp-json\/wp\/v2\/users\/1"}],"replies":[{"embeddable":true,"href":"https:\/\/www.montcalmhotel.com\/es\/wp-json\/wp\/v2\/comments?post=542"}],"version-history":[{"count":6,"href":"https:\/\/www.montcalmhotel.com\/es\/wp-json\/wp\/v2\/pages\/542\/revisions"}],"predecessor-version":[{"id":1362,"href":"https:\/\/www.montcalmhotel.com\/es\/wp-json\/wp\/v2\/pages\/542\/revisions\/1362"}],"wp:attachment":[{"href":"https:\/\/www.montcalmhotel.com\/es\/wp-json\/wp\/v2\/media?parent=542"}],"curies":[{"name":"wp","href":"https:\/\/api.w.org\/{rel}","templated":true}]}}