{"id":541,"date":"2020-06-30T11:26:46","date_gmt":"2020-06-30T09:26:46","guid":{"rendered":"http:\/\/sofimediat.fr\/montcalm\/autour-de-lhotel\/"},"modified":"2024-12-14T17:38:27","modified_gmt":"2024-12-14T16:38:27","slug":"proximo-al-hotel","status":"publish","type":"page","link":"https:\/\/www.montcalmhotel.com\/es\/proximo-al-hotel\/","title":{"rendered":"Autour de l&#8217;h\u00f4tel"},"content":{"rendered":"\n\t<section class=\"section bg-section\" id=\"section_2057532145\">\n\t\t<div class=\"bg section-bg fill bg-fill  bg-loaded\" >\n\n\t\t\t\n\t\t\t\n\t\t\t\n\n\t\t<\/div>\n\n\t\t<div class=\"section-content relative\">\n\t\t\t\n\n<div class=\"row row-collapse\"  id=\"row-1520470036\">\n\n\n\t<div class=\"col small-12 large-12\"  >\n\t\t<div class=\"col-inner dark\" style=\"padding:0px 0px 0 0px;margin:0px 0px 0 0px;\" >\n\t\t\t\n\t\t\t\n\n<h1 class=\"titre-home\" style=\"text-align: center;\"><strong>Lugares de inter\u00e9s cercanos al hotel Montcalm Paris<\/strong><\/h1>\n<h2 style=\"text-align: center; font-style: italic;\">\u00ab A menos de 15 minutos a pie del centro de exposiciones Porte de Versailles \u00bb<\/h2>\n\n\t\t<\/div>\n\t<\/div>\n\n\t\n\n\n<style scope=\"scope\">\n\n<\/style>\n<\/div>\n\n\t\t<\/div>\n\n\t\t\n<style scope=\"scope\">\n\n#section_2057532145 {\n  padding-top: 30px;\n  padding-bottom: 30px;\n}\n<\/style>\n\t<\/section>\n\t\n\t<section class=\"section\" id=\"section_192690373\">\n\t\t<div class=\"bg section-bg fill bg-fill  bg-loaded\" >\n\n\t\t\t\n\t\t\t\n\t\t\t\n\n\t\t<\/div>\n\n\t\t<div class=\"section-content relative\">\n\t\t\t\n\n<div class=\"row row-full-width\"  id=\"row-662774167\">\n\n\n\t<div class=\"col small-12 large-12\"  >\n\t\t<div class=\"col-inner\"  >\n\t\t\t\n\t\t\t\n\n<div class=\"slider-wrapper relative\" id=\"slider-1842327518\" >\n    <div class=\"slider slider-nav-circle slider-nav-large slider-nav-light slider-style-shadow\"\n        data-flickity-options='{\n            \"cellAlign\": \"center\",\n            \"imagesLoaded\": true,\n            \"lazyLoad\": 1,\n            \"freeScroll\": false,\n            \"wrapAround\": true,\n            \"autoPlay\": 6000,\n            \"pauseAutoPlayOnHover\" : true,\n            \"prevNextButtons\": true,\n            \"contain\" : true,\n            \"adaptiveHeight\" : true,\n            \"dragThreshold\" : 10,\n            \"percentPosition\": true,\n            \"pageDots\": true,\n            \"rightToLeft\": false,\n            \"draggable\": true,\n            \"selectedAttraction\": 0.1,\n            \"parallax\" : 0,\n            \"friction\": 0.6        }'\n        >\n        \n\n\t<div class=\"img has-hover x md-x lg-x y md-y lg-y\" id=\"image_1437287550\">\n\t\t\t\t\t\t\t\t<div class=\"img-inner image-cover dark\" style=\"padding-top:50%;\">\n\t\t\t<img decoding=\"async\" width=\"1020\" height=\"680\" src=\"https:\/\/www.montcalmhotel.com\/wp-content\/uploads\/2020\/07\/place-de-la-concorde-1-1024x683.jpg\" class=\"attachment-large size-large\" alt=\"\" srcset=\"https:\/\/www.montcalmhotel.com\/wp-content\/uploads\/2020\/07\/place-de-la-concorde-1-1024x683.jpg 1024w, https:\/\/www.montcalmhotel.com\/wp-content\/uploads\/2020\/07\/place-de-la-concorde-1-300x200.jpg 300w, https:\/\/www.montcalmhotel.com\/wp-content\/uploads\/2020\/07\/place-de-la-concorde-1-768x512.jpg 768w, https:\/\/www.montcalmhotel.com\/wp-content\/uploads\/2020\/07\/place-de-la-concorde-1.jpg 1200w\" sizes=\"(max-width: 1020px) 100vw, 1020px\" \/>\t\t\t\t\t\t\n\t\t\t\t\t<\/div>\n\t\t\t\t\t\t\t\t\n<style scope=\"scope\">\n\n#image_1437287550 {\n  width: 100%;\n}\n<\/style>\n\t<\/div>\n\t\n\n\t<div class=\"img has-hover x md-x lg-x y md-y lg-y\" id=\"image_259489114\">\n\t\t\t\t\t\t\t\t<div class=\"img-inner image-cover dark\" style=\"padding-top:50%;\">\n\t\t\t<img decoding=\"async\" width=\"800\" height=\"536\" src=\"https:\/\/www.montcalmhotel.com\/wp-content\/uploads\/2020\/07\/madeleine.jpg\" class=\"attachment-original size-original\" alt=\"\" srcset=\"https:\/\/www.montcalmhotel.com\/wp-content\/uploads\/2020\/07\/madeleine.jpg 800w, https:\/\/www.montcalmhotel.com\/wp-content\/uploads\/2020\/07\/madeleine-300x201.jpg 300w, https:\/\/www.montcalmhotel.com\/wp-content\/uploads\/2020\/07\/madeleine-768x515.jpg 768w\" sizes=\"(max-width: 800px) 100vw, 800px\" \/>\t\t\t\t\t\t\n\t\t\t\t\t<\/div>\n\t\t\t\t\t\t\t\t\n<style scope=\"scope\">\n\n#image_259489114 {\n  width: 100%;\n}\n<\/style>\n\t<\/div>\n\t\n\n\t<div class=\"img has-hover x md-x lg-x y md-y lg-y\" id=\"image_404215940\">\n\t\t\t\t\t\t\t\t<div class=\"img-inner image-cover dark\" style=\"padding-top:50%;\">\n\t\t\t<img decoding=\"async\" width=\"800\" height=\"488\" src=\"https:\/\/www.montcalmhotel.com\/wp-content\/uploads\/2020\/07\/opera3.jpg\" class=\"attachment-original size-original\" alt=\"\" srcset=\"https:\/\/www.montcalmhotel.com\/wp-content\/uploads\/2020\/07\/opera3.jpg 800w, https:\/\/www.montcalmhotel.com\/wp-content\/uploads\/2020\/07\/opera3-300x183.jpg 300w, https:\/\/www.montcalmhotel.com\/wp-content\/uploads\/2020\/07\/opera3-768x468.jpg 768w\" sizes=\"(max-width: 800px) 100vw, 800px\" \/>\t\t\t\t\t\t\n\t\t\t\t\t<\/div>\n\t\t\t\t\t\t\t\t\n<style scope=\"scope\">\n\n#image_404215940 {\n  width: 100%;\n}\n<\/style>\n\t<\/div>\n\t\n\n\t<div class=\"img has-hover x md-x lg-x y md-y lg-y\" id=\"image_783555587\">\n\t\t\t\t\t\t\t\t<div class=\"img-inner image-cover dark\" style=\"padding-top:50%;\">\n\t\t\t<img decoding=\"async\" width=\"1200\" height=\"804\" src=\"https:\/\/www.montcalmhotel.com\/wp-content\/uploads\/2020\/07\/invalides-2.jpg\" class=\"attachment-original size-original\" alt=\"\" srcset=\"https:\/\/www.montcalmhotel.com\/wp-content\/uploads\/2020\/07\/invalides-2.jpg 1200w, https:\/\/www.montcalmhotel.com\/wp-content\/uploads\/2020\/07\/invalides-2-300x201.jpg 300w, https:\/\/www.montcalmhotel.com\/wp-content\/uploads\/2020\/07\/invalides-2-1024x686.jpg 1024w, https:\/\/www.montcalmhotel.com\/wp-content\/uploads\/2020\/07\/invalides-2-768x515.jpg 768w\" sizes=\"(max-width: 1200px) 100vw, 1200px\" \/>\t\t\t\t\t\t\n\t\t\t\t\t<\/div>\n\t\t\t\t\t\t\t\t\n<style scope=\"scope\">\n\n#image_783555587 {\n  width: 100%;\n}\n<\/style>\n\t<\/div>\n\t\n\n\t<div class=\"img has-hover x md-x lg-x y md-y lg-y\" id=\"image_870466272\">\n\t\t\t\t\t\t\t\t<div class=\"img-inner image-cover dark\" style=\"padding-top:50%;\">\n\t\t\t<img decoding=\"async\" width=\"800\" height=\"536\" src=\"https:\/\/www.montcalmhotel.com\/wp-content\/uploads\/2020\/07\/TE-effet.jpg\" class=\"attachment-original size-original\" alt=\"\" srcset=\"https:\/\/www.montcalmhotel.com\/wp-content\/uploads\/2020\/07\/TE-effet.jpg 800w, https:\/\/www.montcalmhotel.com\/wp-content\/uploads\/2020\/07\/TE-effet-300x201.jpg 300w, https:\/\/www.montcalmhotel.com\/wp-content\/uploads\/2020\/07\/TE-effet-768x515.jpg 768w\" sizes=\"(max-width: 800px) 100vw, 800px\" \/>\t\t\t\t\t\t\n\t\t\t\t\t<\/div>\n\t\t\t\t\t\t\t\t\n<style scope=\"scope\">\n\n#image_870466272 {\n  width: 100%;\n}\n<\/style>\n\t<\/div>\n\t\n\n\n     <\/div>\n\n     <div class=\"loading-spin dark large centered\"><\/div>\n\n     <style scope=\"scope\">\n             <\/style>\n<\/div>\n\n\n\n\t\t<\/div>\n\t<\/div>\n\n\t\n\n\n<style scope=\"scope\">\n\n<\/style>\n<\/div>\n\n\t\t<\/div>\n\n\t\t\n<style scope=\"scope\">\n\n#section_192690373 {\n  padding-top: 0px;\n  padding-bottom: 0px;\n}\n<\/style>\n\t<\/section>\n\t\n\t<section class=\"section\" id=\"section_140454434\">\n\t\t<div class=\"bg section-bg fill bg-fill  bg-loaded\" >\n\n\t\t\t\n\t\t\t\n\t\t\t\n\n\t\t<\/div>\n\n\t\t<div class=\"section-content relative\">\n\t\t\t\n\n<div class=\"row\"  id=\"row-47004771\">\n\n\n\t<div class=\"col small-12 large-12\"  >\n\t\t<div class=\"col-inner\"  >\n\t\t\t\n\t\t\t\n\n<p>El <strong>hotel Montcalm<\/strong> est\u00e1 idealmente ubicado muy cerca de la l\u00ednea 8, (estaci\u00f3n Boucicaut) en una tranquila zona residencial con buenos accesos al transporte p\u00fablico para visitar Par\u00eds.<\/p>\n<p>Encontrar\u00e1 varias paradas de metro y de RER cerca de nuestro hotel, que incluyen el metro Balard y Javel, desde donde salen trenes directos a la Torre Eiffel, la iglesia de la Madeleine y la \u00d3pera Garnier.<\/p>\n<p>Desde all\u00ed, podr\u00e1 ir caminando f\u00e1cilmente hasta muchos sitios famosos como los Inv\u00e1lidos, los Campos El\u00edseos, los jardines de las Tuller\u00edas, el conocido centro comercial del bulevar Haussmann y muchos m\u00e1s.<\/p>\n<p>Si se da un paseo por la zona cercana al hotel, encontrar\u00e1 una buena selecci\u00f3n de tiendas, bares y restaurantes.<\/p>\n\n\t\t<\/div>\n\t<\/div>\n\n\t\n\n<\/div>\n\n\t\t<\/div>\n\n\t\t\n<style scope=\"scope\">\n\n#section_140454434 {\n  padding-top: 0px;\n  padding-bottom: 0px;\n}\n<\/style>\n\t<\/section>\n\t\n\t<section class=\"section\" id=\"section_425634945\">\n\t\t<div class=\"bg section-bg fill bg-fill  bg-loaded\" >\n\n\t\t\t\n\t\t\t\n\t\t\t\n\n\t\t<\/div>\n\n\t\t<div class=\"section-content relative\">\n\t\t\t\n\n<p><iframe src=\"https:\/\/www.google.com\/maps\/embed?pb=!1m18!1m12!1m3!1d8832.324027282933!2d2.284306524314705!3d48.841699344618334!2m3!1f0!2f0!3f0!3m2!1i1024!2i768!4f13.1!3m3!1m2!1s0x47e6700d8ab1cadd%3A0x7f105d48e66f6a0b!2s50%20Avenue%20F%C3%A9lix%20Faure%2C%2075015%20Paris!5e0!3m2!1sfr!2sfr!4v1592235628978!5m2!1sfr!2sfr\" width=\"100%\" height=\"450\" frameborder=\"0\" style=\"border:0;\" allowfullscreen=\"\" aria-hidden=\"false\" tabindex=\"0\"><\/iframe><\/p>\n\n\t\t<\/div>\n\n\t\t\n<style scope=\"scope\">\n\n#section_425634945 {\n  padding-top: 0px;\n  padding-bottom: 0px;\n}\n<\/style>\n\t<\/section>\n\t\n\n","protected":false},"excerpt":{"rendered":"","protected":false},"author":1,"featured_media":0,"parent":0,"menu_order":0,"comment_status":"closed","ping_status":"closed","template":"page-blank.php","meta":{"footnotes":""},"class_list":["post-541","page","type-page","status-publish","hentry"],"yoast_head":"<!-- This site is optimized with the Yoast SEO plugin v24.9 - https:\/\/yoast.com\/wordpress\/plugins\/seo\/ -->\n<title>Pr\u00f3ximo al hotel - Hotel Montcalm Paris<\/title>\n<meta name=\"description\" content=\"El Hotel se encuentra en una bonita y tranquila zona de Par\u00eds cerca de la Porte de Versailles. Disfrute de una bebida en el bar y dedique tiempo para usted en el porche.\" \/>\n<meta name=\"robots\" content=\"index, follow, max-snippet:-1, max-image-preview:large, max-video-preview:-1\" \/>\n<link rel=\"canonical\" href=\"https:\/\/www.montcalmhotel.com\/es\/proximo-al-hotel\/\" \/>\n<meta property=\"og:locale\" content=\"es_ES\" \/>\n<meta property=\"og:type\" content=\"article\" \/>\n<meta property=\"og:title\" content=\"Pr\u00f3ximo al hotel - Hotel Montcalm Paris\" \/>\n<meta property=\"og:description\" content=\"El Hotel se encuentra en una bonita y tranquila zona de Par\u00eds cerca de la Porte de Versailles. Disfrute de una bebida en el bar y dedique tiempo para usted en el porche.\" \/>\n<meta property=\"og:url\" content=\"https:\/\/www.montcalmhotel.com\/es\/proximo-al-hotel\/\" \/>\n<meta property=\"og:site_name\" content=\"H\u00f4tel Montcalm\" \/>\n<meta property=\"article:modified_time\" content=\"2024-12-14T16:38:27+00:00\" \/>\n<meta name=\"twitter:card\" content=\"summary_large_image\" \/>\n<meta name=\"twitter:label1\" content=\"Tiempo de lectura\" \/>\n\t<meta name=\"twitter:data1\" content=\"2 minutos\" \/>\n<script type=\"application\/ld+json\" class=\"yoast-schema-graph\">{\"@context\":\"https:\/\/schema.org\",\"@graph\":[{\"@type\":\"WebPage\",\"@id\":\"https:\/\/www.montcalmhotel.com\/es\/proximo-al-hotel\/\",\"url\":\"https:\/\/www.montcalmhotel.com\/es\/proximo-al-hotel\/\",\"name\":\"Pr\u00f3ximo al hotel - Hotel Montcalm Paris\",\"isPartOf\":{\"@id\":\"https:\/\/www.montcalmhotel.com\/#website\"},\"datePublished\":\"2020-06-30T09:26:46+00:00\",\"dateModified\":\"2024-12-14T16:38:27+00:00\",\"description\":\"El Hotel se encuentra en una bonita y tranquila zona de Par\u00eds cerca de la Porte de Versailles. Disfrute de una bebida en el bar y dedique tiempo para usted en el porche.\",\"breadcrumb\":{\"@id\":\"https:\/\/www.montcalmhotel.com\/es\/proximo-al-hotel\/#breadcrumb\"},\"inLanguage\":\"es\",\"potentialAction\":[{\"@type\":\"ReadAction\",\"target\":[\"https:\/\/www.montcalmhotel.com\/es\/proximo-al-hotel\/\"]}]},{\"@type\":\"BreadcrumbList\",\"@id\":\"https:\/\/www.montcalmhotel.com\/es\/proximo-al-hotel\/#breadcrumb\",\"itemListElement\":[{\"@type\":\"ListItem\",\"position\":1,\"name\":\"Accueil\",\"item\":\"https:\/\/www.montcalmhotel.com\/es\/\"},{\"@type\":\"ListItem\",\"position\":2,\"name\":\"Autour de l&rsquo;h\u00f4tel\"}]},{\"@type\":\"WebSite\",\"@id\":\"https:\/\/www.montcalmhotel.com\/#website\",\"url\":\"https:\/\/www.montcalmhotel.com\/\",\"name\":\"H\u00f4tel Montcalm\",\"description\":\"Convivialit\u00e9, calme et \u00e9l\u00e9gance dans le centre de Paris\",\"potentialAction\":[{\"@type\":\"SearchAction\",\"target\":{\"@type\":\"EntryPoint\",\"urlTemplate\":\"https:\/\/www.montcalmhotel.com\/?s={search_term_string}\"},\"query-input\":{\"@type\":\"PropertyValueSpecification\",\"valueRequired\":true,\"valueName\":\"search_term_string\"}}],\"inLanguage\":\"es\"}]}<\/script>\n<!-- \/ Yoast SEO plugin. -->","yoast_head_json":{"title":"Pr\u00f3ximo al hotel - Hotel Montcalm Paris","description":"El Hotel se encuentra en una bonita y tranquila zona de Par\u00eds cerca de la Porte de Versailles. Disfrute de una bebida en el bar y dedique tiempo para usted en el porche.","robots":{"index":"index","follow":"follow","max-snippet":"max-snippet:-1","max-image-preview":"max-image-preview:large","max-video-preview":"max-video-preview:-1"},"canonical":"https:\/\/www.montcalmhotel.com\/es\/proximo-al-hotel\/","og_locale":"es_ES","og_type":"article","og_title":"Pr\u00f3ximo al hotel - Hotel Montcalm Paris","og_description":"El Hotel se encuentra en una bonita y tranquila zona de Par\u00eds cerca de la Porte de Versailles. Disfrute de una bebida en el bar y dedique tiempo para usted en el porche.","og_url":"https:\/\/www.montcalmhotel.com\/es\/proximo-al-hotel\/","og_site_name":"H\u00f4tel Montcalm","article_modified_time":"2024-12-14T16:38:27+00:00","twitter_card":"summary_large_image","twitter_misc":{"Tiempo de lectura":"2 minutos"},"schema":{"@context":"https:\/\/schema.org","@graph":[{"@type":"WebPage","@id":"https:\/\/www.montcalmhotel.com\/es\/proximo-al-hotel\/","url":"https:\/\/www.montcalmhotel.com\/es\/proximo-al-hotel\/","name":"Pr\u00f3ximo al hotel - Hotel Montcalm Paris","isPartOf":{"@id":"https:\/\/www.montcalmhotel.com\/#website"},"datePublished":"2020-06-30T09:26:46+00:00","dateModified":"2024-12-14T16:38:27+00:00","description":"El Hotel se encuentra en una bonita y tranquila zona de Par\u00eds cerca de la Porte de Versailles. Disfrute de una bebida en el bar y dedique tiempo para usted en el porche.","breadcrumb":{"@id":"https:\/\/www.montcalmhotel.com\/es\/proximo-al-hotel\/#breadcrumb"},"inLanguage":"es","potentialAction":[{"@type":"ReadAction","target":["https:\/\/www.montcalmhotel.com\/es\/proximo-al-hotel\/"]}]},{"@type":"BreadcrumbList","@id":"https:\/\/www.montcalmhotel.com\/es\/proximo-al-hotel\/#breadcrumb","itemListElement":[{"@type":"ListItem","position":1,"name":"Accueil","item":"https:\/\/www.montcalmhotel.com\/es\/"},{"@type":"ListItem","position":2,"name":"Autour de l&rsquo;h\u00f4tel"}]},{"@type":"WebSite","@id":"https:\/\/www.montcalmhotel.com\/#website","url":"https:\/\/www.montcalmhotel.com\/","name":"H\u00f4tel Montcalm","description":"Convivialit\u00e9, calme et \u00e9l\u00e9gance dans le centre de Paris","potentialAction":[{"@type":"SearchAction","target":{"@type":"EntryPoint","urlTemplate":"https:\/\/www.montcalmhotel.com\/?s={search_term_string}"},"query-input":{"@type":"PropertyValueSpecification","valueRequired":true,"valueName":"search_term_string"}}],"inLanguage":"es"}]}},"_links":{"self":[{"href":"https:\/\/www.montcalmhotel.com\/es\/wp-json\/wp\/v2\/pages\/541","targetHints":{"allow":["GET"]}}],"collection":[{"href":"https:\/\/www.montcalmhotel.com\/es\/wp-json\/wp\/v2\/pages"}],"about":[{"href":"https:\/\/www.montcalmhotel.com\/es\/wp-json\/wp\/v2\/types\/page"}],"author":[{"embeddable":true,"href":"https:\/\/www.montcalmhotel.com\/es\/wp-json\/wp\/v2\/users\/1"}],"replies":[{"embeddable":true,"href":"https:\/\/www.montcalmhotel.com\/es\/wp-json\/wp\/v2\/comments?post=541"}],"version-history":[{"count":3,"href":"https:\/\/www.montcalmhotel.com\/es\/wp-json\/wp\/v2\/pages\/541\/revisions"}],"predecessor-version":[{"id":783,"href":"https:\/\/www.montcalmhotel.com\/es\/wp-json\/wp\/v2\/pages\/541\/revisions\/783"}],"wp:attachment":[{"href":"https:\/\/www.montcalmhotel.com\/es\/wp-json\/wp\/v2\/media?parent=541"}],"curies":[{"name":"wp","href":"https:\/\/api.w.org\/{rel}","templated":true}]}}