{"id":540,"date":"2020-06-10T15:20:36","date_gmt":"2020-06-10T13:20:36","guid":{"rendered":"http:\/\/sofimediat.fr\/montcalm\/accueil\/"},"modified":"2025-11-03T10:46:48","modified_gmt":"2025-11-03T09:46:48","slug":"accueil","status":"publish","type":"page","link":"https:\/\/www.montcalmhotel.com\/es\/","title":{"rendered":"Accueil"},"content":{"rendered":"\n\t<section class=\"section\" id=\"section_1646134487\">\n\t\t<div class=\"bg section-bg fill bg-fill  bg-loaded\" >\n\n\t\t\t\n\t\t\t<button class=\"scroll-for-more z-5 icon absolute bottom h-center\"><i class=\"icon-angle-down\" style=\"font-size:42px;\"><\/i><\/button>\n\t\t\t\n\n\t\t<\/div>\n\n\t\t<div class=\"section-content relative\">\n\t\t\t\n\n<div id=\"encart-home\"><h5 style=\"color: #1a5577; text-transform: uppercase; margin-top: 0px; margin-bottom: 10px; font-size: 16px; text-align:center; padding:5px 10px; border: 1px #1a5577 solid; border-radius:99px;\">Ventajas del sitio oficial<\/h5>\r\n<p style=\"font-size: 15px; font-weight: bold;\"><i class=\"fa fa-check\" style=\"color: #1a5577;\"><\/i> Mejor precio garantizado<br \/><i class=\"fa fa-check\" style=\"color: #1a5577;\"><\/i> wifi gratis<br \/><i class=\"fa fa-check\" style=\"color: #1a5577;\"><\/i> Reserva con antelaci\u00f3n tu desayuno a la tarifa preferencial de 10\u20ac en lugar de 15\u20ac.<\/p><a rel=\"noopener noreferrer\" href=\"https:\/\/www.secure-hotel-booking.com\/Hotel-Montcalm\/JHUJ\/es-ES?hotelId=30612\" target=\"_blank\" class=\"button primary is-primary is-medium expand\" style=\"border-radius:99px;\"><span>Reservar en l\u00ednea<\/span><\/a><\/div>\n\n\n  <div class=\"banner has-hover is-full-height\" id=\"banner-1497580665\">\n          <div class=\"banner-inner fill\">\n        <div class=\"banner-bg fill\" >\n            <div class=\"bg fill bg-fill \"><\/div>\n                                    \n                    <\/div>\n        <div class=\"banner-layers container\">\n            <div class=\"fill banner-link\"><\/div>            \n\n   <div id=\"text-box-1272736043\" class=\"text-box banner-layer x50 md-x50 lg-x50 y50 md-y50 lg-y50 res-text\">\n                                <div class=\"text dark\">\n              \n              <div class=\"text-inner text-center\">\n                  \n\n\n              <\/div>\n           <\/div>\n                            \n<style scope=\"scope\">\n\n#text-box-1272736043 {\n  width: 60%;\n}\n#text-box-1272736043 .text {\n  font-size: 100%;\n}\n<\/style>\n    <\/div>\n \n\n        <\/div>\n      <\/div>\n\n            \n<style scope=\"scope\">\n\n#banner-1497580665 {\n  padding-top: 100%;\n}\n#banner-1497580665 .bg.bg-loaded {\n  background-image: url(https:\/\/www.montcalmhotel.com\/wp-content\/uploads\/2025\/10\/M19A9289.jpg);\n}\n#banner-1497580665 .bg {\n  background-position: 4% 10%;\n}\n<\/style>\n  <\/div>\n\n\n\n\t\t<\/div>\n\n\t\t\n<style scope=\"scope\">\n\n#section_1646134487 {\n  padding-top: 0px;\n  padding-bottom: 0px;\n}\n<\/style>\n\t<\/section>\n\t\n\t<section class=\"section bg-section\" id=\"section_289334379\">\n\t\t<div class=\"bg section-bg fill bg-fill  bg-loaded\" >\n\n\t\t\t\n\t\t\t\n\t\t\t\n\n\t\t<\/div>\n\n\t\t<div class=\"section-content relative\">\n\t\t\t\n\n<div class=\"row row-collapse\"  id=\"row-916893658\">\n\n\n\t<div class=\"col small-12 large-12\"  >\n\t\t<div class=\"col-inner dark\" style=\"padding:0px 0px 0 0px;margin:0px 0px 0 0px;\" >\n\t\t\t\n\t\t\t\n\n<h1 class=\"titre-home\" style=\"text-align: center;\"><strong>Hotel Montcalm <\/strong><\/h1>\n<h2 style=\"text-align: center; font-style: italic;\">\u00ab Econ\u00f3mico, tranquilo y con estilo, en el centro de Par\u00eds. \u00bb<\/h2>\n\n\t\t<\/div>\n\t<\/div>\n\n\t\n\n\n<style scope=\"scope\">\n\n<\/style>\n<\/div>\n\n\t\t<\/div>\n\n\t\t\n<style scope=\"scope\">\n\n#section_289334379 {\n  padding-top: 30px;\n  padding-bottom: 30px;\n}\n<\/style>\n\t<\/section>\n\t\n\t<section class=\"section\" id=\"section_1100074013\">\n\t\t<div class=\"bg section-bg fill bg-fill  bg-loaded\" >\n\n\t\t\t\n\t\t\t\n\t\t\t\n\n\t\t<\/div>\n\n\t\t<div class=\"section-content relative\">\n\t\t\t\n\n  <div class=\"banner-grid-wrapper\">\n  <div id=\"banner-grid-731917582\" class=\"banner-grid row row-grid row-small row-box-shadow-3\" data-packery-options=\"\">\n                      \n\n<div class=\"col grid-col small-12 large-6 grid-col-1\" ><div class=\"col-inner\">\n\n\n  <div class=\"banner has-hover bg-grayscale\" id=\"banner-1221400574\">\n          <div class=\"banner-inner fill\">\n        <div class=\"banner-bg fill\" >\n            <div class=\"bg fill bg-fill \"><\/div>\n                                    \n                    <\/div>\n        <div class=\"banner-layers container\">\n            <a class=\"fill\" href=\"http:\/\/www.montcalmhotel.com\/es\/habitaciones\/\"  ><div class=\"fill banner-link\"><\/div><\/a>            \n\n   <div id=\"text-box-2094489933\" class=\"text-box banner-layer x45 md-x45 lg-x45 y10 md-y10 lg-y10 res-text\">\n                                <div class=\"text dark\">\n              \n              <div class=\"text-inner text-center\">\n                  \n\n<h3 style=\"color:#fff !important; text-transform:uppercase; font-weight:bold;\">Nuestras habitaciones<\/h3>\n\n              <\/div>\n           <\/div>\n                            \n<style scope=\"scope\">\n\n#text-box-2094489933 {\n  width: 53%;\n}\n#text-box-2094489933 .text {\n  font-size: 100%;\n}\n<\/style>\n    <\/div>\n \n\n        <\/div>\n      <\/div>\n\n            \n<style scope=\"scope\">\n\n#banner-1221400574 {\n  padding-top: 500px;\n}\n#banner-1221400574 .bg.bg-loaded {\n  background-image: url(https:\/\/www.montcalmhotel.com\/wp-content\/uploads\/2025\/10\/M19A9213-1024x683.jpg);\n}\n<\/style>\n  <\/div>\n\n\n\n<\/div><\/div>\n<div class=\"col grid-col small-12 large-6 grid-col-1-2\" ><div class=\"col-inner\">\n\n\n  <div class=\"banner has-hover bg-grayscale\" id=\"banner-459704627\">\n          <div class=\"banner-inner fill\">\n        <div class=\"banner-bg fill\" >\n            <div class=\"bg fill bg-fill \"><\/div>\n                                    \n                    <\/div>\n        <div class=\"banner-layers container\">\n            <a class=\"fill\" href=\"http:\/\/www.montcalmhotel.com\/es\/servicios\/\"  ><div class=\"fill banner-link\"><\/div><\/a>            \n\n   <div id=\"text-box-1701875249\" class=\"text-box banner-layer x45 md-x45 lg-x45 y20 md-y20 lg-y20 res-text\">\n                                <div class=\"text dark\">\n              \n              <div class=\"text-inner text-center\">\n                  \n\n<h3 style=\"color:#fff !important; text-transform:uppercase;font-weight:bold;\">Nuestros servicios<\/h3>\n\n              <\/div>\n           <\/div>\n                            \n<style scope=\"scope\">\n\n#text-box-1701875249 {\n  width: 53%;\n}\n#text-box-1701875249 .text {\n  font-size: 100%;\n}\n<\/style>\n    <\/div>\n \n\n        <\/div>\n      <\/div>\n\n            \n<style scope=\"scope\">\n\n#banner-459704627 {\n  padding-top: 500px;\n}\n#banner-459704627 .bg.bg-loaded {\n  background-image: url(https:\/\/www.montcalmhotel.com\/wp-content\/uploads\/2025\/10\/173230114-1.jpg);\n}\n<\/style>\n  <\/div>\n\n\n\n<\/div><\/div>\n<div class=\"col grid-col small-12 large-3 grid-col-1-2\" ><div class=\"col-inner\">\n\n\n  <div class=\"banner has-hover bg-grayscale\" id=\"banner-1202784167\">\n          <div class=\"banner-inner fill\">\n        <div class=\"banner-bg fill\" >\n            <div class=\"bg fill bg-fill \"><\/div>\n                                    \n                    <\/div>\n        <div class=\"banner-layers container\">\n            <a class=\"fill\" href=\"http:\/\/www.montcalmhotel.com\/es\/ofertas\/\"  ><div class=\"fill banner-link\"><\/div><\/a>            \n\n   <div id=\"text-box-2001530577\" class=\"text-box banner-layer x45 md-x45 lg-x45 y10 md-y10 lg-y10 res-text\">\n                                <div class=\"text dark\">\n              \n              <div class=\"text-inner text-center\">\n                  \n\n<h3 style=\"color:#fff !important; text-transform:uppercase;font-weight:bold;\">Ofertas<\/h3>\n\n              <\/div>\n           <\/div>\n                            \n<style scope=\"scope\">\n\n#text-box-2001530577 {\n  width: 53%;\n}\n#text-box-2001530577 .text {\n  font-size: 100%;\n}\n<\/style>\n    <\/div>\n \n\n        <\/div>\n      <\/div>\n\n            \n<style scope=\"scope\">\n\n#banner-1202784167 {\n  padding-top: 500px;\n}\n#banner-1202784167 .bg.bg-loaded {\n  background-image: url(https:\/\/www.montcalmhotel.com\/wp-content\/uploads\/2025\/10\/M19A9411-1024x683.jpg);\n}\n<\/style>\n  <\/div>\n\n\n\n<\/div><\/div>\n<div class=\"col grid-col small-12 large-3 grid-col-1-2\" ><div class=\"col-inner\">\n\n\n  <div class=\"banner has-hover bg-grayscale\" id=\"banner-228044283\">\n          <div class=\"banner-inner fill\">\n        <div class=\"banner-bg fill\" >\n            <div class=\"bg fill bg-fill \"><\/div>\n                                    \n                    <\/div>\n        <div class=\"banner-layers container\">\n            <a class=\"fill\" href=\"http:\/\/www.montcalmhotel.com\/es\/negocio\/\"  ><div class=\"fill banner-link\"><\/div><\/a>            \n\n   <div id=\"text-box-497321747\" class=\"text-box banner-layer x45 md-x45 lg-x45 y10 md-y10 lg-y10 res-text\">\n                                <div class=\"text dark\">\n              \n              <div class=\"text-inner text-center\">\n                  \n\n<h3 style=\"color:#fff !important; text-transform:uppercase;font-weight:bold;\">Negocio<\/h3>\n\n              <\/div>\n           <\/div>\n                            \n<style scope=\"scope\">\n\n#text-box-497321747 {\n  width: 53%;\n}\n#text-box-497321747 .text {\n  font-size: 100%;\n}\n<\/style>\n    <\/div>\n \n\n        <\/div>\n      <\/div>\n\n            \n<style scope=\"scope\">\n\n#banner-228044283 {\n  padding-top: 500px;\n}\n#banner-228044283 .bg.bg-loaded {\n  background-image: url(https:\/\/www.montcalmhotel.com\/wp-content\/uploads\/2025\/10\/M19A9261-1024x683.jpg);\n}\n<\/style>\n  <\/div>\n\n\n\n<\/div><\/div>\n\n            <\/div>\n    <style scope=\"scope\">\n    #banner-grid-731917582 .grid-col-1{height: 600px}\n    #banner-grid-731917582 .grid-col-1-2{height: 300px}\n    #banner-grid-731917582 .grid-col-1-3{height:200px}\n    #banner-grid-731917582 .grid-col-2-3{height: 400px}\n    #banner-grid-731917582 .grid-col-1-4{height: 150px}\n    #banner-grid-731917582 .grid-col-3-4{height: 450px}\n\n\n    \n        \/* Mobile *\/\n    @media (max-width: 550px){\n      #banner-grid-731917582 .grid-col-1{height: 250px}\n      #banner-grid-731917582 .grid-col-1-2{height: 125px}\n      #banner-grid-731917582 .grid-col-1-3{height:83.333333333333px}\n      #banner-grid-731917582 .grid-col-2-3{height: 166.66666666667px}\n      #banner-grid-731917582 .grid-col-1-4{height: 62.5px}\n      #banner-grid-731917582 .grid-col-3-4{height: 187.5px}\n    }\n    \n\n  <\/style>\n    <\/div>\n  \n\n\t\t<\/div>\n\n\t\t\n<style scope=\"scope\">\n\n#section_1100074013 {\n  padding-top: 0px;\n  padding-bottom: 0px;\n}\n<\/style>\n\t<\/section>\n\t\n\t<section class=\"section\" id=\"section_1451220691\">\n\t\t<div class=\"bg section-bg fill bg-fill  bg-loaded\" >\n\n\t\t\t\n\t\t\t\n\t\t\t\n\n\t\t<\/div>\n\n\t\t<div class=\"section-content relative\">\n\t\t\t\n\n<p><iframe src=\"https:\/\/www.google.com\/maps\/embed?pb=!1m18!1m12!1m3!1d8832.324027282933!2d2.284306524314705!3d48.841699344618334!2m3!1f0!2f0!3f0!3m2!1i1024!2i768!4f13.1!3m3!1m2!1s0x47e6700d8ab1cadd%3A0x7f105d48e66f6a0b!2s50%20Avenue%20F%C3%A9lix%20Faure%2C%2075015%20Paris!5e0!3m2!1sfr!2sfr!4v1592235628978!5m2!1sfr!2sfr\" width=\"100%\" height=\"350\" frameborder=\"0\" style=\"border:0;\" allowfullscreen=\"\" aria-hidden=\"false\" tabindex=\"0\"><\/iframe><\/p>\n\n\t\t<\/div>\n\n\t\t\n<style scope=\"scope\">\n\n#section_1451220691 {\n  padding-top: 30px;\n  padding-bottom: 30px;\n}\n<\/style>\n\t<\/section>\n\t\n\t<section class=\"section\" id=\"section_1752749642\">\n\t\t<div class=\"bg section-bg fill bg-fill  bg-loaded\" >\n\n\t\t\t\n\t\t\t\n\t\t\t\n\n\t\t<\/div>\n\n\t\t<div class=\"section-content relative\">\n\t\t\t\n\n<div class=\"row\"  id=\"row-1518970115\">\n\n\n\t<div class=\"col medium-7 small-12 large-7\"  >\n\t\t<div class=\"col-inner\"  >\n\t\t\t\n\t\t\t\n\n<p>Este encantador hotel de 3 estrellas ofrece a sus clientes un servicio excepcional, una decoraci\u00f3n contempor\u00e1nea y c\u00e1lida con un maravilloso jard\u00edn privado. Al pie del metro Boucicaut, linea 8 directa para todo Paris, a pocos minutos de las principales atracciones de la ciudad (Torre Eiffel, Invalides, Concorde, Opera) y menos de 15 minutos a pie del centro de expocisiones de la Porte de Versailles. <\/p>\n<p>Tras un largo d\u00eda de trabajo o de visitas por Par\u00eds, se puede relajar y disfrutar de una bebida en nuestro c\u00f3modo lounge o en nuestro tranquilo jard\u00edn interior que ha sido dise\u00f1ado prestando especial inter\u00e9s la calma y la serenidad.<\/p>\n<a href=\"http:\/\/www.montcalmhotel.com\/es\/ubicacion\/\" target=\"_self\" class=\"button primary is-underline expand\"  >\n    <span>Ver nuestra situaci\u00f3n<\/span>\n  <\/a>\n\n\n\n\t\t<\/div>\n\t<\/div>\n\n\t\n\n\t<div class=\"col medium-5 small-12 large-5\"  >\n\t\t<div class=\"col-inner\"  >\n\t\t\t\n\t\t\t\n\n\t<div class=\"img has-hover x md-x lg-x y md-y lg-y\" id=\"image_595094615\">\n\t\t<a class=\"\" href=\"http:\/\/www.montcalmhotel.com\/es\/galeria\/\"  >\t\t\t\t\t\t<div class=\"img-inner image-grayscale box-shadow-3 dark\" >\n\t\t\t<img decoding=\"async\" width=\"800\" height=\"536\" src=\"https:\/\/www.montcalmhotel.com\/wp-content\/uploads\/2024\/12\/TE-effet.jpg\" class=\"attachment-large size-large\" alt=\"\" srcset=\"https:\/\/www.montcalmhotel.com\/wp-content\/uploads\/2024\/12\/TE-effet.jpg 800w, https:\/\/www.montcalmhotel.com\/wp-content\/uploads\/2024\/12\/TE-effet-300x201.jpg 300w, https:\/\/www.montcalmhotel.com\/wp-content\/uploads\/2024\/12\/TE-effet-768x515.jpg 768w\" sizes=\"(max-width: 800px) 100vw, 800px\" \/>\t\t\t\t\t\t\n\t\t\t\t\t<\/div>\n\t\t\t\t\t\t<\/a>\t\t\n<style scope=\"scope\">\n\n#image_595094615 {\n  width: 100%;\n}\n<\/style>\n\t<\/div>\n\t\n\n\n\t\t<\/div>\n\t<\/div>\n\n\t\n\n<\/div>\n\n\t\t<\/div>\n\n\t\t\n<style scope=\"scope\">\n\n#section_1752749642 {\n  padding-top: 0px;\n  padding-bottom: 0px;\n}\n<\/style>\n\t<\/section>\n\t\n\n","protected":false},"excerpt":{"rendered":"","protected":false},"author":1,"featured_media":0,"parent":0,"menu_order":0,"comment_status":"closed","ping_status":"closed","template":"page-transparent-header.php","meta":{"footnotes":""},"class_list":["post-540","page","type-page","status-publish","hentry"],"yoast_head":"<!-- This site is optimized with the Yoast SEO plugin v24.9 - https:\/\/yoast.com\/wordpress\/plugins\/seo\/ -->\n<title>Hotel Montcalm Par\u00eds *** | Hotel Porte de Versailles | P\u00c1GINA WEB OFICIAL<\/title>\n<meta name=\"description\" content=\"Bienvenido al hotel Montcalm de 3 estrellas, asentado en un barrio residencial del distrito XV de Par\u00eds cerca de Balard, Havel y del Parc des Expositions (cerca de la Porte de Versailles).\" \/>\n<meta name=\"robots\" content=\"index, follow, max-snippet:-1, max-image-preview:large, max-video-preview:-1\" \/>\n<link rel=\"canonical\" href=\"https:\/\/www.montcalmhotel.com\/es\/\" \/>\n<meta property=\"og:locale\" content=\"es_ES\" \/>\n<meta property=\"og:type\" content=\"article\" \/>\n<meta property=\"og:title\" content=\"Hotel Montcalm Par\u00eds *** | Hotel Porte de Versailles | P\u00c1GINA WEB OFICIAL\" \/>\n<meta property=\"og:description\" content=\"Bienvenido al hotel Montcalm de 3 estrellas, asentado en un barrio residencial del distrito XV de Par\u00eds cerca de Balard, Havel y del Parc des Expositions (cerca de la Porte de Versailles).\" \/>\n<meta property=\"og:url\" content=\"https:\/\/www.montcalmhotel.com\/es\/\" \/>\n<meta property=\"og:site_name\" content=\"H\u00f4tel Montcalm\" \/>\n<meta property=\"article:modified_time\" content=\"2025-11-03T09:46:48+00:00\" \/>\n<meta name=\"twitter:card\" content=\"summary_large_image\" \/>\n<meta name=\"twitter:label1\" content=\"Tiempo de lectura\" \/>\n\t<meta name=\"twitter:data1\" content=\"2 minutos\" \/>\n<script type=\"application\/ld+json\" class=\"yoast-schema-graph\">{\"@context\":\"https:\/\/schema.org\",\"@graph\":[{\"@type\":\"WebPage\",\"@id\":\"https:\/\/www.montcalmhotel.com\/es\/\",\"url\":\"https:\/\/www.montcalmhotel.com\/es\/\",\"name\":\"Hotel Montcalm Par\u00eds *** | Hotel Porte de Versailles | P\u00c1GINA WEB OFICIAL\",\"isPartOf\":{\"@id\":\"https:\/\/www.montcalmhotel.com\/#website\"},\"datePublished\":\"2020-06-10T13:20:36+00:00\",\"dateModified\":\"2025-11-03T09:46:48+00:00\",\"description\":\"Bienvenido al hotel Montcalm de 3 estrellas, asentado en un barrio residencial del distrito XV de Par\u00eds cerca de Balard, Havel y del Parc des Expositions (cerca de la Porte de Versailles).\",\"breadcrumb\":{\"@id\":\"https:\/\/www.montcalmhotel.com\/es\/#breadcrumb\"},\"inLanguage\":\"es\",\"potentialAction\":[{\"@type\":\"ReadAction\",\"target\":[\"https:\/\/www.montcalmhotel.com\/es\/\"]}]},{\"@type\":\"BreadcrumbList\",\"@id\":\"https:\/\/www.montcalmhotel.com\/es\/#breadcrumb\",\"itemListElement\":[{\"@type\":\"ListItem\",\"position\":1,\"name\":\"Accueil\",\"item\":\"https:\/\/www.montcalmhotel.com\/es\/\"},{\"@type\":\"ListItem\",\"position\":2,\"name\":\"Accueil\"}]},{\"@type\":\"WebSite\",\"@id\":\"https:\/\/www.montcalmhotel.com\/#website\",\"url\":\"https:\/\/www.montcalmhotel.com\/\",\"name\":\"H\u00f4tel Montcalm\",\"description\":\"Convivialit\u00e9, calme et \u00e9l\u00e9gance dans le centre de Paris\",\"potentialAction\":[{\"@type\":\"SearchAction\",\"target\":{\"@type\":\"EntryPoint\",\"urlTemplate\":\"https:\/\/www.montcalmhotel.com\/?s={search_term_string}\"},\"query-input\":{\"@type\":\"PropertyValueSpecification\",\"valueRequired\":true,\"valueName\":\"search_term_string\"}}],\"inLanguage\":\"es\"}]}<\/script>\n<!-- \/ Yoast SEO plugin. -->","yoast_head_json":{"title":"Hotel Montcalm Par\u00eds *** | Hotel Porte de Versailles | P\u00c1GINA WEB OFICIAL","description":"Bienvenido al hotel Montcalm de 3 estrellas, asentado en un barrio residencial del distrito XV de Par\u00eds cerca de Balard, Havel y del Parc des Expositions (cerca de la Porte de Versailles).","robots":{"index":"index","follow":"follow","max-snippet":"max-snippet:-1","max-image-preview":"max-image-preview:large","max-video-preview":"max-video-preview:-1"},"canonical":"https:\/\/www.montcalmhotel.com\/es\/","og_locale":"es_ES","og_type":"article","og_title":"Hotel Montcalm Par\u00eds *** | Hotel Porte de Versailles | P\u00c1GINA WEB OFICIAL","og_description":"Bienvenido al hotel Montcalm de 3 estrellas, asentado en un barrio residencial del distrito XV de Par\u00eds cerca de Balard, Havel y del Parc des Expositions (cerca de la Porte de Versailles).","og_url":"https:\/\/www.montcalmhotel.com\/es\/","og_site_name":"H\u00f4tel Montcalm","article_modified_time":"2025-11-03T09:46:48+00:00","twitter_card":"summary_large_image","twitter_misc":{"Tiempo de lectura":"2 minutos"},"schema":{"@context":"https:\/\/schema.org","@graph":[{"@type":"WebPage","@id":"https:\/\/www.montcalmhotel.com\/es\/","url":"https:\/\/www.montcalmhotel.com\/es\/","name":"Hotel Montcalm Par\u00eds *** | Hotel Porte de Versailles | P\u00c1GINA WEB OFICIAL","isPartOf":{"@id":"https:\/\/www.montcalmhotel.com\/#website"},"datePublished":"2020-06-10T13:20:36+00:00","dateModified":"2025-11-03T09:46:48+00:00","description":"Bienvenido al hotel Montcalm de 3 estrellas, asentado en un barrio residencial del distrito XV de Par\u00eds cerca de Balard, Havel y del Parc des Expositions (cerca de la Porte de Versailles).","breadcrumb":{"@id":"https:\/\/www.montcalmhotel.com\/es\/#breadcrumb"},"inLanguage":"es","potentialAction":[{"@type":"ReadAction","target":["https:\/\/www.montcalmhotel.com\/es\/"]}]},{"@type":"BreadcrumbList","@id":"https:\/\/www.montcalmhotel.com\/es\/#breadcrumb","itemListElement":[{"@type":"ListItem","position":1,"name":"Accueil","item":"https:\/\/www.montcalmhotel.com\/es\/"},{"@type":"ListItem","position":2,"name":"Accueil"}]},{"@type":"WebSite","@id":"https:\/\/www.montcalmhotel.com\/#website","url":"https:\/\/www.montcalmhotel.com\/","name":"H\u00f4tel Montcalm","description":"Convivialit\u00e9, calme et \u00e9l\u00e9gance dans le centre de Paris","potentialAction":[{"@type":"SearchAction","target":{"@type":"EntryPoint","urlTemplate":"https:\/\/www.montcalmhotel.com\/?s={search_term_string}"},"query-input":{"@type":"PropertyValueSpecification","valueRequired":true,"valueName":"search_term_string"}}],"inLanguage":"es"}]}},"_links":{"self":[{"href":"https:\/\/www.montcalmhotel.com\/es\/wp-json\/wp\/v2\/pages\/540","targetHints":{"allow":["GET"]}}],"collection":[{"href":"https:\/\/www.montcalmhotel.com\/es\/wp-json\/wp\/v2\/pages"}],"about":[{"href":"https:\/\/www.montcalmhotel.com\/es\/wp-json\/wp\/v2\/types\/page"}],"author":[{"embeddable":true,"href":"https:\/\/www.montcalmhotel.com\/es\/wp-json\/wp\/v2\/users\/1"}],"replies":[{"embeddable":true,"href":"https:\/\/www.montcalmhotel.com\/es\/wp-json\/wp\/v2\/comments?post=540"}],"version-history":[{"count":11,"href":"https:\/\/www.montcalmhotel.com\/es\/wp-json\/wp\/v2\/pages\/540\/revisions"}],"predecessor-version":[{"id":1343,"href":"https:\/\/www.montcalmhotel.com\/es\/wp-json\/wp\/v2\/pages\/540\/revisions\/1343"}],"wp:attachment":[{"href":"https:\/\/www.montcalmhotel.com\/es\/wp-json\/wp\/v2\/media?parent=540"}],"curies":[{"name":"wp","href":"https:\/\/api.w.org\/{rel}","templated":true}]}}