{"id":539,"date":"2020-06-30T10:50:29","date_gmt":"2020-06-30T08:50:29","guid":{"rendered":"http:\/\/sofimediat.fr\/montcalm\/situation\/"},"modified":"2025-01-27T15:47:29","modified_gmt":"2025-01-27T14:47:29","slug":"location","status":"publish","type":"page","link":"https:\/\/www.montcalmhotel.com\/en\/location\/","title":{"rendered":"Situation"},"content":{"rendered":"\n\t<section class=\"section bg-section\" id=\"section_2016645603\">\n\t\t<div class=\"bg section-bg fill bg-fill  bg-loaded\" >\n\n\t\t\t\n\t\t\t\n\t\t\t\n\n\t\t<\/div>\n\n\t\t<div class=\"section-content relative\">\n\t\t\t\n\n<div class=\"row row-collapse\"  id=\"row-1198314753\">\n\n\n\t<div class=\"col small-12 large-12\"  >\n\t\t<div class=\"col-inner dark\" style=\"padding:0px 0px 0 0px;margin:0px 0px 0 0px;\" >\n\t\t\t\n\t\t\t\n\n<h1 class=\"titre-home\" style=\"text-align: center;\"><strong>Location of the Hotel Montcalm <\/strong><\/h1>\n<h2 style=\"text-align: center; font-style: italic;\">\u00ab Less than 15 minutes walking from the Porte de Versailles exhibition center\u00bb<\/h2>\n\n\t\t<\/div>\n\t<\/div>\n\n\t\n\n\n<style scope=\"scope\">\n\n<\/style>\n<\/div>\n\n\t\t<\/div>\n\n\t\t\n<style scope=\"scope\">\n\n#section_2016645603 {\n  padding-top: 30px;\n  padding-bottom: 30px;\n}\n<\/style>\n\t<\/section>\n\t\n\t<section class=\"section\" id=\"section_1544779193\">\n\t\t<div class=\"bg section-bg fill bg-fill  bg-loaded\" >\n\n\t\t\t\n\t\t\t\n\t\t\t\n\n\t\t<\/div>\n\n\t\t<div class=\"section-content relative\">\n\t\t\t\n\n<p><iframe src=\"https:\/\/www.google.com\/maps\/embed?pb=!1m18!1m12!1m3!1d8832.324027282933!2d2.284306524314705!3d48.841699344618334!2m3!1f0!2f0!3f0!3m2!1i1024!2i768!4f13.1!3m3!1m2!1s0x47e6700d8ab1cadd%3A0x7f105d48e66f6a0b!2s50%20Avenue%20F%C3%A9lix%20Faure%2C%2075015%20Paris!5e0!3m2!1sfr!2sfr!4v1592235628978!5m2!1sfr!2sfr\" width=\"100%\" height=\"450\" frameborder=\"0\" style=\"border:0;\" allowfullscreen=\"\" aria-hidden=\"false\" tabindex=\"0\"><\/iframe><\/p>\n\n\t\t<\/div>\n\n\t\t\n<style scope=\"scope\">\n\n#section_1544779193 {\n  padding-top: 0px;\n  padding-bottom: 0px;\n}\n<\/style>\n\t<\/section>\n\t\n\t<section class=\"section\" id=\"section_1976886854\">\n\t\t<div class=\"bg section-bg fill bg-fill  bg-loaded\" >\n\n\t\t\t\n\t\t\t\n\t\t\t\n\n\t\t<\/div>\n\n\t\t<div class=\"section-content relative\">\n\t\t\t\n\n<div class=\"row\"  id=\"row-1234210565\">\n\n\n\t<div class=\"col medium-7 small-12 large-7\"  >\n\t\t<div class=\"col-inner\"  >\n\t\t\t\n\t\t\t\n\n<h3>Montcalm is ideally located for:<\/h3>\n<ul>\n<li><strong>a leisure stay :<\/strong> 10 minutes by public transport from the<strong> Eiffel Tower,<\/strong> a few steps from the new <strong>Beaugrenelle Shopping Center<\/strong>, and a stone&#8217;s throw from the Boucicaut metro line 8, which joins the main tourist points of the Capital: Invalides, Concorde, Madeleine, Opera. ..<\/li>\n<li><strong>or for a business trip<\/strong> within 15 minutes walk away, you will reach the <strong>Porte de Versailles Exhibition Center.<\/strong><\/li>\n<\/ul>\n\n\t\t<\/div>\n\t<\/div>\n\n\t\n\n\t<div class=\"col medium-4 small-12 large-4\"  >\n\t\t<div class=\"col-inner\"  >\n\t\t\t\n\t\t\t\n\n\t<div class=\"img has-hover x md-x lg-x y md-y lg-y\" id=\"image_2045438945\">\n\t\t\t\t\t\t\t\t<div class=\"img-inner image-grayscale box-shadow-3 dark\" >\n\t\t\t<img decoding=\"async\" width=\"800\" height=\"536\" src=\"https:\/\/www.montcalmhotel.com\/wp-content\/uploads\/2024\/12\/TE-effet.jpg\" class=\"attachment-large size-large\" alt=\"\" srcset=\"https:\/\/www.montcalmhotel.com\/wp-content\/uploads\/2024\/12\/TE-effet.jpg 800w, https:\/\/www.montcalmhotel.com\/wp-content\/uploads\/2024\/12\/TE-effet-300x201.jpg 300w, https:\/\/www.montcalmhotel.com\/wp-content\/uploads\/2024\/12\/TE-effet-768x515.jpg 768w\" sizes=\"(max-width: 800px) 100vw, 800px\" \/>\t\t\t\t\t\t\n\t\t\t\t\t<\/div>\n\t\t\t\t\t\t\t\t\n<style scope=\"scope\">\n\n#image_2045438945 {\n  width: 100%;\n}\n<\/style>\n\t<\/div>\n\t\n\n\n\t\t<\/div>\n\t<\/div>\n\n\t\n\n<\/div>\n\n\t\t<\/div>\n\n\t\t\n<style scope=\"scope\">\n\n#section_1976886854 {\n  padding-top: 0px;\n  padding-bottom: 0px;\n}\n<\/style>\n\t<\/section>\n\t\n\n","protected":false},"excerpt":{"rendered":"","protected":false},"author":1,"featured_media":0,"parent":0,"menu_order":0,"comment_status":"closed","ping_status":"closed","template":"page-blank.php","meta":{"footnotes":""},"class_list":["post-539","page","type-page","status-publish","hentry"],"yoast_head":"<!-- This site is optimized with the Yoast SEO plugin v24.9 - https:\/\/yoast.com\/wordpress\/plugins\/seo\/ -->\n<title>Location of the Hotel Montcalm Paris Parc des Expositions<\/title>\n<meta name=\"description\" content=\"Hotel Montcalm, 50 avenue Felix Faure, 75015 Paris (near Parc des Expositions and Porte de Versailles).\" \/>\n<meta name=\"robots\" content=\"index, follow, max-snippet:-1, max-image-preview:large, max-video-preview:-1\" \/>\n<link rel=\"canonical\" href=\"https:\/\/www.montcalmhotel.com\/en\/location\/\" \/>\n<meta property=\"og:locale\" content=\"en_US\" \/>\n<meta property=\"og:type\" content=\"article\" \/>\n<meta property=\"og:title\" content=\"Location of the Hotel Montcalm Paris Parc des Expositions\" \/>\n<meta property=\"og:description\" content=\"Hotel Montcalm, 50 avenue Felix Faure, 75015 Paris (near Parc des Expositions and Porte de Versailles).\" \/>\n<meta property=\"og:url\" content=\"https:\/\/www.montcalmhotel.com\/en\/location\/\" \/>\n<meta property=\"og:site_name\" content=\"H\u00f4tel Montcalm\" \/>\n<meta property=\"article:modified_time\" content=\"2025-01-27T14:47:29+00:00\" \/>\n<meta name=\"twitter:card\" content=\"summary_large_image\" \/>\n<meta name=\"twitter:label1\" content=\"Est. reading time\" \/>\n\t<meta name=\"twitter:data1\" content=\"1 minute\" \/>\n<script type=\"application\/ld+json\" class=\"yoast-schema-graph\">{\"@context\":\"https:\/\/schema.org\",\"@graph\":[{\"@type\":\"WebPage\",\"@id\":\"https:\/\/www.montcalmhotel.com\/en\/location\/\",\"url\":\"https:\/\/www.montcalmhotel.com\/en\/location\/\",\"name\":\"Location of the Hotel Montcalm Paris Parc des Expositions\",\"isPartOf\":{\"@id\":\"https:\/\/www.montcalmhotel.com\/#website\"},\"datePublished\":\"2020-06-30T08:50:29+00:00\",\"dateModified\":\"2025-01-27T14:47:29+00:00\",\"description\":\"Hotel Montcalm, 50 avenue Felix Faure, 75015 Paris (near Parc des Expositions and Porte de Versailles).\",\"breadcrumb\":{\"@id\":\"https:\/\/www.montcalmhotel.com\/en\/location\/#breadcrumb\"},\"inLanguage\":\"en-US\",\"potentialAction\":[{\"@type\":\"ReadAction\",\"target\":[\"https:\/\/www.montcalmhotel.com\/en\/location\/\"]}]},{\"@type\":\"BreadcrumbList\",\"@id\":\"https:\/\/www.montcalmhotel.com\/en\/location\/#breadcrumb\",\"itemListElement\":[{\"@type\":\"ListItem\",\"position\":1,\"name\":\"Accueil\",\"item\":\"https:\/\/www.montcalmhotel.com\/en\/\"},{\"@type\":\"ListItem\",\"position\":2,\"name\":\"Situation\"}]},{\"@type\":\"WebSite\",\"@id\":\"https:\/\/www.montcalmhotel.com\/#website\",\"url\":\"https:\/\/www.montcalmhotel.com\/\",\"name\":\"H\u00f4tel Montcalm\",\"description\":\"Convivialit\u00e9, calme et \u00e9l\u00e9gance dans le centre de Paris\",\"potentialAction\":[{\"@type\":\"SearchAction\",\"target\":{\"@type\":\"EntryPoint\",\"urlTemplate\":\"https:\/\/www.montcalmhotel.com\/?s={search_term_string}\"},\"query-input\":{\"@type\":\"PropertyValueSpecification\",\"valueRequired\":true,\"valueName\":\"search_term_string\"}}],\"inLanguage\":\"en-US\"}]}<\/script>\n<!-- \/ Yoast SEO plugin. -->","yoast_head_json":{"title":"Location of the Hotel Montcalm Paris Parc des Expositions","description":"Hotel Montcalm, 50 avenue Felix Faure, 75015 Paris (near Parc des Expositions and Porte de Versailles).","robots":{"index":"index","follow":"follow","max-snippet":"max-snippet:-1","max-image-preview":"max-image-preview:large","max-video-preview":"max-video-preview:-1"},"canonical":"https:\/\/www.montcalmhotel.com\/en\/location\/","og_locale":"en_US","og_type":"article","og_title":"Location of the Hotel Montcalm Paris Parc des Expositions","og_description":"Hotel Montcalm, 50 avenue Felix Faure, 75015 Paris (near Parc des Expositions and Porte de Versailles).","og_url":"https:\/\/www.montcalmhotel.com\/en\/location\/","og_site_name":"H\u00f4tel Montcalm","article_modified_time":"2025-01-27T14:47:29+00:00","twitter_card":"summary_large_image","twitter_misc":{"Est. reading time":"1 minute"},"schema":{"@context":"https:\/\/schema.org","@graph":[{"@type":"WebPage","@id":"https:\/\/www.montcalmhotel.com\/en\/location\/","url":"https:\/\/www.montcalmhotel.com\/en\/location\/","name":"Location of the Hotel Montcalm Paris Parc des Expositions","isPartOf":{"@id":"https:\/\/www.montcalmhotel.com\/#website"},"datePublished":"2020-06-30T08:50:29+00:00","dateModified":"2025-01-27T14:47:29+00:00","description":"Hotel Montcalm, 50 avenue Felix Faure, 75015 Paris (near Parc des Expositions and Porte de Versailles).","breadcrumb":{"@id":"https:\/\/www.montcalmhotel.com\/en\/location\/#breadcrumb"},"inLanguage":"en-US","potentialAction":[{"@type":"ReadAction","target":["https:\/\/www.montcalmhotel.com\/en\/location\/"]}]},{"@type":"BreadcrumbList","@id":"https:\/\/www.montcalmhotel.com\/en\/location\/#breadcrumb","itemListElement":[{"@type":"ListItem","position":1,"name":"Accueil","item":"https:\/\/www.montcalmhotel.com\/en\/"},{"@type":"ListItem","position":2,"name":"Situation"}]},{"@type":"WebSite","@id":"https:\/\/www.montcalmhotel.com\/#website","url":"https:\/\/www.montcalmhotel.com\/","name":"H\u00f4tel Montcalm","description":"Convivialit\u00e9, calme et \u00e9l\u00e9gance dans le centre de Paris","potentialAction":[{"@type":"SearchAction","target":{"@type":"EntryPoint","urlTemplate":"https:\/\/www.montcalmhotel.com\/?s={search_term_string}"},"query-input":{"@type":"PropertyValueSpecification","valueRequired":true,"valueName":"search_term_string"}}],"inLanguage":"en-US"}]}},"_links":{"self":[{"href":"https:\/\/www.montcalmhotel.com\/en\/wp-json\/wp\/v2\/pages\/539","targetHints":{"allow":["GET"]}}],"collection":[{"href":"https:\/\/www.montcalmhotel.com\/en\/wp-json\/wp\/v2\/pages"}],"about":[{"href":"https:\/\/www.montcalmhotel.com\/en\/wp-json\/wp\/v2\/types\/page"}],"author":[{"embeddable":true,"href":"https:\/\/www.montcalmhotel.com\/en\/wp-json\/wp\/v2\/users\/1"}],"replies":[{"embeddable":true,"href":"https:\/\/www.montcalmhotel.com\/en\/wp-json\/wp\/v2\/comments?post=539"}],"version-history":[{"count":4,"href":"https:\/\/www.montcalmhotel.com\/en\/wp-json\/wp\/v2\/pages\/539\/revisions"}],"predecessor-version":[{"id":998,"href":"https:\/\/www.montcalmhotel.com\/en\/wp-json\/wp\/v2\/pages\/539\/revisions\/998"}],"wp:attachment":[{"href":"https:\/\/www.montcalmhotel.com\/en\/wp-json\/wp\/v2\/media?parent=539"}],"curies":[{"name":"wp","href":"https:\/\/api.w.org\/{rel}","templated":true}]}}