{"id":538,"date":"2020-06-30T07:05:03","date_gmt":"2020-06-30T05:05:03","guid":{"rendered":"http:\/\/sofimediat.fr\/montcalm\/services\/"},"modified":"2025-11-03T09:53:37","modified_gmt":"2025-11-03T08:53:37","slug":"services","status":"publish","type":"page","link":"https:\/\/www.montcalmhotel.com\/en\/services\/","title":{"rendered":"Services"},"content":{"rendered":"\n\t<section class=\"section bg-section\" id=\"section_763330350\">\n\t\t<div class=\"bg section-bg fill bg-fill  bg-loaded\" >\n\n\t\t\t\n\t\t\t\n\t\t\t\n\n\t\t<\/div>\n\n\t\t<div class=\"section-content relative\">\n\t\t\t\n\n<div class=\"row row-collapse\"  id=\"row-1923403567\">\n\n\n\t<div class=\"col small-12 large-12\"  >\n\t\t<div class=\"col-inner dark\" style=\"padding:0px 20px 0px 20px;margin:0px 0px 0 0px;\" >\n\t\t\t\n\t\t\t\n\n<h1 class=\"titre-home\" style=\"text-align: center; margin-bottom:30px;\"><strong>Hotel services<\/strong><\/h1>\n<p>Our multilingual reception staff are available 24\/7. They will be happy to book a table in any restaurant, a taxi, a show or help you with any question to make your stay in Paris a carefree and relaxing one.<\/p>\n\n\t\t<\/div>\n\t<\/div>\n\n\t\n\n\n<style scope=\"scope\">\n\n<\/style>\n<\/div>\n\n\t\t<\/div>\n\n\t\t\n<style scope=\"scope\">\n\n#section_763330350 {\n  padding-top: 30px;\n  padding-bottom: 30px;\n}\n<\/style>\n\t<\/section>\n\t\n\t<section class=\"section\" id=\"section_230590476\">\n\t\t<div class=\"bg section-bg fill bg-fill  \" >\n\n\t\t\t\n\t\t\t\n\t\t\t\n\n\t\t<\/div>\n\n\t\t<div class=\"section-content relative\">\n\t\t\t\n\n\n\t\t<\/div>\n\n\t\t\n<style scope=\"scope\">\n\n#section_230590476 {\n  padding-top: 0px;\n  padding-bottom: 0px;\n  min-height: 250px;\n}\n#section_230590476 .section-bg.bg-loaded {\n  background-image: url(https:\/\/www.montcalmhotel.com\/wp-content\/uploads\/2025\/10\/M19A9289.jpg);\n}\n#section_230590476 .section-bg {\n  background-position: 9% 16%;\n}\n<\/style>\n\t<\/section>\n\t\n\t<section class=\"section\" id=\"section_1878670000\">\n\t\t<div class=\"bg section-bg fill bg-fill  bg-loaded\" >\n\n\t\t\t\n\t\t\t<div class=\"section-bg-overlay absolute fill\"><\/div>\n\t\t\t\n\n\t\t<\/div>\n\n\t\t<div class=\"section-content relative\">\n\t\t\t\n\n<div class=\"row row-large row-full-width align-middle align-center\"  id=\"row-185083008\">\n\n\n\t<div class=\"col medium-12 small-12 large-6\"  data-animate=\"fadeInLeft\">\n\t\t<div class=\"col-inner\"  >\n\t\t\t\n\t\t\t\n\n<div class=\"row row-collapse align-middle align-center\"  id=\"row-884026452\">\n\n\n\t<div class=\"col medium-8 small-12 large-8\"  >\n\t\t<div class=\"col-inner\"  >\n\t\t\t\n\t\t\t\n\n<h2>Buffet breakfast &amp; gluten free breakfast<\/h2>\n<p>Start your day at the Hotel Montcalm with our <strong>varied and delicious buffet breakfast<\/strong> served between 07:00 and 10:30 in our <strong>cosy breakfast room<\/strong> nicely decorated with wood-panelled walls<\/p>\n<p><strong>On warm days<\/strong> guests can enjoy a leisurely breakfast <strong>in our peaceful inner garden.<\/strong><\/p>\n<p><strong>No Gluten?<\/strong> The HotelMontcalm offers you a complete gluten free breakfast. To be reserved before arrival and with an extra charge of 5\u20ac per person<\/p>\n\n\t\t<\/div>\n\t<\/div>\n\n\t\n\n\n<style scope=\"scope\">\n\n<\/style>\n<\/div>\n\n\t\t<\/div>\n\t<\/div>\n\n\t\n\n\t<div class=\"col medium-10 small-12 large-6\"  data-animate=\"fadeInRight\">\n\t\t<div class=\"col-inner\"  >\n\t\t\t\n\t\t\t\n\n\t<div class=\"img has-hover x md-x lg-x y md-y lg-y\" id=\"image_2083412390\">\n\t\t<a class=\"\" href=\"#\"  >\t\t\t\t\t\t<div class=\"img-inner image-grayscale box-shadow-3 dark\" >\n\t\t\t<img decoding=\"async\" width=\"1020\" height=\"680\" src=\"https:\/\/www.montcalmhotel.com\/wp-content\/uploads\/2025\/10\/173230114-1.jpg\" class=\"attachment-large size-large\" alt=\"\" srcset=\"https:\/\/www.montcalmhotel.com\/wp-content\/uploads\/2025\/10\/173230114-1.jpg 1024w, https:\/\/www.montcalmhotel.com\/wp-content\/uploads\/2025\/10\/173230114-1-300x200.jpg 300w, https:\/\/www.montcalmhotel.com\/wp-content\/uploads\/2025\/10\/173230114-1-768x512.jpg 768w\" sizes=\"(max-width: 1020px) 100vw, 1020px\" \/>\t\t\t\t\t\t\n\t\t\t\t\t<\/div>\n\t\t\t\t\t\t<\/a>\t\t\n<style scope=\"scope\">\n\n#image_2083412390 {\n  width: 100%;\n}\n<\/style>\n\t<\/div>\n\t\n\n\n\t\t<\/div>\n\t<\/div>\n\n\t\n\n\n<style scope=\"scope\">\n\n<\/style>\n<\/div>\n\n\t\t<\/div>\n\n\t\t\n<style scope=\"scope\">\n\n#section_1878670000 {\n  padding-top: 30px;\n  padding-bottom: 30px;\n  background-color: rgb(255,255,255);\n}\n#section_1878670000 .section-bg-overlay {\n  background-color: rgba(255,255,255,.5);\n}\n<\/style>\n\t<\/section>\n\t\n\t<section class=\"section\" id=\"section_274547548\">\n\t\t<div class=\"bg section-bg fill bg-fill  bg-loaded\" >\n\n\t\t\t\n\t\t\t\n\t\t\t\n\n\t\t<\/div>\n\n\t\t<div class=\"section-content relative\">\n\t\t\t\n\n<div class=\"row row-large row-full-width align-middle align-center\"  id=\"row-369626467\">\n\n\n\t<div class=\"col medium-10 small-12 large-6\"  data-animate=\"fadeInLeft\">\n\t\t<div class=\"col-inner\"  >\n\t\t\t\n\t\t\t\n\n\t<div class=\"img has-hover x md-x lg-x y md-y lg-y\" id=\"image_1378349722\">\n\t\t<a class=\"\" href=\"#\"  >\t\t\t\t\t\t<div class=\"img-inner image-grayscale box-shadow-3 dark\" >\n\t\t\t<img decoding=\"async\" width=\"1020\" height=\"680\" src=\"https:\/\/www.montcalmhotel.com\/wp-content\/uploads\/2025\/10\/M19A9355-1024x683.jpg\" class=\"attachment-large size-large\" alt=\"\" srcset=\"https:\/\/www.montcalmhotel.com\/wp-content\/uploads\/2025\/10\/M19A9355-1024x683.jpg 1024w, https:\/\/www.montcalmhotel.com\/wp-content\/uploads\/2025\/10\/M19A9355-300x200.jpg 300w, https:\/\/www.montcalmhotel.com\/wp-content\/uploads\/2025\/10\/M19A9355-768x512.jpg 768w, https:\/\/www.montcalmhotel.com\/wp-content\/uploads\/2025\/10\/M19A9355-1536x1024.jpg 1536w, https:\/\/www.montcalmhotel.com\/wp-content\/uploads\/2025\/10\/M19A9355.jpg 2016w\" sizes=\"(max-width: 1020px) 100vw, 1020px\" \/>\t\t\t\t\t\t\n\t\t\t\t\t<\/div>\n\t\t\t\t\t\t<\/a>\t\t\n<style scope=\"scope\">\n\n#image_1378349722 {\n  width: 100%;\n}\n<\/style>\n\t<\/div>\n\t\n\n\n\t\t<\/div>\n\t<\/div>\n\n\t\n\n\t<div class=\"col medium-12 small-12 large-6 medium-col-first\"  data-animate=\"fadeInRight\">\n\t\t<div class=\"col-inner\"  >\n\t\t\t\n\t\t\t\n\n<div class=\"row row-collapse align-center\"  id=\"row-983622818\">\n\n\n\t<div class=\"col medium-8 small-12 large-8\"  >\n\t\t<div class=\"col-inner\"  >\n\t\t\t\n\t\t\t\n\n<h2>Bar<\/h2>\n<p>At the H\u00f4tel Montcalm guests can relax and enjoy a drink in the lounge part of our lobby.<\/p>\n<p>Vous pourrez profiter de nos salons, ou de notre jardin pour vous y installer confortablement afin d&#8217;appr\u00e9cier votre boisson.<\/p>\n\n\t\t<\/div>\n\t<\/div>\n\n\t\n\n\n<style scope=\"scope\">\n\n<\/style>\n<\/div>\n\n\t\t<\/div>\n\t<\/div>\n\n\t\n\n\n<style scope=\"scope\">\n\n<\/style>\n<\/div>\n\n\t\t<\/div>\n\n\t\t\n<style scope=\"scope\">\n\n#section_274547548 {\n  padding-top: 30px;\n  padding-bottom: 30px;\n}\n<\/style>\n\t<\/section>\n\t\n\t<section class=\"section\" id=\"section_1166682322\">\n\t\t<div class=\"bg section-bg fill bg-fill  bg-loaded\" >\n\n\t\t\t\n\t\t\t<div class=\"section-bg-overlay absolute fill\"><\/div>\n\t\t\t\n\n\t\t<\/div>\n\n\t\t<div class=\"section-content relative\">\n\t\t\t\n\n<div class=\"row row-large row-full-width align-middle align-center\"  id=\"row-1301791618\">\n\n\n\t<div class=\"col medium-12 small-12 large-6\"  data-animate=\"fadeInLeft\">\n\t\t<div class=\"col-inner\"  >\n\t\t\t\n\t\t\t\n\n<div class=\"row row-collapse align-middle align-center\"  id=\"row-1415757981\">\n\n\n\t<div class=\"col medium-8 small-12 large-8\"  >\n\t\t<div class=\"col-inner\"  >\n\t\t\t\n\t\t\t\n\n<h2>Veranda<\/h2>\n<p>Enjoy a leisurely break in our fully enclosed veranda decorated with greenery and which features comfortable seating arrangements where guests can relax and enjoy a drink.<\/p>\n\n\t\t<\/div>\n\t<\/div>\n\n\t\n\n\n<style scope=\"scope\">\n\n<\/style>\n<\/div>\n\n\t\t<\/div>\n\t<\/div>\n\n\t\n\n\t<div class=\"col medium-10 small-12 large-6\"  data-animate=\"fadeInRight\">\n\t\t<div class=\"col-inner\"  >\n\t\t\t\n\t\t\t\n\n\t<div class=\"img has-hover x md-x lg-x y md-y lg-y\" id=\"image_1044298908\">\n\t\t<a class=\"\" href=\"#\"  >\t\t\t\t\t\t<div class=\"img-inner image-grayscale box-shadow-3 dark\" >\n\t\t\t<img decoding=\"async\" width=\"1020\" height=\"680\" src=\"https:\/\/www.montcalmhotel.com\/wp-content\/uploads\/2025\/10\/M19A9261-1024x683.jpg\" class=\"attachment-large size-large\" alt=\"\" srcset=\"https:\/\/www.montcalmhotel.com\/wp-content\/uploads\/2025\/10\/M19A9261-1024x683.jpg 1024w, https:\/\/www.montcalmhotel.com\/wp-content\/uploads\/2025\/10\/M19A9261-300x200.jpg 300w, https:\/\/www.montcalmhotel.com\/wp-content\/uploads\/2025\/10\/M19A9261-768x512.jpg 768w, https:\/\/www.montcalmhotel.com\/wp-content\/uploads\/2025\/10\/M19A9261-1536x1024.jpg 1536w, https:\/\/www.montcalmhotel.com\/wp-content\/uploads\/2025\/10\/M19A9261.jpg 2016w\" sizes=\"(max-width: 1020px) 100vw, 1020px\" \/>\t\t\t\t\t\t\n\t\t\t\t\t<\/div>\n\t\t\t\t\t\t<\/a>\t\t\n<style scope=\"scope\">\n\n#image_1044298908 {\n  width: 100%;\n}\n<\/style>\n\t<\/div>\n\t\n\n\n\t\t<\/div>\n\t<\/div>\n\n\t\n\n\n<style scope=\"scope\">\n\n<\/style>\n<\/div>\n\n\t\t<\/div>\n\n\t\t\n<style scope=\"scope\">\n\n#section_1166682322 {\n  padding-top: 30px;\n  padding-bottom: 30px;\n  background-color: rgb(255,255,255);\n}\n#section_1166682322 .section-bg-overlay {\n  background-color: rgba(255,255,255,.5);\n}\n<\/style>\n\t<\/section>\n\t\n\t<section class=\"section\" id=\"section_1988897143\">\n\t\t<div class=\"bg section-bg fill bg-fill  bg-loaded\" >\n\n\t\t\t\n\t\t\t\n\t\t\t\n\n\t\t<\/div>\n\n\t\t<div class=\"section-content relative\">\n\t\t\t\n\n<div class=\"row row-large row-full-width align-middle align-center\"  id=\"row-227161271\">\n\n\n\t<div class=\"col medium-10 small-12 large-6\"  data-animate=\"fadeInLeft\">\n\t\t<div class=\"col-inner\"  >\n\t\t\t\n\t\t\t\n\n\t<div class=\"img has-hover x md-x lg-x y md-y lg-y\" id=\"image_1795780363\">\n\t\t<a class=\"\" href=\"#\"  >\t\t\t\t\t\t<div class=\"img-inner image-grayscale box-shadow-3 dark\" >\n\t\t\t<img decoding=\"async\" width=\"1020\" height=\"679\" src=\"https:\/\/www.montcalmhotel.com\/wp-content\/uploads\/2025\/10\/M19A9283-1024x682.jpg\" class=\"attachment-large size-large\" alt=\"\" srcset=\"https:\/\/www.montcalmhotel.com\/wp-content\/uploads\/2025\/10\/M19A9283-1024x682.jpg 1024w, https:\/\/www.montcalmhotel.com\/wp-content\/uploads\/2025\/10\/M19A9283-300x200.jpg 300w, https:\/\/www.montcalmhotel.com\/wp-content\/uploads\/2025\/10\/M19A9283-768x512.jpg 768w, https:\/\/www.montcalmhotel.com\/wp-content\/uploads\/2025\/10\/M19A9283-1536x1024.jpg 1536w, https:\/\/www.montcalmhotel.com\/wp-content\/uploads\/2025\/10\/M19A9283.jpg 2009w\" sizes=\"(max-width: 1020px) 100vw, 1020px\" \/>\t\t\t\t\t\t\n\t\t\t\t\t<\/div>\n\t\t\t\t\t\t<\/a>\t\t\n<style scope=\"scope\">\n\n#image_1795780363 {\n  width: 100%;\n}\n<\/style>\n\t<\/div>\n\t\n\n\n\t\t<\/div>\n\t<\/div>\n\n\t\n\n\t<div class=\"col medium-12 small-12 large-6 medium-col-first\"  data-animate=\"fadeInRight\">\n\t\t<div class=\"col-inner\"  >\n\t\t\t\n\t\t\t\n\n<div class=\"row row-collapse align-middle align-center\"  id=\"row-1438541447\">\n\n\n\t<div class=\"col medium-8 small-12 large-8\"  >\n\t\t<div class=\"col-inner\"  >\n\t\t\t\n\t\t\t\n\n<h2>Inner garden<\/h2>\n<p>Take a relaxing break in our quiet secluded inner garden. Our charming little nook has been especially designed with comfortable seating arrangements, a fountain flowers and all year long greenery making it an ideal refuge to escape the hustle and bustle of the city.<\/p>\n\n\t\t<\/div>\n\t<\/div>\n\n\t\n\n\n<style scope=\"scope\">\n\n<\/style>\n<\/div>\n\n\t\t<\/div>\n\t<\/div>\n\n\t\n\n\n<style scope=\"scope\">\n\n<\/style>\n<\/div>\n\n\t\t<\/div>\n\n\t\t\n<style scope=\"scope\">\n\n#section_1988897143 {\n  padding-top: 30px;\n  padding-bottom: 30px;\n}\n<\/style>\n\t<\/section>\n\t\n\n","protected":false},"excerpt":{"rendered":"","protected":false},"author":1,"featured_media":0,"parent":0,"menu_order":0,"comment_status":"closed","ping_status":"closed","template":"page-blank.php","meta":{"footnotes":""},"class_list":["post-538","page","type-page","status-publish","hentry"],"yoast_head":"<!-- This site is optimized with the Yoast SEO plugin v24.9 - https:\/\/yoast.com\/wordpress\/plugins\/seo\/ -->\n<title>Services of the Hotel Montcalm Paris 15 - Official website<\/title>\n<meta name=\"description\" content=\"The Hotel is located in a nice and quiet area of Paris near Porte de Versailles. Enjoy a drink at the bar and take some time for yourself in the veranda.\" \/>\n<meta name=\"robots\" content=\"index, follow, max-snippet:-1, max-image-preview:large, max-video-preview:-1\" \/>\n<link rel=\"canonical\" href=\"https:\/\/www.montcalmhotel.com\/en\/services\/\" \/>\n<meta property=\"og:locale\" content=\"en_US\" \/>\n<meta property=\"og:type\" content=\"article\" \/>\n<meta property=\"og:title\" content=\"Services of the Hotel Montcalm Paris 15 - Official website\" \/>\n<meta property=\"og:description\" content=\"The Hotel is located in a nice and quiet area of Paris near Porte de Versailles. Enjoy a drink at the bar and take some time for yourself in the veranda.\" \/>\n<meta property=\"og:url\" content=\"https:\/\/www.montcalmhotel.com\/en\/services\/\" \/>\n<meta property=\"og:site_name\" content=\"H\u00f4tel Montcalm\" \/>\n<meta property=\"article:modified_time\" content=\"2025-11-03T08:53:37+00:00\" \/>\n<meta name=\"twitter:card\" content=\"summary_large_image\" \/>\n<meta name=\"twitter:label1\" content=\"Est. reading time\" \/>\n\t<meta name=\"twitter:data1\" content=\"3 minutes\" \/>\n<script type=\"application\/ld+json\" class=\"yoast-schema-graph\">{\"@context\":\"https:\/\/schema.org\",\"@graph\":[{\"@type\":\"WebPage\",\"@id\":\"https:\/\/www.montcalmhotel.com\/en\/services\/\",\"url\":\"https:\/\/www.montcalmhotel.com\/en\/services\/\",\"name\":\"Services of the Hotel Montcalm Paris 15 - Official website\",\"isPartOf\":{\"@id\":\"https:\/\/www.montcalmhotel.com\/#website\"},\"datePublished\":\"2020-06-30T05:05:03+00:00\",\"dateModified\":\"2025-11-03T08:53:37+00:00\",\"description\":\"The Hotel is located in a nice and quiet area of Paris near Porte de Versailles. Enjoy a drink at the bar and take some time for yourself in the veranda.\",\"breadcrumb\":{\"@id\":\"https:\/\/www.montcalmhotel.com\/en\/services\/#breadcrumb\"},\"inLanguage\":\"en-US\",\"potentialAction\":[{\"@type\":\"ReadAction\",\"target\":[\"https:\/\/www.montcalmhotel.com\/en\/services\/\"]}]},{\"@type\":\"BreadcrumbList\",\"@id\":\"https:\/\/www.montcalmhotel.com\/en\/services\/#breadcrumb\",\"itemListElement\":[{\"@type\":\"ListItem\",\"position\":1,\"name\":\"Accueil\",\"item\":\"https:\/\/www.montcalmhotel.com\/en\/\"},{\"@type\":\"ListItem\",\"position\":2,\"name\":\"Services\"}]},{\"@type\":\"WebSite\",\"@id\":\"https:\/\/www.montcalmhotel.com\/#website\",\"url\":\"https:\/\/www.montcalmhotel.com\/\",\"name\":\"H\u00f4tel Montcalm\",\"description\":\"Convivialit\u00e9, calme et \u00e9l\u00e9gance dans le centre de Paris\",\"potentialAction\":[{\"@type\":\"SearchAction\",\"target\":{\"@type\":\"EntryPoint\",\"urlTemplate\":\"https:\/\/www.montcalmhotel.com\/?s={search_term_string}\"},\"query-input\":{\"@type\":\"PropertyValueSpecification\",\"valueRequired\":true,\"valueName\":\"search_term_string\"}}],\"inLanguage\":\"en-US\"}]}<\/script>\n<!-- \/ Yoast SEO plugin. -->","yoast_head_json":{"title":"Services of the Hotel Montcalm Paris 15 - Official website","description":"The Hotel is located in a nice and quiet area of Paris near Porte de Versailles. Enjoy a drink at the bar and take some time for yourself in the veranda.","robots":{"index":"index","follow":"follow","max-snippet":"max-snippet:-1","max-image-preview":"max-image-preview:large","max-video-preview":"max-video-preview:-1"},"canonical":"https:\/\/www.montcalmhotel.com\/en\/services\/","og_locale":"en_US","og_type":"article","og_title":"Services of the Hotel Montcalm Paris 15 - Official website","og_description":"The Hotel is located in a nice and quiet area of Paris near Porte de Versailles. Enjoy a drink at the bar and take some time for yourself in the veranda.","og_url":"https:\/\/www.montcalmhotel.com\/en\/services\/","og_site_name":"H\u00f4tel Montcalm","article_modified_time":"2025-11-03T08:53:37+00:00","twitter_card":"summary_large_image","twitter_misc":{"Est. reading time":"3 minutes"},"schema":{"@context":"https:\/\/schema.org","@graph":[{"@type":"WebPage","@id":"https:\/\/www.montcalmhotel.com\/en\/services\/","url":"https:\/\/www.montcalmhotel.com\/en\/services\/","name":"Services of the Hotel Montcalm Paris 15 - Official website","isPartOf":{"@id":"https:\/\/www.montcalmhotel.com\/#website"},"datePublished":"2020-06-30T05:05:03+00:00","dateModified":"2025-11-03T08:53:37+00:00","description":"The Hotel is located in a nice and quiet area of Paris near Porte de Versailles. Enjoy a drink at the bar and take some time for yourself in the veranda.","breadcrumb":{"@id":"https:\/\/www.montcalmhotel.com\/en\/services\/#breadcrumb"},"inLanguage":"en-US","potentialAction":[{"@type":"ReadAction","target":["https:\/\/www.montcalmhotel.com\/en\/services\/"]}]},{"@type":"BreadcrumbList","@id":"https:\/\/www.montcalmhotel.com\/en\/services\/#breadcrumb","itemListElement":[{"@type":"ListItem","position":1,"name":"Accueil","item":"https:\/\/www.montcalmhotel.com\/en\/"},{"@type":"ListItem","position":2,"name":"Services"}]},{"@type":"WebSite","@id":"https:\/\/www.montcalmhotel.com\/#website","url":"https:\/\/www.montcalmhotel.com\/","name":"H\u00f4tel Montcalm","description":"Convivialit\u00e9, calme et \u00e9l\u00e9gance dans le centre de Paris","potentialAction":[{"@type":"SearchAction","target":{"@type":"EntryPoint","urlTemplate":"https:\/\/www.montcalmhotel.com\/?s={search_term_string}"},"query-input":{"@type":"PropertyValueSpecification","valueRequired":true,"valueName":"search_term_string"}}],"inLanguage":"en-US"}]}},"_links":{"self":[{"href":"https:\/\/www.montcalmhotel.com\/en\/wp-json\/wp\/v2\/pages\/538","targetHints":{"allow":["GET"]}}],"collection":[{"href":"https:\/\/www.montcalmhotel.com\/en\/wp-json\/wp\/v2\/pages"}],"about":[{"href":"https:\/\/www.montcalmhotel.com\/en\/wp-json\/wp\/v2\/types\/page"}],"author":[{"embeddable":true,"href":"https:\/\/www.montcalmhotel.com\/en\/wp-json\/wp\/v2\/users\/1"}],"replies":[{"embeddable":true,"href":"https:\/\/www.montcalmhotel.com\/en\/wp-json\/wp\/v2\/comments?post=538"}],"version-history":[{"count":10,"href":"https:\/\/www.montcalmhotel.com\/en\/wp-json\/wp\/v2\/pages\/538\/revisions"}],"predecessor-version":[{"id":1329,"href":"https:\/\/www.montcalmhotel.com\/en\/wp-json\/wp\/v2\/pages\/538\/revisions\/1329"}],"wp:attachment":[{"href":"https:\/\/www.montcalmhotel.com\/en\/wp-json\/wp\/v2\/media?parent=538"}],"curies":[{"name":"wp","href":"https:\/\/api.w.org\/{rel}","templated":true}]}}