{"id":537,"date":"2020-06-30T11:43:57","date_gmt":"2020-06-30T09:43:57","guid":{"rendered":"http:\/\/sofimediat.fr\/montcalm\/offres\/"},"modified":"2025-11-03T10:16:13","modified_gmt":"2025-11-03T09:16:13","slug":"offers","status":"publish","type":"page","link":"https:\/\/www.montcalmhotel.com\/en\/offers\/","title":{"rendered":"Offres"},"content":{"rendered":"\n\t<section class=\"section bg-section\" id=\"section_1551443828\">\n\t\t<div class=\"bg section-bg fill bg-fill  bg-loaded\" >\n\n\t\t\t\n\t\t\t\n\t\t\t\n\n\t\t<\/div>\n\n\t\t<div class=\"section-content relative\">\n\t\t\t\n\n<div class=\"row row-collapse\"  id=\"row-335581498\">\n\n\n\t<div class=\"col small-12 large-12\"  >\n\t\t<div class=\"col-inner dark\" style=\"padding:0px 20px 0px 20px;margin:0px 0px 0 0px;\" >\n\t\t\t\n\t\t\t\n\n<h1 class=\"titre-home\" style=\"text-align: center; margin-bottom: 30px;\"><strong>Our special commitment<\/strong><\/h1>\n<div>\n<p>For any reservation on our site you will benefit from the following advantages:<\/p>\n<ul style=\"color: #777;\">\n<li><strong>Best rate available guaranteed<\/strong><\/li>\n<li><strong>5 euros off on our breakfast<\/strong><\/li>\n<\/ul>\n<\/div>\n\n\t\t<\/div>\n\t<\/div>\n\n\t\n\n\n<style scope=\"scope\">\n\n<\/style>\n<\/div>\n\n\t\t<\/div>\n\n\t\t\n<style scope=\"scope\">\n\n#section_1551443828 {\n  padding-top: 30px;\n  padding-bottom: 30px;\n}\n<\/style>\n\t<\/section>\n\t\n\t<section class=\"section\" id=\"section_702295776\">\n\t\t<div class=\"bg section-bg fill bg-fill  \" >\n\n\t\t\t\n\t\t\t\n\t\t\t\n\n\t\t<\/div>\n\n\t\t<div class=\"section-content relative\">\n\t\t\t\n\n\n\t\t<\/div>\n\n\t\t\n<style scope=\"scope\">\n\n#section_702295776 {\n  padding-top: 0px;\n  padding-bottom: 0px;\n  min-height: 250px;\n}\n#section_702295776 .section-bg.bg-loaded {\n  background-image: url(https:\/\/www.montcalmhotel.com\/wp-content\/uploads\/2025\/10\/M19A9289-1.jpg);\n}\n#section_702295776 .section-bg {\n  background-position: 45% 17%;\n}\n<\/style>\n\t<\/section>\n\t\n\t<section class=\"section\" id=\"section_2103275491\">\n\t\t<div class=\"bg section-bg fill bg-fill  bg-loaded\" >\n\n\t\t\t\n\t\t\t<div class=\"section-bg-overlay absolute fill\"><\/div>\n\t\t\t\n\n\t\t<\/div>\n\n\t\t<div class=\"section-content relative\">\n\t\t\t\n\n<div class=\"row row-large row-full-width align-middle align-center\"  id=\"row-1770979612\">\n\n\n\t<div class=\"col medium-12 small-12 large-6\"  data-animate=\"fadeInLeft\">\n\t\t<div class=\"col-inner\"  >\n\t\t\t\n\t\t\t\n\n<div class=\"row row-collapse align-middle align-center\"  id=\"row-1942762243\">\n\n\n\t<div class=\"col medium-8 small-12 large-8\"  >\n\t\t<div class=\"col-inner\"  >\n\t\t\t\n\t\t\t\n\n<h2>Non-Refundable Rate: NON CANCELLABLE &#8211; NON REFUNDABLE<\/h2>\n<p>15% for a non-cancellable rate<\/p>\n<a href=\"tel:+33145549727\" target=\"_self\" class=\"button primary is-outline is-small expand show-for-medium\"  style=\"border-radius:99px;\">\n    <span>Call us!<\/span>\n  <\/a>\n\n\n<a rel=\"noopener noreferrer\" href=\"mailto:info@montcalmhotel.com\" target=\"_blank\" class=\"button primary is-outline is-small expand\"  style=\"border-radius:99px;\">\n    <span>Write us!<\/span>\n  <\/a>\n\n\n<a rel=\"noopener noreferrer\" href=\"https:\/\/www.secure-hotel-booking.com\/Hotel-Montcalm\/JHUJ\/en-US?hotelId=30612\" target=\"_blank\" class=\"button primary is-small expand\"  style=\"border-radius:99px;\">\n    <span>Online booking<\/span>\n  <\/a>\n\n\n\n\t\t<\/div>\n\t<\/div>\n\n\t\n\n\n<style scope=\"scope\">\n\n<\/style>\n<\/div>\n\n\t\t<\/div>\n\t<\/div>\n\n\t\n\n\t<div class=\"col medium-10 small-12 large-6\"  data-animate=\"fadeInRight\">\n\t\t<div class=\"col-inner\"  >\n\t\t\t\n\t\t\t\n\n\t<div class=\"img has-hover x md-x lg-x y md-y lg-y\" id=\"image_791249731\">\n\t\t<a class=\"\" href=\"#\"  >\t\t\t\t\t\t<div class=\"img-inner image-grayscale box-shadow-3 dark\" >\n\t\t\t<img decoding=\"async\" width=\"1020\" height=\"680\" src=\"https:\/\/www.montcalmhotel.com\/wp-content\/uploads\/2025\/10\/M19A9357-1024x683.jpg\" class=\"attachment-large size-large\" alt=\"\" srcset=\"https:\/\/www.montcalmhotel.com\/wp-content\/uploads\/2025\/10\/M19A9357-1024x683.jpg 1024w, https:\/\/www.montcalmhotel.com\/wp-content\/uploads\/2025\/10\/M19A9357-300x200.jpg 300w, https:\/\/www.montcalmhotel.com\/wp-content\/uploads\/2025\/10\/M19A9357-768x512.jpg 768w, https:\/\/www.montcalmhotel.com\/wp-content\/uploads\/2025\/10\/M19A9357-1536x1024.jpg 1536w, https:\/\/www.montcalmhotel.com\/wp-content\/uploads\/2025\/10\/M19A9357-e1761669131928.jpg 2016w\" sizes=\"(max-width: 1020px) 100vw, 1020px\" \/>\t\t\t\t\t\t\n\t\t\t\t\t<\/div>\n\t\t\t\t\t\t<\/a>\t\t\n<style scope=\"scope\">\n\n#image_791249731 {\n  width: 100%;\n}\n<\/style>\n\t<\/div>\n\t\n\n\n\t\t<\/div>\n\t<\/div>\n\n\t\n\n\n<style scope=\"scope\">\n\n<\/style>\n<\/div>\n\n\t\t<\/div>\n\n\t\t\n<style scope=\"scope\">\n\n#section_2103275491 {\n  padding-top: 30px;\n  padding-bottom: 30px;\n  background-color: rgb(255,255,255);\n}\n#section_2103275491 .section-bg-overlay {\n  background-color: rgba(255,255,255,.5);\n}\n<\/style>\n\t<\/section>\n\t\n\t<section class=\"section\" id=\"section_1380259840\">\n\t\t<div class=\"bg section-bg fill bg-fill  bg-loaded\" >\n\n\t\t\t\n\t\t\t\n\t\t\t\n\n\t\t<\/div>\n\n\t\t<div class=\"section-content relative\">\n\t\t\t\n\n<div class=\"row row-large row-full-width align-middle align-center\"  id=\"row-614209791\">\n\n\n\t<div class=\"col medium-10 small-12 large-6\"  data-animate=\"fadeInLeft\">\n\t\t<div class=\"col-inner\"  >\n\t\t\t\n\t\t\t\n\n\t<div class=\"img has-hover x md-x lg-x y md-y lg-y\" id=\"image_158225742\">\n\t\t<a class=\"\" href=\"#\"  >\t\t\t\t\t\t<div class=\"img-inner image-grayscale box-shadow-3 dark\" >\n\t\t\t<img decoding=\"async\" width=\"1020\" height=\"680\" src=\"https:\/\/www.montcalmhotel.com\/wp-content\/uploads\/2025\/10\/M19A7698-Modifier-1024x683.jpg\" class=\"attachment-large size-large\" alt=\"\" srcset=\"https:\/\/www.montcalmhotel.com\/wp-content\/uploads\/2025\/10\/M19A7698-Modifier-1024x683.jpg 1024w, https:\/\/www.montcalmhotel.com\/wp-content\/uploads\/2025\/10\/M19A7698-Modifier-300x200.jpg 300w, https:\/\/www.montcalmhotel.com\/wp-content\/uploads\/2025\/10\/M19A7698-Modifier-768x512.jpg 768w, https:\/\/www.montcalmhotel.com\/wp-content\/uploads\/2025\/10\/M19A7698-Modifier-1536x1024.jpg 1536w, https:\/\/www.montcalmhotel.com\/wp-content\/uploads\/2025\/10\/M19A7698-Modifier.jpg 2016w\" sizes=\"(max-width: 1020px) 100vw, 1020px\" \/>\t\t\t\t\t\t\n\t\t\t\t\t<\/div>\n\t\t\t\t\t\t<\/a>\t\t\n<style scope=\"scope\">\n\n#image_158225742 {\n  width: 100%;\n}\n<\/style>\n\t<\/div>\n\t\n\n\n\t\t<\/div>\n\t<\/div>\n\n\t\n\n\t<div class=\"col medium-12 small-12 large-6 medium-col-first\"  data-animate=\"fadeInRight\">\n\t\t<div class=\"col-inner\"  >\n\t\t\t\n\t\t\t\n\n<div class=\"row row-collapse align-center\"  id=\"row-2064965123\">\n\n\n\t<div class=\"col medium-8 small-12 large-8\"  >\n\t\t<div class=\"col-inner\"  >\n\t\t\t\n\t\t\t\n\n<h2>Flexible rate<\/h2>\n<p>Flexible rate, exchangeable and modifiable up to 24 hours before the date of arrival.<\/p>\n<a href=\"tel:+33145549727\" target=\"_self\" class=\"button primary is-outline is-small expand show-for-medium\"  style=\"border-radius:99px;\">\n    <span>Call us!<\/span>\n  <\/a>\n\n\n<a rel=\"noopener noreferrer\" href=\"mailto:info@montcalmhotel.com\" target=\"_blank\" class=\"button primary is-outline is-small expand\"  style=\"border-radius:99px;\">\n    <span>Write us!<\/span>\n  <\/a>\n\n\n<a rel=\"noopener noreferrer\" href=\"https:\/\/www.secure-hotel-booking.com\/Hotel-Montcalm\/JHUJ\/en-US?hotelId=30612\" target=\"_blank\" class=\"button primary is-small expand\"  style=\"border-radius:99px;\">\n    <span>Online Booking<\/span>\n  <\/a>\n\n\n\n\t\t<\/div>\n\t<\/div>\n\n\t\n\n\n<style scope=\"scope\">\n\n<\/style>\n<\/div>\n\n\t\t<\/div>\n\t<\/div>\n\n\t\n\n\n<style scope=\"scope\">\n\n<\/style>\n<\/div>\n\n\t\t<\/div>\n\n\t\t\n<style scope=\"scope\">\n\n#section_1380259840 {\n  padding-top: 30px;\n  padding-bottom: 30px;\n}\n<\/style>\n\t<\/section>\n\t\n\n","protected":false},"excerpt":{"rendered":"","protected":false},"author":1,"featured_media":0,"parent":0,"menu_order":0,"comment_status":"closed","ping_status":"closed","template":"page-blank.php","meta":{"footnotes":""},"class_list":["post-537","page","type-page","status-publish","hentry"],"yoast_head":"<!-- This site is optimized with the Yoast SEO plugin v24.9 - https:\/\/yoast.com\/wordpress\/plugins\/seo\/ -->\n<title>Hotel Montcalm Paris *** | Hotel Paris 15 | Offers<\/title>\n<meta name=\"description\" content=\"Enjoy our special offers and save money by booking online and in advance on our official site. Take some time to visit Paris 15 and its attractions.\" \/>\n<meta name=\"robots\" content=\"index, follow, max-snippet:-1, max-image-preview:large, max-video-preview:-1\" \/>\n<link rel=\"canonical\" href=\"https:\/\/www.montcalmhotel.com\/en\/offers\/\" \/>\n<meta property=\"og:locale\" content=\"en_US\" \/>\n<meta property=\"og:type\" content=\"article\" \/>\n<meta property=\"og:title\" content=\"Hotel Montcalm Paris *** | Hotel Paris 15 | Offers\" \/>\n<meta property=\"og:description\" content=\"Enjoy our special offers and save money by booking online and in advance on our official site. Take some time to visit Paris 15 and its attractions.\" \/>\n<meta property=\"og:url\" content=\"https:\/\/www.montcalmhotel.com\/en\/offers\/\" \/>\n<meta property=\"og:site_name\" content=\"H\u00f4tel Montcalm\" \/>\n<meta property=\"article:modified_time\" content=\"2025-11-03T09:16:13+00:00\" \/>\n<meta name=\"twitter:card\" content=\"summary_large_image\" \/>\n<meta name=\"twitter:label1\" content=\"Est. reading time\" \/>\n\t<meta name=\"twitter:data1\" content=\"2 minutes\" \/>\n<script type=\"application\/ld+json\" class=\"yoast-schema-graph\">{\"@context\":\"https:\/\/schema.org\",\"@graph\":[{\"@type\":\"WebPage\",\"@id\":\"https:\/\/www.montcalmhotel.com\/en\/offers\/\",\"url\":\"https:\/\/www.montcalmhotel.com\/en\/offers\/\",\"name\":\"Hotel Montcalm Paris *** | Hotel Paris 15 | Offers\",\"isPartOf\":{\"@id\":\"https:\/\/www.montcalmhotel.com\/#website\"},\"datePublished\":\"2020-06-30T09:43:57+00:00\",\"dateModified\":\"2025-11-03T09:16:13+00:00\",\"description\":\"Enjoy our special offers and save money by booking online and in advance on our official site. Take some time to visit Paris 15 and its attractions.\",\"breadcrumb\":{\"@id\":\"https:\/\/www.montcalmhotel.com\/en\/offers\/#breadcrumb\"},\"inLanguage\":\"en-US\",\"potentialAction\":[{\"@type\":\"ReadAction\",\"target\":[\"https:\/\/www.montcalmhotel.com\/en\/offers\/\"]}]},{\"@type\":\"BreadcrumbList\",\"@id\":\"https:\/\/www.montcalmhotel.com\/en\/offers\/#breadcrumb\",\"itemListElement\":[{\"@type\":\"ListItem\",\"position\":1,\"name\":\"Accueil\",\"item\":\"https:\/\/www.montcalmhotel.com\/en\/\"},{\"@type\":\"ListItem\",\"position\":2,\"name\":\"Offres\"}]},{\"@type\":\"WebSite\",\"@id\":\"https:\/\/www.montcalmhotel.com\/#website\",\"url\":\"https:\/\/www.montcalmhotel.com\/\",\"name\":\"H\u00f4tel Montcalm\",\"description\":\"Convivialit\u00e9, calme et \u00e9l\u00e9gance dans le centre de Paris\",\"potentialAction\":[{\"@type\":\"SearchAction\",\"target\":{\"@type\":\"EntryPoint\",\"urlTemplate\":\"https:\/\/www.montcalmhotel.com\/?s={search_term_string}\"},\"query-input\":{\"@type\":\"PropertyValueSpecification\",\"valueRequired\":true,\"valueName\":\"search_term_string\"}}],\"inLanguage\":\"en-US\"}]}<\/script>\n<!-- \/ Yoast SEO plugin. -->","yoast_head_json":{"title":"Hotel Montcalm Paris *** | Hotel Paris 15 | Offers","description":"Enjoy our special offers and save money by booking online and in advance on our official site. Take some time to visit Paris 15 and its attractions.","robots":{"index":"index","follow":"follow","max-snippet":"max-snippet:-1","max-image-preview":"max-image-preview:large","max-video-preview":"max-video-preview:-1"},"canonical":"https:\/\/www.montcalmhotel.com\/en\/offers\/","og_locale":"en_US","og_type":"article","og_title":"Hotel Montcalm Paris *** | Hotel Paris 15 | Offers","og_description":"Enjoy our special offers and save money by booking online and in advance on our official site. Take some time to visit Paris 15 and its attractions.","og_url":"https:\/\/www.montcalmhotel.com\/en\/offers\/","og_site_name":"H\u00f4tel Montcalm","article_modified_time":"2025-11-03T09:16:13+00:00","twitter_card":"summary_large_image","twitter_misc":{"Est. reading time":"2 minutes"},"schema":{"@context":"https:\/\/schema.org","@graph":[{"@type":"WebPage","@id":"https:\/\/www.montcalmhotel.com\/en\/offers\/","url":"https:\/\/www.montcalmhotel.com\/en\/offers\/","name":"Hotel Montcalm Paris *** | Hotel Paris 15 | Offers","isPartOf":{"@id":"https:\/\/www.montcalmhotel.com\/#website"},"datePublished":"2020-06-30T09:43:57+00:00","dateModified":"2025-11-03T09:16:13+00:00","description":"Enjoy our special offers and save money by booking online and in advance on our official site. Take some time to visit Paris 15 and its attractions.","breadcrumb":{"@id":"https:\/\/www.montcalmhotel.com\/en\/offers\/#breadcrumb"},"inLanguage":"en-US","potentialAction":[{"@type":"ReadAction","target":["https:\/\/www.montcalmhotel.com\/en\/offers\/"]}]},{"@type":"BreadcrumbList","@id":"https:\/\/www.montcalmhotel.com\/en\/offers\/#breadcrumb","itemListElement":[{"@type":"ListItem","position":1,"name":"Accueil","item":"https:\/\/www.montcalmhotel.com\/en\/"},{"@type":"ListItem","position":2,"name":"Offres"}]},{"@type":"WebSite","@id":"https:\/\/www.montcalmhotel.com\/#website","url":"https:\/\/www.montcalmhotel.com\/","name":"H\u00f4tel Montcalm","description":"Convivialit\u00e9, calme et \u00e9l\u00e9gance dans le centre de Paris","potentialAction":[{"@type":"SearchAction","target":{"@type":"EntryPoint","urlTemplate":"https:\/\/www.montcalmhotel.com\/?s={search_term_string}"},"query-input":{"@type":"PropertyValueSpecification","valueRequired":true,"valueName":"search_term_string"}}],"inLanguage":"en-US"}]}},"_links":{"self":[{"href":"https:\/\/www.montcalmhotel.com\/en\/wp-json\/wp\/v2\/pages\/537","targetHints":{"allow":["GET"]}}],"collection":[{"href":"https:\/\/www.montcalmhotel.com\/en\/wp-json\/wp\/v2\/pages"}],"about":[{"href":"https:\/\/www.montcalmhotel.com\/en\/wp-json\/wp\/v2\/types\/page"}],"author":[{"embeddable":true,"href":"https:\/\/www.montcalmhotel.com\/en\/wp-json\/wp\/v2\/users\/1"}],"replies":[{"embeddable":true,"href":"https:\/\/www.montcalmhotel.com\/en\/wp-json\/wp\/v2\/comments?post=537"}],"version-history":[{"count":9,"href":"https:\/\/www.montcalmhotel.com\/en\/wp-json\/wp\/v2\/pages\/537\/revisions"}],"predecessor-version":[{"id":1332,"href":"https:\/\/www.montcalmhotel.com\/en\/wp-json\/wp\/v2\/pages\/537\/revisions\/1332"}],"wp:attachment":[{"href":"https:\/\/www.montcalmhotel.com\/en\/wp-json\/wp\/v2\/media?parent=537"}],"curies":[{"name":"wp","href":"https:\/\/api.w.org\/{rel}","templated":true}]}}