{"id":534,"date":"2020-06-18T11:47:07","date_gmt":"2020-06-18T09:47:07","guid":{"rendered":"http:\/\/sofimediat.fr\/montcalm\/chambres\/"},"modified":"2025-11-03T10:31:18","modified_gmt":"2025-11-03T09:31:18","slug":"rooms","status":"publish","type":"page","link":"https:\/\/www.montcalmhotel.com\/en\/rooms\/","title":{"rendered":"Chambres"},"content":{"rendered":"\n\t<section class=\"section bg-section\" id=\"section_1093667684\">\n\t\t<div class=\"bg section-bg fill bg-fill  bg-loaded\" >\n\n\t\t\t\n\t\t\t\n\t\t\t\n\n\t\t<\/div>\n\n\t\t<div class=\"section-content relative\">\n\t\t\t\n\n<div class=\"row row-collapse\"  id=\"row-346760579\">\n\n\n\t<div class=\"col small-12 large-12\"  >\n\t\t<div class=\"col-inner dark\" style=\"padding:30px 0px 0px 0px;margin:0px 0px 0 0px;\" >\n\t\t\t\n\t\t\t\n\n<h1 class=\"titre-home\" style=\"text-align: center;\"><strong>Our rooms <\/strong><\/h1>\n<h2 style=\"text-align: center; font-style: italic;\">\u00ab charming and comfortable \u00bb<\/h2>\n\n\t\t<\/div>\n\t<\/div>\n\n\t\n\n\n<style scope=\"scope\">\n\n<\/style>\n<\/div>\n\n\t\t<\/div>\n\n\t\t\n<style scope=\"scope\">\n\n#section_1093667684 {\n  padding-top: 0px;\n  padding-bottom: 0px;\n}\n<\/style>\n\t<\/section>\n\t\n\t<section class=\"section\" id=\"section_373675247\">\n\t\t<div class=\"bg section-bg fill bg-fill  bg-loaded\" >\n\n\t\t\t\n\t\t\t\n\t\t\t\n\n\t\t<\/div>\n\n\t\t<div class=\"section-content relative\">\n\t\t\t\n\n<div class=\"row row-full-width align-center\"  id=\"row-511277254\">\n\n\n\t<div class=\"col medium-6 small-12 large-4\"  >\n\t\t<div class=\"col-inner\"  >\n\t\t\t\n\t\t\t\n\n\t<div class=\"img has-hover x md-x lg-x y md-y lg-y\" id=\"image_944677543\">\n\t\t<a class=\"\" href=\"http:\/\/www.montcalmhotel.com\/en\/single-room\/\"  >\t\t\t\t\t\t<div class=\"img-inner image-grayscale image-cover box-shadow-3 dark\" style=\"padding-top:75%;\">\n\t\t\t<img decoding=\"async\" width=\"1020\" height=\"680\" src=\"https:\/\/www.montcalmhotel.com\/wp-content\/uploads\/2025\/10\/M19A7587-Modifier-1024x683.jpg\" class=\"attachment-large size-large\" alt=\"\" srcset=\"https:\/\/www.montcalmhotel.com\/wp-content\/uploads\/2025\/10\/M19A7587-Modifier-1024x683.jpg 1024w, https:\/\/www.montcalmhotel.com\/wp-content\/uploads\/2025\/10\/M19A7587-Modifier-300x200.jpg 300w, https:\/\/www.montcalmhotel.com\/wp-content\/uploads\/2025\/10\/M19A7587-Modifier-768x512.jpg 768w, https:\/\/www.montcalmhotel.com\/wp-content\/uploads\/2025\/10\/M19A7587-Modifier-1536x1024.jpg 1536w, https:\/\/www.montcalmhotel.com\/wp-content\/uploads\/2025\/10\/M19A7587-Modifier.jpg 2016w\" sizes=\"(max-width: 1020px) 100vw, 1020px\" \/>\t\t\t\t\t\t\n\t\t\t\t\t<\/div>\n\t\t\t\t\t\t<\/a>\t\t\n<style scope=\"scope\">\n\n#image_944677543 {\n  width: 100%;\n}\n<\/style>\n\t<\/div>\n\t\n\n<div class=\"row row-collapse row-full-width\"  id=\"row-491039398\">\n\n\n\t<div class=\"col medium-12 large-8\"  >\n\t\t<div class=\"col-inner\"  >\n\t\t\t\n\t\t\t\n\n<h3>Classic room Double<\/h3>\n<p>2 people &#8211; 1 double bed<\/p>\n\n\t\t<\/div>\n\t<\/div>\n\n\t\n\n\t<div class=\"col medium-12 large-4\"  >\n\t\t<div class=\"col-inner\"  >\n\t\t\t\n\t\t\t\n\n<a href=\"http:\/\/www.montcalmhotel.com\/en\/classic-room\/\" target=\"_self\" class=\"button secondary is-outline is-smaller expand\"  style=\"border-radius:99px;\">\n    <span>More details<\/span>\n  <\/a>\n\n\n<a rel=\"noopener noreferrer\" href=\"https:\/\/www.secure-hotel-booking.com\/Hotel-Montcalm\/JHUJ\/en-US?hotelId=30612\" target=\"_blank\" class=\"button primary is-smaller expand\"  style=\"border-radius:99px;\">\n    <span>Book<\/span>\n  <\/a>\n\n\n\n\t\t<\/div>\n\t<\/div>\n\n\t\n\n\n<style scope=\"scope\">\n\n<\/style>\n<\/div>\n\n\t\t<\/div>\n\t<\/div>\n\n\t\n\n\t<div class=\"col medium-6 small-12 large-4\"  >\n\t\t<div class=\"col-inner\"  >\n\t\t\t\n\t\t\t\n\n\t<div class=\"img has-hover x md-x lg-x y md-y lg-y\" id=\"image_1339944140\">\n\t\t<a class=\"\" href=\"http:\/\/www.montcalmhotel.com\/en\/classic-room\/\"  >\t\t\t\t\t\t<div class=\"img-inner image-grayscale image-cover box-shadow-3 dark\" style=\"padding-top:75%;\">\n\t\t\t<img decoding=\"async\" width=\"1020\" height=\"680\" src=\"https:\/\/www.montcalmhotel.com\/wp-content\/uploads\/2025\/10\/M19A7631-Modifier-1024x683.jpg\" class=\"attachment-large size-large\" alt=\"\" srcset=\"https:\/\/www.montcalmhotel.com\/wp-content\/uploads\/2025\/10\/M19A7631-Modifier-1024x683.jpg 1024w, https:\/\/www.montcalmhotel.com\/wp-content\/uploads\/2025\/10\/M19A7631-Modifier-300x200.jpg 300w, https:\/\/www.montcalmhotel.com\/wp-content\/uploads\/2025\/10\/M19A7631-Modifier-768x512.jpg 768w, https:\/\/www.montcalmhotel.com\/wp-content\/uploads\/2025\/10\/M19A7631-Modifier-1536x1024.jpg 1536w, https:\/\/www.montcalmhotel.com\/wp-content\/uploads\/2025\/10\/M19A7631-Modifier.jpg 2016w\" sizes=\"(max-width: 1020px) 100vw, 1020px\" \/>\t\t\t\t\t\t\n\t\t\t\t\t<\/div>\n\t\t\t\t\t\t<\/a>\t\t\n<style scope=\"scope\">\n\n#image_1339944140 {\n  width: 100%;\n}\n<\/style>\n\t<\/div>\n\t\n\n<div class=\"row row-collapse row-full-width\"  id=\"row-1499064521\">\n\n\n\t<div class=\"col medium-12 large-8\"  >\n\t\t<div class=\"col-inner\"  >\n\t\t\t\n\t\t\t\n\n<h3>Classic room Twin<\/h3>\n<p>2 people &#8211; 2 single beds<\/p>\n\n\t\t<\/div>\n\t<\/div>\n\n\t\n\n\t<div class=\"col medium-12 large-4\"  >\n\t\t<div class=\"col-inner\"  >\n\t\t\t\n\t\t\t\n\n<a href=\"https:\/\/www.montcalmhotel.com\/en\/chambre-classique-twin\/\" target=\"_self\" class=\"button secondary is-outline is-smaller expand\"  style=\"border-radius:99px;\">\n    <span>More details<\/span>\n  <\/a>\n\n\n<a rel=\"noopener noreferrer\" href=\"https:\/\/www.secure-hotel-booking.com\/Hotel-Montcalm\/JHUJ\/en-US?hotelId=30612\" target=\"_blank\" class=\"button primary is-smaller expand\"  style=\"border-radius:99px;\">\n    <span>Book<\/span>\n  <\/a>\n\n\n\n\t\t<\/div>\n\t<\/div>\n\n\t\n\n\n<style scope=\"scope\">\n\n<\/style>\n<\/div>\n\n\t\t<\/div>\n\t<\/div>\n\n\t\n\n\t<div class=\"col medium-6 small-12 large-4\"  >\n\t\t<div class=\"col-inner\"  >\n\t\t\t\n\t\t\t\n\n\t<div class=\"img has-hover x md-x lg-x y md-y lg-y\" id=\"image_996290652\">\n\t\t<a class=\"\" href=\"http:\/\/www.montcalmhotel.com\/en\/classic-room-garden-view\/\"  >\t\t\t\t\t\t<div class=\"img-inner image-grayscale image-cover box-shadow-3 dark\" style=\"padding-top:75%;\">\n\t\t\t<img decoding=\"async\" width=\"1020\" height=\"680\" src=\"https:\/\/www.montcalmhotel.com\/wp-content\/uploads\/2025\/10\/M19A7575-1-1024x683.jpg\" class=\"attachment-large size-large\" alt=\"\" srcset=\"https:\/\/www.montcalmhotel.com\/wp-content\/uploads\/2025\/10\/M19A7575-1-1024x683.jpg 1024w, https:\/\/www.montcalmhotel.com\/wp-content\/uploads\/2025\/10\/M19A7575-1-300x200.jpg 300w, https:\/\/www.montcalmhotel.com\/wp-content\/uploads\/2025\/10\/M19A7575-1-768x512.jpg 768w, https:\/\/www.montcalmhotel.com\/wp-content\/uploads\/2025\/10\/M19A7575-1-1536x1024.jpg 1536w, https:\/\/www.montcalmhotel.com\/wp-content\/uploads\/2025\/10\/M19A7575-1.jpg 2016w\" sizes=\"(max-width: 1020px) 100vw, 1020px\" \/>\t\t\t\t\t\t\n\t\t\t\t\t<\/div>\n\t\t\t\t\t\t<\/a>\t\t\n<style scope=\"scope\">\n\n#image_996290652 {\n  width: 100%;\n}\n<\/style>\n\t<\/div>\n\t\n\n<div class=\"row row-collapse row-full-width\"  id=\"row-1562090920\">\n\n\n\t<div class=\"col medium-12 large-8\"  >\n\t\t<div class=\"col-inner\"  >\n\t\t\t\n\t\t\t\n\n<h3>Classic room garden view<\/h3>\n<p>2 people- 1 double bed<\/p>\n\n\t\t<\/div>\n\t<\/div>\n\n\t\n\n\t<div class=\"col medium-12 large-4\"  >\n\t\t<div class=\"col-inner\"  >\n\t\t\t\n\t\t\t\n\n<a href=\"http:\/\/www.montcalmhotel.com\/en\/classic-room-garden-view\/\" target=\"_self\" class=\"button secondary is-outline is-smaller expand\"  style=\"border-radius:99px;\">\n    <span>More details<\/span>\n  <\/a>\n\n\n<a rel=\"noopener noreferrer\" href=\"https:\/\/www.secure-hotel-booking.com\/Hotel-Montcalm\/JHUJ\/en-US?hotelId=30612\" target=\"_blank\" class=\"button primary is-smaller expand\"  style=\"border-radius:99px;\">\n    <span>Book<\/span>\n  <\/a>\n\n\n\n\t\t<\/div>\n\t<\/div>\n\n\t\n\n\n<style scope=\"scope\">\n\n<\/style>\n<\/div>\n\n\t\t<\/div>\n\t<\/div>\n\n\t\n\n\t<div class=\"col medium-6 small-12 large-4\"  >\n\t\t<div class=\"col-inner\"  >\n\t\t\t\n\t\t\t\n\n\t<div class=\"img has-hover x md-x lg-x y md-y lg-y\" id=\"image_744870961\">\n\t\t<a class=\"\" href=\"http:\/\/www.montcalmhotel.com\/en\/superior-double-room\/\"  >\t\t\t\t\t\t<div class=\"img-inner image-grayscale image-cover box-shadow-3 dark\" style=\"padding-top:75%;\">\n\t\t\t<img decoding=\"async\" width=\"1020\" height=\"680\" src=\"https:\/\/www.montcalmhotel.com\/wp-content\/uploads\/2025\/10\/M19A7734-Modifier-1-1024x683.jpg\" class=\"attachment-large size-large\" alt=\"\" srcset=\"https:\/\/www.montcalmhotel.com\/wp-content\/uploads\/2025\/10\/M19A7734-Modifier-1-1024x683.jpg 1024w, https:\/\/www.montcalmhotel.com\/wp-content\/uploads\/2025\/10\/M19A7734-Modifier-1-300x200.jpg 300w, https:\/\/www.montcalmhotel.com\/wp-content\/uploads\/2025\/10\/M19A7734-Modifier-1-768x512.jpg 768w, https:\/\/www.montcalmhotel.com\/wp-content\/uploads\/2025\/10\/M19A7734-Modifier-1-1536x1024.jpg 1536w, https:\/\/www.montcalmhotel.com\/wp-content\/uploads\/2025\/10\/M19A7734-Modifier-1.jpg 2016w\" sizes=\"(max-width: 1020px) 100vw, 1020px\" \/>\t\t\t\t\t\t\n\t\t\t\t\t<\/div>\n\t\t\t\t\t\t<\/a>\t\t\n<style scope=\"scope\">\n\n#image_744870961 {\n  width: 100%;\n}\n<\/style>\n\t<\/div>\n\t\n\n<div class=\"row row-collapse row-full-width\"  id=\"row-729183823\">\n\n\n\t<div class=\"col medium-12 large-8\"  >\n\t\t<div class=\"col-inner\"  >\n\t\t\t\n\t\t\t\n\n<h3>Sup\u00e9rior double room<\/h3>\n<p>2 people &#8211; 1 double bed or 2 single beds<\/p>\n\n\t\t<\/div>\n\t<\/div>\n\n\t\n\n\t<div class=\"col medium-12 large-4\"  >\n\t\t<div class=\"col-inner\"  >\n\t\t\t\n\t\t\t\n\n<a href=\"http:\/\/www.montcalmhotel.com\/en\/superior-double-room\/\" target=\"_self\" class=\"button secondary is-outline is-smaller expand\"  style=\"border-radius:99px;\">\n    <span>More details<\/span>\n  <\/a>\n\n\n<a rel=\"noopener noreferrer\" href=\"https:\/\/www.secure-hotel-booking.com\/Hotel-Montcalm\/JHUJ\/en-US?hotelId=30612\" target=\"_blank\" class=\"button primary is-smaller expand\"  style=\"border-radius:99px;\">\n    <span>Book<\/span>\n  <\/a>\n\n\n\n\t\t<\/div>\n\t<\/div>\n\n\t\n\n\n<style scope=\"scope\">\n\n<\/style>\n<\/div>\n\n\t\t<\/div>\n\t<\/div>\n\n\t\n\n\t<div class=\"col medium-6 small-12 large-4\"  >\n\t\t<div class=\"col-inner\"  >\n\t\t\t\n\t\t\t\n\n\t<div class=\"img has-hover x md-x lg-x y md-y lg-y\" id=\"image_1651782312\">\n\t\t<a class=\"\" href=\"http:\/\/www.montcalmhotel.com\/en\/family-room\/\"  >\t\t\t\t\t\t<div class=\"img-inner image-grayscale image-cover box-shadow-3 dark\" style=\"padding-top:75%;\">\n\t\t\t<img decoding=\"async\" width=\"1020\" height=\"680\" src=\"https:\/\/www.montcalmhotel.com\/wp-content\/uploads\/2025\/10\/M19A9213-1-1024x683.jpg\" class=\"attachment-large size-large\" alt=\"\" srcset=\"https:\/\/www.montcalmhotel.com\/wp-content\/uploads\/2025\/10\/M19A9213-1-1024x683.jpg 1024w, https:\/\/www.montcalmhotel.com\/wp-content\/uploads\/2025\/10\/M19A9213-1-300x200.jpg 300w, https:\/\/www.montcalmhotel.com\/wp-content\/uploads\/2025\/10\/M19A9213-1-768x512.jpg 768w, https:\/\/www.montcalmhotel.com\/wp-content\/uploads\/2025\/10\/M19A9213-1-1536x1024.jpg 1536w, https:\/\/www.montcalmhotel.com\/wp-content\/uploads\/2025\/10\/M19A9213-1.jpg 2016w\" sizes=\"(max-width: 1020px) 100vw, 1020px\" \/>\t\t\t\t\t\t\n\t\t\t\t\t<\/div>\n\t\t\t\t\t\t<\/a>\t\t\n<style scope=\"scope\">\n\n#image_1651782312 {\n  width: 100%;\n}\n<\/style>\n\t<\/div>\n\t\n\n<div class=\"row row-collapse row-full-width\"  id=\"row-750128623\">\n\n\n\t<div class=\"col medium-12 large-8\"  >\n\t\t<div class=\"col-inner\"  >\n\t\t\t\n\t\t\t\n\n<h3>Family room<\/h3>\n<p>4 people &#8211; 1 double bed and 2 single beds<\/p>\n\n\t\t<\/div>\n\t<\/div>\n\n\t\n\n\t<div class=\"col medium-12 large-4\"  >\n\t\t<div class=\"col-inner\"  >\n\t\t\t\n\t\t\t\n\n<a href=\"http:\/\/www.montcalmhotel.com\/en\/family-room\/\" target=\"_self\" class=\"button secondary is-outline is-smaller expand\"  style=\"border-radius:99px;\">\n    <span>More details<\/span>\n  <\/a>\n\n\n<a rel=\"noopener noreferrer\" href=\"https:\/\/www.secure-hotel-booking.com\/Hotel-Montcalm\/JHUJ\/en-US?hotelId=30612\" target=\"_blank\" class=\"button primary is-smaller expand\"  style=\"border-radius:99px;\">\n    <span>Book<\/span>\n  <\/a>\n\n\n\n\t\t<\/div>\n\t<\/div>\n\n\t\n\n\n<style scope=\"scope\">\n\n<\/style>\n<\/div>\n\n\t\t<\/div>\n\t<\/div>\n\n\t\n\n\n<style scope=\"scope\">\n\n<\/style>\n<\/div>\n\n\t\t<\/div>\n\n\t\t\n<style scope=\"scope\">\n\n#section_373675247 {\n  padding-top: 30px;\n  padding-bottom: 30px;\n}\n<\/style>\n\t<\/section>\n\t\n\n","protected":false},"excerpt":{"rendered":"","protected":false},"author":1,"featured_media":0,"parent":0,"menu_order":0,"comment_status":"closed","ping_status":"closed","template":"page-blank.php","meta":{"footnotes":""},"class_list":["post-534","page","type-page","status-publish","hentry"],"yoast_head":"<!-- This site is optimized with the Yoast SEO plugin v24.9 - https:\/\/yoast.com\/wordpress\/plugins\/seo\/ -->\n<title>Hotel Montcalm Paris *** | Hotel Paris 75015 | Rooms<\/title>\n<meta name=\"description\" content=\"We have rooms for 1 to 4 people, quiet and comfortable and fully equipped with all the amenities (wifi, air conditioning, LCD TV, telephone).\" \/>\n<meta name=\"robots\" content=\"index, follow, max-snippet:-1, max-image-preview:large, max-video-preview:-1\" \/>\n<link rel=\"canonical\" href=\"https:\/\/www.montcalmhotel.com\/en\/rooms\/\" \/>\n<meta property=\"og:locale\" content=\"en_US\" \/>\n<meta property=\"og:type\" content=\"article\" \/>\n<meta property=\"og:title\" content=\"Hotel Montcalm Paris *** | Hotel Paris 75015 | Rooms\" \/>\n<meta property=\"og:description\" content=\"We have rooms for 1 to 4 people, quiet and comfortable and fully equipped with all the amenities (wifi, air conditioning, LCD TV, telephone).\" \/>\n<meta property=\"og:url\" content=\"https:\/\/www.montcalmhotel.com\/en\/rooms\/\" \/>\n<meta property=\"og:site_name\" content=\"H\u00f4tel Montcalm\" \/>\n<meta property=\"article:modified_time\" content=\"2025-11-03T09:31:18+00:00\" \/>\n<meta name=\"twitter:card\" content=\"summary_large_image\" \/>\n<meta name=\"twitter:label1\" content=\"Est. reading time\" \/>\n\t<meta name=\"twitter:data1\" content=\"2 minutes\" \/>\n<script type=\"application\/ld+json\" class=\"yoast-schema-graph\">{\"@context\":\"https:\/\/schema.org\",\"@graph\":[{\"@type\":\"WebPage\",\"@id\":\"https:\/\/www.montcalmhotel.com\/en\/rooms\/\",\"url\":\"https:\/\/www.montcalmhotel.com\/en\/rooms\/\",\"name\":\"Hotel Montcalm Paris *** | Hotel Paris 75015 | Rooms\",\"isPartOf\":{\"@id\":\"https:\/\/www.montcalmhotel.com\/#website\"},\"datePublished\":\"2020-06-18T09:47:07+00:00\",\"dateModified\":\"2025-11-03T09:31:18+00:00\",\"description\":\"We have rooms for 1 to 4 people, quiet and comfortable and fully equipped with all the amenities (wifi, air conditioning, LCD TV, telephone).\",\"breadcrumb\":{\"@id\":\"https:\/\/www.montcalmhotel.com\/en\/rooms\/#breadcrumb\"},\"inLanguage\":\"en-US\",\"potentialAction\":[{\"@type\":\"ReadAction\",\"target\":[\"https:\/\/www.montcalmhotel.com\/en\/rooms\/\"]}]},{\"@type\":\"BreadcrumbList\",\"@id\":\"https:\/\/www.montcalmhotel.com\/en\/rooms\/#breadcrumb\",\"itemListElement\":[{\"@type\":\"ListItem\",\"position\":1,\"name\":\"Accueil\",\"item\":\"https:\/\/www.montcalmhotel.com\/en\/\"},{\"@type\":\"ListItem\",\"position\":2,\"name\":\"Chambres\"}]},{\"@type\":\"WebSite\",\"@id\":\"https:\/\/www.montcalmhotel.com\/#website\",\"url\":\"https:\/\/www.montcalmhotel.com\/\",\"name\":\"H\u00f4tel Montcalm\",\"description\":\"Convivialit\u00e9, calme et \u00e9l\u00e9gance dans le centre de Paris\",\"potentialAction\":[{\"@type\":\"SearchAction\",\"target\":{\"@type\":\"EntryPoint\",\"urlTemplate\":\"https:\/\/www.montcalmhotel.com\/?s={search_term_string}\"},\"query-input\":{\"@type\":\"PropertyValueSpecification\",\"valueRequired\":true,\"valueName\":\"search_term_string\"}}],\"inLanguage\":\"en-US\"}]}<\/script>\n<!-- \/ Yoast SEO plugin. -->","yoast_head_json":{"title":"Hotel Montcalm Paris *** | Hotel Paris 75015 | Rooms","description":"We have rooms for 1 to 4 people, quiet and comfortable and fully equipped with all the amenities (wifi, air conditioning, LCD TV, telephone).","robots":{"index":"index","follow":"follow","max-snippet":"max-snippet:-1","max-image-preview":"max-image-preview:large","max-video-preview":"max-video-preview:-1"},"canonical":"https:\/\/www.montcalmhotel.com\/en\/rooms\/","og_locale":"en_US","og_type":"article","og_title":"Hotel Montcalm Paris *** | Hotel Paris 75015 | Rooms","og_description":"We have rooms for 1 to 4 people, quiet and comfortable and fully equipped with all the amenities (wifi, air conditioning, LCD TV, telephone).","og_url":"https:\/\/www.montcalmhotel.com\/en\/rooms\/","og_site_name":"H\u00f4tel Montcalm","article_modified_time":"2025-11-03T09:31:18+00:00","twitter_card":"summary_large_image","twitter_misc":{"Est. reading time":"2 minutes"},"schema":{"@context":"https:\/\/schema.org","@graph":[{"@type":"WebPage","@id":"https:\/\/www.montcalmhotel.com\/en\/rooms\/","url":"https:\/\/www.montcalmhotel.com\/en\/rooms\/","name":"Hotel Montcalm Paris *** | Hotel Paris 75015 | Rooms","isPartOf":{"@id":"https:\/\/www.montcalmhotel.com\/#website"},"datePublished":"2020-06-18T09:47:07+00:00","dateModified":"2025-11-03T09:31:18+00:00","description":"We have rooms for 1 to 4 people, quiet and comfortable and fully equipped with all the amenities (wifi, air conditioning, LCD TV, telephone).","breadcrumb":{"@id":"https:\/\/www.montcalmhotel.com\/en\/rooms\/#breadcrumb"},"inLanguage":"en-US","potentialAction":[{"@type":"ReadAction","target":["https:\/\/www.montcalmhotel.com\/en\/rooms\/"]}]},{"@type":"BreadcrumbList","@id":"https:\/\/www.montcalmhotel.com\/en\/rooms\/#breadcrumb","itemListElement":[{"@type":"ListItem","position":1,"name":"Accueil","item":"https:\/\/www.montcalmhotel.com\/en\/"},{"@type":"ListItem","position":2,"name":"Chambres"}]},{"@type":"WebSite","@id":"https:\/\/www.montcalmhotel.com\/#website","url":"https:\/\/www.montcalmhotel.com\/","name":"H\u00f4tel Montcalm","description":"Convivialit\u00e9, calme et \u00e9l\u00e9gance dans le centre de Paris","potentialAction":[{"@type":"SearchAction","target":{"@type":"EntryPoint","urlTemplate":"https:\/\/www.montcalmhotel.com\/?s={search_term_string}"},"query-input":{"@type":"PropertyValueSpecification","valueRequired":true,"valueName":"search_term_string"}}],"inLanguage":"en-US"}]}},"_links":{"self":[{"href":"https:\/\/www.montcalmhotel.com\/en\/wp-json\/wp\/v2\/pages\/534","targetHints":{"allow":["GET"]}}],"collection":[{"href":"https:\/\/www.montcalmhotel.com\/en\/wp-json\/wp\/v2\/pages"}],"about":[{"href":"https:\/\/www.montcalmhotel.com\/en\/wp-json\/wp\/v2\/types\/page"}],"author":[{"embeddable":true,"href":"https:\/\/www.montcalmhotel.com\/en\/wp-json\/wp\/v2\/users\/1"}],"replies":[{"embeddable":true,"href":"https:\/\/www.montcalmhotel.com\/en\/wp-json\/wp\/v2\/comments?post=534"}],"version-history":[{"count":9,"href":"https:\/\/www.montcalmhotel.com\/en\/wp-json\/wp\/v2\/pages\/534\/revisions"}],"predecessor-version":[{"id":1334,"href":"https:\/\/www.montcalmhotel.com\/en\/wp-json\/wp\/v2\/pages\/534\/revisions\/1334"}],"wp:attachment":[{"href":"https:\/\/www.montcalmhotel.com\/en\/wp-json\/wp\/v2\/media?parent=534"}],"curies":[{"name":"wp","href":"https:\/\/api.w.org\/{rel}","templated":true}]}}