{"id":1311,"date":"2025-11-02T19:35:23","date_gmt":"2025-11-02T18:35:23","guid":{"rendered":"https:\/\/www.montcalmhotel.com\/?page_id=1311"},"modified":"2025-11-02T19:40:39","modified_gmt":"2025-11-02T18:40:39","slug":"chambre-classique-twin","status":"publish","type":"page","link":"https:\/\/www.montcalmhotel.com\/en\/chambre-classique-twin\/","title":{"rendered":"chambre classique Twin"},"content":{"rendered":"\n\t<section class=\"section\" id=\"section_1015660778\">\n\t\t<div class=\"bg section-bg fill bg-fill  bg-loaded\" >\n\n\t\t\t\n\t\t\t<button class=\"scroll-for-more z-5 icon absolute bottom h-center\"><i class=\"icon-angle-down\" style=\"font-size:42px;\"><\/i><\/button>\n\t\t\t\n\n\t\t<\/div>\n\n\t\t<div class=\"section-content relative\">\n\t\t\t\n\n<div class=\"slider-wrapper relative hide-for-medium\" id=\"slider-540287088\" >\n    <div class=\"slider slider-type-fade slider-nav-circle slider-nav-large slider-nav-light slider-style-normal\"\n        data-flickity-options='{\n            \"cellAlign\": \"center\",\n            \"imagesLoaded\": true,\n            \"lazyLoad\": 1,\n            \"freeScroll\": false,\n            \"wrapAround\": true,\n            \"autoPlay\": 6000,\n            \"pauseAutoPlayOnHover\" : true,\n            \"prevNextButtons\": true,\n            \"contain\" : true,\n            \"adaptiveHeight\" : true,\n            \"dragThreshold\" : 10,\n            \"percentPosition\": true,\n            \"pageDots\": false,\n            \"rightToLeft\": false,\n            \"draggable\": true,\n            \"selectedAttraction\": 0.1,\n            \"parallax\" : 0,\n            \"friction\": 0.6        }'\n        >\n        \n\n\n  <div class=\"banner has-hover is-full-height\" id=\"banner-1155983803\">\n          <div class=\"banner-inner fill\">\n        <div class=\"banner-bg fill\" >\n            <div class=\"bg fill bg-fill \"><\/div>\n                                    \n                    <\/div>\n        <div class=\"banner-layers container\">\n            <div class=\"fill banner-link\"><\/div>            \n\n\n        <\/div>\n      <\/div>\n\n            \n<style scope=\"scope\">\n\n#banner-1155983803 {\n  padding-top: 100%;\n}\n#banner-1155983803 .bg.bg-loaded {\n  background-image: url(https:\/\/www.montcalmhotel.com\/wp-content\/uploads\/2025\/10\/M19A7631-Modifier.jpg);\n}\n<\/style>\n  <\/div>\n\n\n\n  <div class=\"banner has-hover is-full-height\" id=\"banner-1846197576\">\n          <div class=\"banner-inner fill\">\n        <div class=\"banner-bg fill\" >\n            <div class=\"bg fill bg-fill \"><\/div>\n                                    \n                    <\/div>\n        <div class=\"banner-layers container\">\n            <div class=\"fill banner-link\"><\/div>            \n\n\n        <\/div>\n      <\/div>\n\n            \n<style scope=\"scope\">\n\n#banner-1846197576 {\n  padding-top: 100%;\n}\n#banner-1846197576 .bg.bg-loaded {\n  background-image: url(https:\/\/www.montcalmhotel.com\/wp-content\/uploads\/2025\/10\/M19A7440-Modifier.jpg);\n}\n<\/style>\n  <\/div>\n\n\n\n  <div class=\"banner has-hover is-full-height\" id=\"banner-681967113\">\n          <div class=\"banner-inner fill\">\n        <div class=\"banner-bg fill\" >\n            <div class=\"bg fill bg-fill \"><\/div>\n                                    \n                    <\/div>\n        <div class=\"banner-layers container\">\n            <div class=\"fill banner-link\"><\/div>            \n\n\n        <\/div>\n      <\/div>\n\n            \n<style scope=\"scope\">\n\n#banner-681967113 {\n  padding-top: 100%;\n}\n#banner-681967113 .bg.bg-loaded {\n  background-image: url(https:\/\/www.montcalmhotel.com\/wp-content\/uploads\/2025\/10\/M19A7461-Modifier.jpg);\n}\n<\/style>\n  <\/div>\n\n\n\n  <div class=\"banner has-hover is-full-height\" id=\"banner-57005057\">\n          <div class=\"banner-inner fill\">\n        <div class=\"banner-bg fill\" >\n            <div class=\"bg fill bg-fill \"><\/div>\n                                    \n                    <\/div>\n        <div class=\"banner-layers container\">\n            <div class=\"fill banner-link\"><\/div>            \n\n\n        <\/div>\n      <\/div>\n\n            \n<style scope=\"scope\">\n\n#banner-57005057 {\n  padding-top: 100%;\n}\n#banner-57005057 .bg.bg-loaded {\n  background-image: url(https:\/\/www.montcalmhotel.com\/wp-content\/uploads\/2025\/10\/M19A7666-Modifier.jpg);\n}\n<\/style>\n  <\/div>\n\n\n\n     <\/div>\n\n     <div class=\"loading-spin dark large centered\"><\/div>\n\n     <style scope=\"scope\">\n             <\/style>\n<\/div>\n\n\n<div class=\"slider-wrapper relative show-for-medium\" id=\"slider-163807497\" >\n    <div class=\"slider slider-type-fade slider-nav-circle slider-nav-large slider-nav-light slider-style-normal\"\n        data-flickity-options='{\n            \"cellAlign\": \"center\",\n            \"imagesLoaded\": true,\n            \"lazyLoad\": 1,\n            \"freeScroll\": false,\n            \"wrapAround\": true,\n            \"autoPlay\": 6000,\n            \"pauseAutoPlayOnHover\" : true,\n            \"prevNextButtons\": false,\n            \"contain\" : true,\n            \"adaptiveHeight\" : true,\n            \"dragThreshold\" : 10,\n            \"percentPosition\": true,\n            \"pageDots\": false,\n            \"rightToLeft\": false,\n            \"draggable\": true,\n            \"selectedAttraction\": 0.1,\n            \"parallax\" : 0,\n            \"friction\": 0.6        }'\n        >\n        \n\n\n  <div class=\"banner has-hover is-full-height\" id=\"banner-115077260\">\n          <div class=\"banner-inner fill\">\n        <div class=\"banner-bg fill\" >\n            <div class=\"bg fill bg-fill \"><\/div>\n                                    \n                    <\/div>\n        <div class=\"banner-layers container\">\n            <div class=\"fill banner-link\"><\/div>            \n\n\n        <\/div>\n      <\/div>\n\n            \n<style scope=\"scope\">\n\n#banner-115077260 {\n  padding-top: 99.99%;\n}\n#banner-115077260 .bg.bg-loaded {\n  background-image: 228;\n}\n\n\n@media (min-width:550px) {\n\n  #banner-115077260 {\n    padding-top: 56.25%;\n  }\n\n}\n\n\n@media (min-width:850px) {\n\n  #banner-115077260 {\n    padding-top: 100%;\n  }\n\n}\n<\/style>\n  <\/div>\n\n\n\n     <\/div>\n\n     <div class=\"loading-spin dark large centered\"><\/div>\n\n     <style scope=\"scope\">\n             <\/style>\n<\/div>\n\n\n\n\t\t<\/div>\n\n\t\t\n<style scope=\"scope\">\n\n#section_1015660778 {\n  padding-top: 0px;\n  padding-bottom: 0px;\n}\n<\/style>\n\t<\/section>\n\t\n\t<section class=\"section bg-section\" id=\"section_1288278315\">\n\t\t<div class=\"bg section-bg fill bg-fill  bg-loaded\" >\n\n\t\t\t\n\t\t\t\n\t\t\t\n\n\t\t<\/div>\n\n\t\t<div class=\"section-content relative\">\n\t\t\t\n\n<div class=\"row row-collapse\"  id=\"row-902412388\">\n\n\n\t<div class=\"col small-12 large-12\"  >\n\t\t<div class=\"col-inner dark\" style=\"padding:0px 0px 0 0px;margin:0px 0px 0 0px;\" >\n\t\t\t\n\t\t\t\n\n<h1 class=\"titre-home\" style=\"text-align: center;\"><strong>Classic room Twin<\/strong><\/h1>\n<h2 style=\"text-align: center; font-style: italic;\">2 people &#8211; 2 single beds<\/h2>\n\n\t\t<\/div>\n\t<\/div>\n\n\t\n\n\n<style scope=\"scope\">\n\n<\/style>\n<\/div>\n\n\t\t<\/div>\n\n\t\t\n<style scope=\"scope\">\n\n#section_1288278315 {\n  padding-top: 30px;\n  padding-bottom: 30px;\n}\n<\/style>\n\t<\/section>\n\t\n\t<section class=\"section\" id=\"section_1483274739\">\n\t\t<div class=\"bg section-bg fill bg-fill  bg-loaded\" >\n\n\t\t\t\n\t\t\t\n\t\t\t\n\n\t\t<\/div>\n\n\t\t<div class=\"section-content relative\">\n\t\t\t\n\n<div class=\"row\"  id=\"row-386060191\">\n\n\n\t<div class=\"col medium-7 small-12 large-7\"  data-animate=\"fadeInLeft\">\n\t\t<div class=\"col-inner\" style=\"padding:10px 0px 0px 0px;\" >\n\t\t\t\n\t\t\t\n\n<p>These comfortable double rooms are well appointed with individually controlled air conditioning, free Wi-Fi and a direct dial phone.<\/p>\n<p>Decor is contemporary with neutral, soothing colors for a very peaceful night\u2019s sleep.<\/p>\n<a rel=\"noopener noreferrer\" href=\"https:\/\/www.secure-hotel-booking.com\/Hotel-Montcalm\/JHUJ\/en-US?hotelId=30612\" target=\"_blank\" class=\"button primary is-underline expand\"  >\n    <span>Book your room<\/span>\n  <\/a>\n\n\n<div class=\"text-center\"><div class=\"is-divider divider clearfix\" style=\"max-width:0px;\"><\/div><\/div>\n\n\n  \n    <div class=\"row large-columns-2 medium-columns- small-columns-\">\n          <div class=\"gallery-col col\" >\n          <div class=\"col-inner\">\n            <a class=\"image-lightbox lightbox-gallery\" href=\"https:\/\/www.montcalmhotel.com\/wp-content\/uploads\/2025\/10\/M19A7631-Modifier.jpg\" title=\"\">            <div class=\"box has-hover gallery-box box-none\">\n              <div class=\"box-image image-grayscale box-shadow-3\" >\n                <img decoding=\"async\" width=\"300\" height=\"200\" src=\"https:\/\/www.montcalmhotel.com\/wp-content\/uploads\/2025\/10\/M19A7631-Modifier-300x200.jpg\" class=\"attachment-medium size-medium\" alt=\"\" ids=\"1277,1280,1274,1262,1271,1268\" style=\"none\" lightbox_image_size=\"original\" columns=\"2\" depth=\"3\" image_size=\"medium\" image_hover=\"grayscale\" srcset=\"https:\/\/www.montcalmhotel.com\/wp-content\/uploads\/2025\/10\/M19A7631-Modifier-300x200.jpg 300w, https:\/\/www.montcalmhotel.com\/wp-content\/uploads\/2025\/10\/M19A7631-Modifier-1024x683.jpg 1024w, https:\/\/www.montcalmhotel.com\/wp-content\/uploads\/2025\/10\/M19A7631-Modifier-768x512.jpg 768w, https:\/\/www.montcalmhotel.com\/wp-content\/uploads\/2025\/10\/M19A7631-Modifier-1536x1024.jpg 1536w, https:\/\/www.montcalmhotel.com\/wp-content\/uploads\/2025\/10\/M19A7631-Modifier.jpg 2016w\" sizes=\"(max-width: 300px) 100vw, 300px\" \/>                                                              <\/div>\n              <div class=\"box-text text-left\" >\n                 <p><\/p>\n              <\/div>\n            <\/div>\n            <\/a>          <\/div>\n         <\/div>\n                 <div class=\"gallery-col col\" >\n          <div class=\"col-inner\">\n            <a class=\"image-lightbox lightbox-gallery\" href=\"https:\/\/www.montcalmhotel.com\/wp-content\/uploads\/2025\/10\/M19A7440-Modifier.jpg\" title=\"\">            <div class=\"box has-hover gallery-box box-none\">\n              <div class=\"box-image image-grayscale box-shadow-3\" >\n                <img decoding=\"async\" width=\"300\" height=\"200\" src=\"https:\/\/www.montcalmhotel.com\/wp-content\/uploads\/2025\/10\/M19A7440-Modifier-300x200.jpg\" class=\"attachment-medium size-medium\" alt=\"\" ids=\"1277,1280,1274,1262,1271,1268\" style=\"none\" lightbox_image_size=\"original\" columns=\"2\" depth=\"3\" image_size=\"medium\" image_hover=\"grayscale\" srcset=\"https:\/\/www.montcalmhotel.com\/wp-content\/uploads\/2025\/10\/M19A7440-Modifier-300x200.jpg 300w, https:\/\/www.montcalmhotel.com\/wp-content\/uploads\/2025\/10\/M19A7440-Modifier-1024x683.jpg 1024w, https:\/\/www.montcalmhotel.com\/wp-content\/uploads\/2025\/10\/M19A7440-Modifier-768x512.jpg 768w, https:\/\/www.montcalmhotel.com\/wp-content\/uploads\/2025\/10\/M19A7440-Modifier-1536x1024.jpg 1536w, https:\/\/www.montcalmhotel.com\/wp-content\/uploads\/2025\/10\/M19A7440-Modifier.jpg 2016w\" sizes=\"(max-width: 300px) 100vw, 300px\" \/>                                                              <\/div>\n              <div class=\"box-text text-left\" >\n                 <p><\/p>\n              <\/div>\n            <\/div>\n            <\/a>          <\/div>\n         <\/div>\n                 <div class=\"gallery-col col\" >\n          <div class=\"col-inner\">\n            <a class=\"image-lightbox lightbox-gallery\" href=\"https:\/\/www.montcalmhotel.com\/wp-content\/uploads\/2025\/10\/M19A7461-Modifier.jpg\" title=\"\">            <div class=\"box has-hover gallery-box box-none\">\n              <div class=\"box-image image-grayscale box-shadow-3\" >\n                <img decoding=\"async\" width=\"300\" height=\"200\" src=\"https:\/\/www.montcalmhotel.com\/wp-content\/uploads\/2025\/10\/M19A7461-Modifier-300x200.jpg\" class=\"attachment-medium size-medium\" alt=\"\" ids=\"1277,1280,1274,1262,1271,1268\" style=\"none\" lightbox_image_size=\"original\" columns=\"2\" depth=\"3\" image_size=\"medium\" image_hover=\"grayscale\" srcset=\"https:\/\/www.montcalmhotel.com\/wp-content\/uploads\/2025\/10\/M19A7461-Modifier-300x200.jpg 300w, https:\/\/www.montcalmhotel.com\/wp-content\/uploads\/2025\/10\/M19A7461-Modifier-1024x683.jpg 1024w, https:\/\/www.montcalmhotel.com\/wp-content\/uploads\/2025\/10\/M19A7461-Modifier-768x512.jpg 768w, https:\/\/www.montcalmhotel.com\/wp-content\/uploads\/2025\/10\/M19A7461-Modifier-1536x1024.jpg 1536w, https:\/\/www.montcalmhotel.com\/wp-content\/uploads\/2025\/10\/M19A7461-Modifier.jpg 2016w\" sizes=\"(max-width: 300px) 100vw, 300px\" \/>                                                              <\/div>\n              <div class=\"box-text text-left\" >\n                 <p><\/p>\n              <\/div>\n            <\/div>\n            <\/a>          <\/div>\n         <\/div>\n                 <div class=\"gallery-col col\" >\n          <div class=\"col-inner\">\n            <a class=\"image-lightbox lightbox-gallery\" href=\"https:\/\/www.montcalmhotel.com\/wp-content\/uploads\/2025\/10\/M19A7666-Modifier.jpg\" title=\"\">            <div class=\"box has-hover gallery-box box-none\">\n              <div class=\"box-image image-grayscale box-shadow-3\" >\n                <img decoding=\"async\" width=\"300\" height=\"200\" src=\"https:\/\/www.montcalmhotel.com\/wp-content\/uploads\/2025\/10\/M19A7666-Modifier-300x200.jpg\" class=\"attachment-medium size-medium\" alt=\"\" ids=\"1277,1280,1274,1262,1271,1268\" style=\"none\" lightbox_image_size=\"original\" columns=\"2\" depth=\"3\" image_size=\"medium\" image_hover=\"grayscale\" srcset=\"https:\/\/www.montcalmhotel.com\/wp-content\/uploads\/2025\/10\/M19A7666-Modifier-300x200.jpg 300w, https:\/\/www.montcalmhotel.com\/wp-content\/uploads\/2025\/10\/M19A7666-Modifier-1024x683.jpg 1024w, https:\/\/www.montcalmhotel.com\/wp-content\/uploads\/2025\/10\/M19A7666-Modifier-768x512.jpg 768w, https:\/\/www.montcalmhotel.com\/wp-content\/uploads\/2025\/10\/M19A7666-Modifier-1536x1024.jpg 1536w, https:\/\/www.montcalmhotel.com\/wp-content\/uploads\/2025\/10\/M19A7666-Modifier.jpg 2016w\" sizes=\"(max-width: 300px) 100vw, 300px\" \/>                                                              <\/div>\n              <div class=\"box-text text-left\" >\n                 <p><\/p>\n              <\/div>\n            <\/div>\n            <\/a>          <\/div>\n         <\/div>\n                 <div class=\"gallery-col col\" >\n          <div class=\"col-inner\">\n            <a class=\"image-lightbox lightbox-gallery\" href=\"https:\/\/www.montcalmhotel.com\/wp-content\/uploads\/2025\/10\/M19A7437.jpg\" title=\"\">            <div class=\"box has-hover gallery-box box-none\">\n              <div class=\"box-image image-grayscale box-shadow-3\" >\n                <img decoding=\"async\" width=\"200\" height=\"300\" src=\"https:\/\/www.montcalmhotel.com\/wp-content\/uploads\/2025\/10\/M19A7437-200x300.jpg\" class=\"attachment-medium size-medium\" alt=\"\" ids=\"1277,1280,1274,1262,1271,1268\" style=\"none\" lightbox_image_size=\"original\" columns=\"2\" depth=\"3\" image_size=\"medium\" image_hover=\"grayscale\" srcset=\"https:\/\/www.montcalmhotel.com\/wp-content\/uploads\/2025\/10\/M19A7437-200x300.jpg 200w, https:\/\/www.montcalmhotel.com\/wp-content\/uploads\/2025\/10\/M19A7437-683x1024.jpg 683w, https:\/\/www.montcalmhotel.com\/wp-content\/uploads\/2025\/10\/M19A7437-768x1152.jpg 768w, https:\/\/www.montcalmhotel.com\/wp-content\/uploads\/2025\/10\/M19A7437-1024x1536.jpg 1024w, https:\/\/www.montcalmhotel.com\/wp-content\/uploads\/2025\/10\/M19A7437.jpg 1344w\" sizes=\"(max-width: 200px) 100vw, 200px\" \/>                                                              <\/div>\n              <div class=\"box-text text-left\" >\n                 <p><\/p>\n              <\/div>\n            <\/div>\n            <\/a>          <\/div>\n         <\/div>\n                 <div class=\"gallery-col col\" >\n          <div class=\"col-inner\">\n            <a class=\"image-lightbox lightbox-gallery\" href=\"https:\/\/www.montcalmhotel.com\/wp-content\/uploads\/2025\/10\/M19A7438.jpg\" title=\"\">            <div class=\"box has-hover gallery-box box-none\">\n              <div class=\"box-image image-grayscale box-shadow-3\" >\n                <img decoding=\"async\" width=\"200\" height=\"300\" src=\"https:\/\/www.montcalmhotel.com\/wp-content\/uploads\/2025\/10\/M19A7438-200x300.jpg\" class=\"attachment-medium size-medium\" alt=\"\" ids=\"1277,1280,1274,1262,1271,1268\" style=\"none\" lightbox_image_size=\"original\" columns=\"2\" depth=\"3\" image_size=\"medium\" image_hover=\"grayscale\" srcset=\"https:\/\/www.montcalmhotel.com\/wp-content\/uploads\/2025\/10\/M19A7438-200x300.jpg 200w, https:\/\/www.montcalmhotel.com\/wp-content\/uploads\/2025\/10\/M19A7438-683x1024.jpg 683w, https:\/\/www.montcalmhotel.com\/wp-content\/uploads\/2025\/10\/M19A7438-768x1152.jpg 768w, https:\/\/www.montcalmhotel.com\/wp-content\/uploads\/2025\/10\/M19A7438-1024x1536.jpg 1024w, https:\/\/www.montcalmhotel.com\/wp-content\/uploads\/2025\/10\/M19A7438.jpg 1344w\" sizes=\"(max-width: 200px) 100vw, 200px\" \/>                                                              <\/div>\n              <div class=\"box-text text-left\" >\n                 <p><\/p>\n              <\/div>\n            <\/div>\n            <\/a>          <\/div>\n         <\/div>\n         <\/div>\n\n\n\t\t<\/div>\n\t<\/div>\n\n\t\n\n\t<div class=\"col medium-5 small-12 large-5\"  data-animate=\"fadeInRight\">\n\t\t<div class=\"col-inner box-shadow-3 dark\" style=\"background-color:#1a5577;padding:10px 10px 10px 10px;border-radius:10px;\" >\n\t\t\t\n\t\t\t\n\n<h3 style=\"color: #ffffff!important;\">Facilities<\/h3>\n<ul>\n<li>13 &#8211; 14 m2<\/li>\n<li>Air conditioning<\/li>\n<li>Courtesy tray with Tea or coffee making facilities<\/li>\n<li>Room service<\/li>\n<li>Flat-screen television<\/li>\n<li>Satellite channels<\/li>\n<li>CANAL+<\/li>\n<li>Desk<\/li>\n<li>Direct dial telephone<\/li>\n<li>Shower or bath<\/li>\n<li>Hairdryer<\/li>\n<li>Laptop size safe<\/li>\n<li>Wake up service<\/li>\n<li>Free Wi-Fi<\/li>\n<li>Non smoking<\/li>\n<li>Free bottle of water in the room<\/li>\n<li>Laundry service<\/li>\n<\/ul>\n\n\t\t<\/div>\n\t<\/div>\n\n\t\n\n<\/div>\n\n\t\t<\/div>\n\n\t\t\n<style scope=\"scope\">\n\n#section_1483274739 {\n  padding-top: 0px;\n  padding-bottom: 0px;\n}\n<\/style>\n\t<\/section>\n\t\n\n","protected":false},"excerpt":{"rendered":"","protected":false},"author":1,"featured_media":0,"parent":0,"menu_order":0,"comment_status":"closed","ping_status":"closed","template":"page-transparent-header.php","meta":{"footnotes":""},"class_list":["post-1311","page","type-page","status-publish","hentry"],"yoast_head":"<!-- This site is optimized with the Yoast SEO plugin v24.9 - https:\/\/yoast.com\/wordpress\/plugins\/seo\/ -->\n<title>Classic room - Hotel Montcalm Paris 75015<\/title>\n<meta name=\"description\" content=\"We have rooms for 1 to 4 people, quiet and comfortable and fully equipped with all the amenities (wifi, air conditioning, LCD TV, telephone).\" \/>\n<meta name=\"robots\" content=\"index, follow, max-snippet:-1, max-image-preview:large, max-video-preview:-1\" \/>\n<link rel=\"canonical\" href=\"https:\/\/www.montcalmhotel.com\/en\/chambre-classique-twin\/\" \/>\n<meta property=\"og:locale\" content=\"en_US\" \/>\n<meta property=\"og:type\" content=\"article\" \/>\n<meta property=\"og:title\" content=\"Classic room - Hotel Montcalm Paris 75015\" \/>\n<meta property=\"og:description\" content=\"We have rooms for 1 to 4 people, quiet and comfortable and fully equipped with all the amenities (wifi, air conditioning, LCD TV, telephone).\" \/>\n<meta property=\"og:url\" content=\"https:\/\/www.montcalmhotel.com\/en\/chambre-classique-twin\/\" \/>\n<meta property=\"og:site_name\" content=\"H\u00f4tel Montcalm\" \/>\n<meta property=\"article:modified_time\" content=\"2025-11-02T18:40:39+00:00\" \/>\n<meta name=\"twitter:card\" content=\"summary_large_image\" \/>\n<meta name=\"twitter:label1\" content=\"Est. reading time\" \/>\n\t<meta name=\"twitter:data1\" content=\"2 minutes\" \/>\n<script type=\"application\/ld+json\" class=\"yoast-schema-graph\">{\"@context\":\"https:\/\/schema.org\",\"@graph\":[{\"@type\":\"WebPage\",\"@id\":\"https:\/\/www.montcalmhotel.com\/en\/chambre-classique-twin\/\",\"url\":\"https:\/\/www.montcalmhotel.com\/en\/chambre-classique-twin\/\",\"name\":\"Classic room - Hotel Montcalm Paris 75015\",\"isPartOf\":{\"@id\":\"https:\/\/www.montcalmhotel.com\/#website\"},\"datePublished\":\"2025-11-02T18:35:23+00:00\",\"dateModified\":\"2025-11-02T18:40:39+00:00\",\"description\":\"We have rooms for 1 to 4 people, quiet and comfortable and fully equipped with all the amenities (wifi, air conditioning, LCD TV, telephone).\",\"breadcrumb\":{\"@id\":\"https:\/\/www.montcalmhotel.com\/en\/chambre-classique-twin\/#breadcrumb\"},\"inLanguage\":\"en-US\",\"potentialAction\":[{\"@type\":\"ReadAction\",\"target\":[\"https:\/\/www.montcalmhotel.com\/en\/chambre-classique-twin\/\"]}]},{\"@type\":\"BreadcrumbList\",\"@id\":\"https:\/\/www.montcalmhotel.com\/en\/chambre-classique-twin\/#breadcrumb\",\"itemListElement\":[{\"@type\":\"ListItem\",\"position\":1,\"name\":\"Accueil\",\"item\":\"https:\/\/www.montcalmhotel.com\/en\/\"},{\"@type\":\"ListItem\",\"position\":2,\"name\":\"chambre classique Twin\"}]},{\"@type\":\"WebSite\",\"@id\":\"https:\/\/www.montcalmhotel.com\/#website\",\"url\":\"https:\/\/www.montcalmhotel.com\/\",\"name\":\"H\u00f4tel Montcalm\",\"description\":\"Convivialit\u00e9, calme et \u00e9l\u00e9gance dans le centre de Paris\",\"potentialAction\":[{\"@type\":\"SearchAction\",\"target\":{\"@type\":\"EntryPoint\",\"urlTemplate\":\"https:\/\/www.montcalmhotel.com\/?s={search_term_string}\"},\"query-input\":{\"@type\":\"PropertyValueSpecification\",\"valueRequired\":true,\"valueName\":\"search_term_string\"}}],\"inLanguage\":\"en-US\"}]}<\/script>\n<!-- \/ Yoast SEO plugin. -->","yoast_head_json":{"title":"Classic room - Hotel Montcalm Paris 75015","description":"We have rooms for 1 to 4 people, quiet and comfortable and fully equipped with all the amenities (wifi, air conditioning, LCD TV, telephone).","robots":{"index":"index","follow":"follow","max-snippet":"max-snippet:-1","max-image-preview":"max-image-preview:large","max-video-preview":"max-video-preview:-1"},"canonical":"https:\/\/www.montcalmhotel.com\/en\/chambre-classique-twin\/","og_locale":"en_US","og_type":"article","og_title":"Classic room - Hotel Montcalm Paris 75015","og_description":"We have rooms for 1 to 4 people, quiet and comfortable and fully equipped with all the amenities (wifi, air conditioning, LCD TV, telephone).","og_url":"https:\/\/www.montcalmhotel.com\/en\/chambre-classique-twin\/","og_site_name":"H\u00f4tel Montcalm","article_modified_time":"2025-11-02T18:40:39+00:00","twitter_card":"summary_large_image","twitter_misc":{"Est. reading time":"2 minutes"},"schema":{"@context":"https:\/\/schema.org","@graph":[{"@type":"WebPage","@id":"https:\/\/www.montcalmhotel.com\/en\/chambre-classique-twin\/","url":"https:\/\/www.montcalmhotel.com\/en\/chambre-classique-twin\/","name":"Classic room - Hotel Montcalm Paris 75015","isPartOf":{"@id":"https:\/\/www.montcalmhotel.com\/#website"},"datePublished":"2025-11-02T18:35:23+00:00","dateModified":"2025-11-02T18:40:39+00:00","description":"We have rooms for 1 to 4 people, quiet and comfortable and fully equipped with all the amenities (wifi, air conditioning, LCD TV, telephone).","breadcrumb":{"@id":"https:\/\/www.montcalmhotel.com\/en\/chambre-classique-twin\/#breadcrumb"},"inLanguage":"en-US","potentialAction":[{"@type":"ReadAction","target":["https:\/\/www.montcalmhotel.com\/en\/chambre-classique-twin\/"]}]},{"@type":"BreadcrumbList","@id":"https:\/\/www.montcalmhotel.com\/en\/chambre-classique-twin\/#breadcrumb","itemListElement":[{"@type":"ListItem","position":1,"name":"Accueil","item":"https:\/\/www.montcalmhotel.com\/en\/"},{"@type":"ListItem","position":2,"name":"chambre classique Twin"}]},{"@type":"WebSite","@id":"https:\/\/www.montcalmhotel.com\/#website","url":"https:\/\/www.montcalmhotel.com\/","name":"H\u00f4tel Montcalm","description":"Convivialit\u00e9, calme et \u00e9l\u00e9gance dans le centre de Paris","potentialAction":[{"@type":"SearchAction","target":{"@type":"EntryPoint","urlTemplate":"https:\/\/www.montcalmhotel.com\/?s={search_term_string}"},"query-input":{"@type":"PropertyValueSpecification","valueRequired":true,"valueName":"search_term_string"}}],"inLanguage":"en-US"}]}},"_links":{"self":[{"href":"https:\/\/www.montcalmhotel.com\/en\/wp-json\/wp\/v2\/pages\/1311","targetHints":{"allow":["GET"]}}],"collection":[{"href":"https:\/\/www.montcalmhotel.com\/en\/wp-json\/wp\/v2\/pages"}],"about":[{"href":"https:\/\/www.montcalmhotel.com\/en\/wp-json\/wp\/v2\/types\/page"}],"author":[{"embeddable":true,"href":"https:\/\/www.montcalmhotel.com\/en\/wp-json\/wp\/v2\/users\/1"}],"replies":[{"embeddable":true,"href":"https:\/\/www.montcalmhotel.com\/en\/wp-json\/wp\/v2\/comments?post=1311"}],"version-history":[{"count":4,"href":"https:\/\/www.montcalmhotel.com\/en\/wp-json\/wp\/v2\/pages\/1311\/revisions"}],"predecessor-version":[{"id":1318,"href":"https:\/\/www.montcalmhotel.com\/en\/wp-json\/wp\/v2\/pages\/1311\/revisions\/1318"}],"wp:attachment":[{"href":"https:\/\/www.montcalmhotel.com\/en\/wp-json\/wp\/v2\/media?parent=1311"}],"curies":[{"name":"wp","href":"https:\/\/api.w.org\/{rel}","templated":true}]}}